{"id":87827,"date":"2024-02-26T15:59:50","date_gmt":"2024-02-26T13:59:50","guid":{"rendered":"https:\/\/www.campingrodas.com\/?page_id=87827"},"modified":"2024-02-26T17:27:08","modified_gmt":"2024-02-26T15:27:08","slug":"aquatische-ruimtes","status":"publish","type":"page","link":"https:\/\/www.campingrodas.com\/nl\/aquatische-ruimtes\/","title":{"rendered":"Aquatische ruimtes"},"content":{"rendered":"<div class=\"wpb-content-wrapper\"><p>[vc_row row_height_percent=&#8221;0&#8243; override_padding=&#8221;yes&#8221; h_padding=&#8221;2&#8243; top_padding=&#8221;3&#8243; bottom_padding=&#8221;2&#8243; overlay_alpha=&#8221;50&#8243; gutter_size=&#8221;3&#8243; column_width_percent=&#8221;100&#8243; shift_y=&#8221;0&#8243; z_index=&#8221;0&#8243; uncode_shortcode_id=&#8221;114230&#8243;][vc_column width=&#8221;1\/2&#8243;][vc_single_image media=&#8221;87555&#8243; media_width_percent=&#8221;100&#8243; advanced=&#8221;yes&#8221; media_overlay_opacity=&#8221;30&#8243; media_padding=&#8221;2&#8243; uncode_shortcode_id=&#8221;330384&#8243;][\/vc_column][vc_column width=&#8221;1\/2&#8243;][vc_custom_heading text_size=&#8221;h5&#8243; uncode_shortcode_id=&#8221;644150&#8243; subheading=&#8221;Der Splash-Park-Bereich ist die ideale Option f\u00fcr die Kleinen der Familie.<br \/>\nDieser bezaubernde Raum besteht aus einem Wasserspielbereich, der auf einer flachen Oberfl\u00e4che angeordnet ist, was nicht nur Sicherheit, sondern auch ungest\u00f6rten Spa\u00df f\u00fcr Kinder garantiert.<\/p>\n<p>Mit seinem sorgf\u00e4ltig durchdachten Design bietet der Splash Park eine interaktive Freizeitumgebung, die Menschen jeden Alters, vom Kleinsten bis zum Erwachsenen, ein freudiges und anregendes Erlebnis bieten soll.<\/p>\n<p>In diesem Raum wird Spa\u00df zu einer Verbindung, die Jung und Alt verbindet und bleibende Erinnerungen und Momente gemeinsamer Freude schafft.&#8221; text_color_type=&#8221;uncode-palette&#8221; text_color_solid=&#8221;#ff0000&#8243;]SPLASH PARK[\/vc_custom_heading][\/vc_column][\/vc_row][vc_row row_height_percent=&#8221;0&#8243; back_color=&#8221;color-gris&#8221; overlay_alpha=&#8221;50&#8243; gutter_size=&#8221;3&#8243; column_width_percent=&#8221;100&#8243; shift_y=&#8221;0&#8243; z_index=&#8221;0&#8243; uncode_shortcode_id=&#8221;169864&#8243; back_color_type=&#8221;uncode-palette&#8221;][vc_column width=&#8221;1\/2&#8243;][vc_custom_heading text_size=&#8221;h5&#8243; uncode_shortcode_id=&#8221;101898&#8243; subheading=&#8221;Das Planschbecken ist die perfekte Option f\u00fcr die Kleinen der Familie.<br \/>\nMit einer maximalen Tiefe von 50 cm bietet es eine Umgebung, in der sich Kinder voll und ganz vergn\u00fcgen k\u00f6nnen.<\/p>\n<p>Der Bodenbelag des Pools ist rutschfest und wurde speziell entwickelt, um den Kleinen ein sicheres und unterhaltsames Erlebnis zu bieten und gleichzeitig den Eltern Sicherheit zu geben und unn\u00f6tige Sorgen zu vermeiden.<\/p>\n<p>Um noch mehr Spa\u00df zu machen, verf\u00fcgt der Pool au\u00dferdem \u00fcber Wasserd\u00fcsen, die dem Raum Spannung und Unterhaltung verleihen.<\/p>\n<p>Sie haben viel Spa\u00df beim Abk\u00fchlen und Planschen in unserem Pool!&#8221; text_color_type=&#8221;uncode-palette&#8221; text_color_solid=&#8221;#ff0000&#8243;]KINDERPOOL[\/vc_custom_heading][\/vc_column][vc_column width=&#8221;1\/2&#8243;][vc_single_image media=&#8221;87849&#8243; media_width_percent=&#8221;100&#8243; advanced=&#8221;yes&#8221; media_overlay_opacity=&#8221;30&#8243; media_padding=&#8221;2&#8243; uncode_shortcode_id=&#8221;103073&#8243;][\/vc_column][\/vc_row][vc_row row_height_percent=&#8221;0&#8243; overlay_alpha=&#8221;50&#8243; gutter_size=&#8221;3&#8243; column_width_percent=&#8221;100&#8243; shift_y=&#8221;0&#8243; z_index=&#8221;0&#8243; uncode_shortcode_id=&#8221;787297&#8243;][vc_column width=&#8221;1\/2&#8243;][vc_single_image media=&#8221;87856&#8243; media_width_percent=&#8221;100&#8243; advanced=&#8221;yes&#8221; media_overlay_opacity=&#8221;30&#8243; media_padding=&#8221;2&#8243; uncode_shortcode_id=&#8221;143423&#8243;][\/vc_column][vc_column width=&#8221;1\/2&#8243;][vc_custom_heading text_size=&#8221;h5&#8243; uncode_shortcode_id=&#8221;816117&#8243; subheading=&#8221;Der Pool f\u00fcr Erwachsene bietet ein fantastisches Erlebnis zum Entspannen und Genie\u00dfen der Sonne und des guten Wetters. Es verf\u00fcgt \u00fcber einen gro\u00dfen Solariumbereich mit bequemen Sonnenliegen.<\/p>\n<p>Dar\u00fcber hinaus ist der Pool mit Massaged\u00fcsen unterschiedlicher St\u00e4rke ausgestattet, die f\u00fcr zus\u00e4tzliches Vergn\u00fcgen und Wohlbefinden sorgen.<\/p>\n<p>Dieser Raum ist auch der perfekte Rahmen f\u00fcr angeleitete Aquagym-Aktivit\u00e4ten und bietet den Teilnehmern die M\u00f6glichkeit, auf unterhaltsame und gesunde Weise aktiv zu bleiben.&#8221; text_color_type=&#8221;uncode-palette&#8221; text_color_solid=&#8221;#ff0000&#8243;]Pool f\u00fcr Erwachsene[\/vc_custom_heading][\/vc_column][\/vc_row][vc_row][vc_column width=&#8221;1\/1&#8243;][\/vc_column][\/vc_row][vc_row][vc_column width=&#8221;1\/1&#8243;][uncode_block id=&#8221;83903&#8243;][\/vc_column][\/vc_row]<\/p>\n<\/div>","protected":false},"excerpt":{"rendered":"<p>[vc_row row_height_percent=&#8221;0&#8243; override_padding=&#8221;yes&#8221; h_padding=&#8221;2&#8243; top_padding=&#8221;3&#8243; bottom_padding=&#8221;2&#8243; overlay_alpha=&#8221;50&#8243; gutter_size=&#8221;3&#8243; column_width_percent=&#8221;100&#8243; shift_y=&#8221;0&#8243; z_index=&#8221;0&#8243; uncode_shortcode_id=&#8221;114230&#8243;][vc_column width=&#8221;1\/2&#8243;][vc_single_image media=&#8221;87555&#8243; media_width_percent=&#8221;100&#8243; advanced=&#8221;yes&#8221; media_overlay_opacity=&#8221;30&#8243; media_padding=&#8221;2&#8243; uncode_shortcode_id=&#8221;330384&#8243;][\/vc_column][vc_column width=&#8221;1\/2&#8243;][vc_custom_heading [&hellip;]<\/p>\n","protected":false},"author":2,"featured_media":87974,"parent":0,"menu_order":66,"comment_status":"closed","ping_status":"closed","template":"","meta":{"footnotes":""},"class_list":["post-87827","page","type-page","status-publish","has-post-thumbnail","hentry"],"yoast_head":"<!-- This site is optimized with the Yoast SEO plugin v25.2 - https:\/\/yoast.com\/wordpress\/plugins\/seo\/ -->\n<title>Aquatische ruimtes - Camping Rodas | Roses |\u00a0Costa brava<\/title>\n<meta name=\"robots\" content=\"index, follow, max-snippet:-1, max-image-preview:large, max-video-preview:-1\" \/>\n<link rel=\"canonical\" href=\"https:\/\/www.campingrodas.com\/nl\/aquatische-ruimtes\/\" \/>\n<meta property=\"og:locale\" content=\"nl_NL\" \/>\n<meta property=\"og:type\" content=\"article\" \/>\n<meta property=\"og:title\" content=\"Aquatische ruimtes - Camping Rodas | Roses |\u00a0Costa brava\" \/>\n<meta property=\"og:description\" content=\"[vc_row row_height_percent=&#8221;0&#8243; override_padding=&#8221;yes&#8221; h_padding=&#8221;2&#8243; top_padding=&#8221;3&#8243; bottom_padding=&#8221;2&#8243; overlay_alpha=&#8221;50&#8243; gutter_size=&#8221;3&#8243; column_width_percent=&#8221;100&#8243; shift_y=&#8221;0&#8243; z_index=&#8221;0&#8243; uncode_shortcode_id=&#8221;114230&#8243;][vc_column width=&#8221;1\/2&#8243;][vc_single_image media=&#8221;87555&#8243; media_width_percent=&#8221;100&#8243; advanced=&#8221;yes&#8221; media_overlay_opacity=&#8221;30&#8243; media_padding=&#8221;2&#8243; uncode_shortcode_id=&#8221;330384&#8243;][\/vc_column][vc_column width=&#8221;1\/2&#8243;][vc_custom_heading [&hellip;]\" \/>\n<meta property=\"og:url\" content=\"https:\/\/www.campingrodas.com\/nl\/aquatische-ruimtes\/\" \/>\n<meta property=\"og:site_name\" content=\"Camping Rodas | Roses |\u00a0Costa brava\" \/>\n<meta property=\"article:publisher\" content=\"https:\/\/www.facebook.com\/campingrodas\" \/>\n<meta property=\"article:modified_time\" content=\"2024-02-26T15:27:08+00:00\" \/>\n<meta property=\"og:image\" content=\"https:\/\/www.campingrodas.com\/wp-content\/uploads\/2024\/02\/istockphoto-513224552-1024x1024-1.jpg\" \/>\n\t<meta property=\"og:image:width\" content=\"1024\" \/>\n\t<meta property=\"og:image:height\" content=\"408\" \/>\n\t<meta property=\"og:image:type\" content=\"image\/jpeg\" \/>\n<meta name=\"twitter:card\" content=\"summary_large_image\" \/>\n<meta name=\"twitter:site\" content=\"@campingrodas\" \/>\n<meta name=\"twitter:label1\" content=\"Geschatte leestijd\" \/>\n\t<meta name=\"twitter:data1\" content=\"6 minuten\" \/>\n<script type=\"application\/ld+json\" class=\"yoast-schema-graph\">{\"@context\":\"https:\/\/schema.org\",\"@graph\":[{\"@type\":\"WebPage\",\"@id\":\"https:\/\/www.campingrodas.com\/nl\/aquatische-ruimtes\/\",\"url\":\"https:\/\/www.campingrodas.com\/nl\/aquatische-ruimtes\/\",\"name\":\"Aquatische ruimtes - Camping Rodas | Roses |\u00a0Costa brava\",\"isPartOf\":{\"@id\":\"https:\/\/www.campingrodas.com\/nl\/#website\"},\"primaryImageOfPage\":{\"@id\":\"https:\/\/www.campingrodas.com\/nl\/aquatische-ruimtes\/#primaryimage\"},\"image\":{\"@id\":\"https:\/\/www.campingrodas.com\/nl\/aquatische-ruimtes\/#primaryimage\"},\"thumbnailUrl\":\"https:\/\/www.campingrodas.com\/wp-content\/uploads\/2024\/02\/istockphoto-513224552-1024x1024-1.jpg\",\"datePublished\":\"2024-02-26T13:59:50+00:00\",\"dateModified\":\"2024-02-26T15:27:08+00:00\",\"breadcrumb\":{\"@id\":\"https:\/\/www.campingrodas.com\/nl\/aquatische-ruimtes\/#breadcrumb\"},\"inLanguage\":\"nl-NL\",\"potentialAction\":[{\"@type\":\"ReadAction\",\"target\":[\"https:\/\/www.campingrodas.com\/nl\/aquatische-ruimtes\/\"]}]},{\"@type\":\"ImageObject\",\"inLanguage\":\"nl-NL\",\"@id\":\"https:\/\/www.campingrodas.com\/nl\/aquatische-ruimtes\/#primaryimage\",\"url\":\"https:\/\/www.campingrodas.com\/wp-content\/uploads\/2024\/02\/istockphoto-513224552-1024x1024-1.jpg\",\"contentUrl\":\"https:\/\/www.campingrodas.com\/wp-content\/uploads\/2024\/02\/istockphoto-513224552-1024x1024-1.jpg\",\"width\":1024,\"height\":408,\"caption\":\"Beautiful water surface in swimming pool with sun reflection\"},{\"@type\":\"BreadcrumbList\",\"@id\":\"https:\/\/www.campingrodas.com\/nl\/aquatische-ruimtes\/#breadcrumb\",\"itemListElement\":[{\"@type\":\"ListItem\",\"position\":1,\"name\":\"Inici\",\"item\":\"https:\/\/www.campingrodas.com\/nl\/\"},{\"@type\":\"ListItem\",\"position\":2,\"name\":\"Aquatische ruimtes\"}]},{\"@type\":\"WebSite\",\"@id\":\"https:\/\/www.campingrodas.com\/nl\/#website\",\"url\":\"https:\/\/www.campingrodas.com\/nl\/\",\"name\":\"Camping Rodas | Roses |\u00a0Costa brava\",\"description\":\"Camping familiar ubicado en el la entrada del pueblo de Roses, muy cerca de la playa de Santa Margarita\",\"publisher\":{\"@id\":\"https:\/\/www.campingrodas.com\/nl\/#organization\"},\"potentialAction\":[{\"@type\":\"SearchAction\",\"target\":{\"@type\":\"EntryPoint\",\"urlTemplate\":\"https:\/\/www.campingrodas.com\/nl\/?s={search_term_string}\"},\"query-input\":{\"@type\":\"PropertyValueSpecification\",\"valueRequired\":true,\"valueName\":\"search_term_string\"}}],\"inLanguage\":\"nl-NL\"},{\"@type\":\"Organization\",\"@id\":\"https:\/\/www.campingrodas.com\/nl\/#organization\",\"name\":\"Camping Rodas\",\"url\":\"https:\/\/www.campingrodas.com\/nl\/\",\"logo\":{\"@type\":\"ImageObject\",\"inLanguage\":\"nl-NL\",\"@id\":\"https:\/\/www.campingrodas.com\/nl\/#\/schema\/logo\/image\/\",\"url\":\"https:\/\/www.campingrodas.com\/wp-content\/uploads\/2022\/04\/camping-rodas_logo_positiu.png\",\"contentUrl\":\"https:\/\/www.campingrodas.com\/wp-content\/uploads\/2022\/04\/camping-rodas_logo_positiu.png\",\"width\":229,\"height\":53,\"caption\":\"Camping Rodas\"},\"image\":{\"@id\":\"https:\/\/www.campingrodas.com\/nl\/#\/schema\/logo\/image\/\"},\"sameAs\":[\"https:\/\/www.facebook.com\/campingrodas\",\"https:\/\/x.com\/campingrodas\",\"https:\/\/www.instagram.com\/campingrodas\/\"]}]}<\/script>\n<!-- \/ Yoast SEO plugin. -->","yoast_head_json":{"title":"Aquatische ruimtes - Camping Rodas | Roses |\u00a0Costa brava","robots":{"index":"index","follow":"follow","max-snippet":"max-snippet:-1","max-image-preview":"max-image-preview:large","max-video-preview":"max-video-preview:-1"},"canonical":"https:\/\/www.campingrodas.com\/nl\/aquatische-ruimtes\/","og_locale":"nl_NL","og_type":"article","og_title":"Aquatische ruimtes - Camping Rodas | Roses |\u00a0Costa brava","og_description":"[vc_row row_height_percent=&#8221;0&#8243; override_padding=&#8221;yes&#8221; h_padding=&#8221;2&#8243; top_padding=&#8221;3&#8243; bottom_padding=&#8221;2&#8243; overlay_alpha=&#8221;50&#8243; gutter_size=&#8221;3&#8243; column_width_percent=&#8221;100&#8243; shift_y=&#8221;0&#8243; z_index=&#8221;0&#8243; uncode_shortcode_id=&#8221;114230&#8243;][vc_column width=&#8221;1\/2&#8243;][vc_single_image media=&#8221;87555&#8243; media_width_percent=&#8221;100&#8243; advanced=&#8221;yes&#8221; media_overlay_opacity=&#8221;30&#8243; media_padding=&#8221;2&#8243; uncode_shortcode_id=&#8221;330384&#8243;][\/vc_column][vc_column width=&#8221;1\/2&#8243;][vc_custom_heading [&hellip;]","og_url":"https:\/\/www.campingrodas.com\/nl\/aquatische-ruimtes\/","og_site_name":"Camping Rodas | Roses |\u00a0Costa brava","article_publisher":"https:\/\/www.facebook.com\/campingrodas","article_modified_time":"2024-02-26T15:27:08+00:00","og_image":[{"width":1024,"height":408,"url":"https:\/\/www.campingrodas.com\/wp-content\/uploads\/2024\/02\/istockphoto-513224552-1024x1024-1.jpg","type":"image\/jpeg"}],"twitter_card":"summary_large_image","twitter_site":"@campingrodas","twitter_misc":{"Geschatte leestijd":"6 minuten"},"schema":{"@context":"https:\/\/schema.org","@graph":[{"@type":"WebPage","@id":"https:\/\/www.campingrodas.com\/nl\/aquatische-ruimtes\/","url":"https:\/\/www.campingrodas.com\/nl\/aquatische-ruimtes\/","name":"Aquatische ruimtes - Camping Rodas | Roses |\u00a0Costa brava","isPartOf":{"@id":"https:\/\/www.campingrodas.com\/nl\/#website"},"primaryImageOfPage":{"@id":"https:\/\/www.campingrodas.com\/nl\/aquatische-ruimtes\/#primaryimage"},"image":{"@id":"https:\/\/www.campingrodas.com\/nl\/aquatische-ruimtes\/#primaryimage"},"thumbnailUrl":"https:\/\/www.campingrodas.com\/wp-content\/uploads\/2024\/02\/istockphoto-513224552-1024x1024-1.jpg","datePublished":"2024-02-26T13:59:50+00:00","dateModified":"2024-02-26T15:27:08+00:00","breadcrumb":{"@id":"https:\/\/www.campingrodas.com\/nl\/aquatische-ruimtes\/#breadcrumb"},"inLanguage":"nl-NL","potentialAction":[{"@type":"ReadAction","target":["https:\/\/www.campingrodas.com\/nl\/aquatische-ruimtes\/"]}]},{"@type":"ImageObject","inLanguage":"nl-NL","@id":"https:\/\/www.campingrodas.com\/nl\/aquatische-ruimtes\/#primaryimage","url":"https:\/\/www.campingrodas.com\/wp-content\/uploads\/2024\/02\/istockphoto-513224552-1024x1024-1.jpg","contentUrl":"https:\/\/www.campingrodas.com\/wp-content\/uploads\/2024\/02\/istockphoto-513224552-1024x1024-1.jpg","width":1024,"height":408,"caption":"Beautiful water surface in swimming pool with sun reflection"},{"@type":"BreadcrumbList","@id":"https:\/\/www.campingrodas.com\/nl\/aquatische-ruimtes\/#breadcrumb","itemListElement":[{"@type":"ListItem","position":1,"name":"Inici","item":"https:\/\/www.campingrodas.com\/nl\/"},{"@type":"ListItem","position":2,"name":"Aquatische ruimtes"}]},{"@type":"WebSite","@id":"https:\/\/www.campingrodas.com\/nl\/#website","url":"https:\/\/www.campingrodas.com\/nl\/","name":"Camping Rodas | Roses |\u00a0Costa brava","description":"Camping familiar ubicado en el la entrada del pueblo de Roses, muy cerca de la playa de Santa Margarita","publisher":{"@id":"https:\/\/www.campingrodas.com\/nl\/#organization"},"potentialAction":[{"@type":"SearchAction","target":{"@type":"EntryPoint","urlTemplate":"https:\/\/www.campingrodas.com\/nl\/?s={search_term_string}"},"query-input":{"@type":"PropertyValueSpecification","valueRequired":true,"valueName":"search_term_string"}}],"inLanguage":"nl-NL"},{"@type":"Organization","@id":"https:\/\/www.campingrodas.com\/nl\/#organization","name":"Camping Rodas","url":"https:\/\/www.campingrodas.com\/nl\/","logo":{"@type":"ImageObject","inLanguage":"nl-NL","@id":"https:\/\/www.campingrodas.com\/nl\/#\/schema\/logo\/image\/","url":"https:\/\/www.campingrodas.com\/wp-content\/uploads\/2022\/04\/camping-rodas_logo_positiu.png","contentUrl":"https:\/\/www.campingrodas.com\/wp-content\/uploads\/2022\/04\/camping-rodas_logo_positiu.png","width":229,"height":53,"caption":"Camping Rodas"},"image":{"@id":"https:\/\/www.campingrodas.com\/nl\/#\/schema\/logo\/image\/"},"sameAs":["https:\/\/www.facebook.com\/campingrodas","https:\/\/x.com\/campingrodas","https:\/\/www.instagram.com\/campingrodas\/"]}]}},"_links":{"self":[{"href":"https:\/\/www.campingrodas.com\/nl\/wp-json\/wp\/v2\/pages\/87827","targetHints":{"allow":["GET"]}}],"collection":[{"href":"https:\/\/www.campingrodas.com\/nl\/wp-json\/wp\/v2\/pages"}],"about":[{"href":"https:\/\/www.campingrodas.com\/nl\/wp-json\/wp\/v2\/types\/page"}],"author":[{"embeddable":true,"href":"https:\/\/www.campingrodas.com\/nl\/wp-json\/wp\/v2\/users\/2"}],"replies":[{"embeddable":true,"href":"https:\/\/www.campingrodas.com\/nl\/wp-json\/wp\/v2\/comments?post=87827"}],"version-history":[{"count":3,"href":"https:\/\/www.campingrodas.com\/nl\/wp-json\/wp\/v2\/pages\/87827\/revisions"}],"predecessor-version":[{"id":87906,"href":"https:\/\/www.campingrodas.com\/nl\/wp-json\/wp\/v2\/pages\/87827\/revisions\/87906"}],"wp:featuredmedia":[{"embeddable":true,"href":"https:\/\/www.campingrodas.com\/nl\/wp-json\/wp\/v2\/media\/87974"}],"wp:attachment":[{"href":"https:\/\/www.campingrodas.com\/nl\/wp-json\/wp\/v2\/media?parent=87827"}],"curies":[{"name":"wp","href":"https:\/\/api.w.org\/{rel}","templated":true}]}}