{"id":87826,"date":"2024-02-26T15:47:19","date_gmt":"2024-02-26T13:47:19","guid":{"rendered":"https:\/\/www.campingrodas.com\/?page_id=87826"},"modified":"2024-02-26T17:26:49","modified_gmt":"2024-02-26T15:26:49","slug":"espaces-aquatiques","status":"publish","type":"page","link":"https:\/\/www.campingrodas.com\/fr\/espaces-aquatiques\/","title":{"rendered":"Espaces aquatiques"},"content":{"rendered":"<div class=\"wpb-content-wrapper\"><p>[vc_row row_height_percent=\u00a0\u00bb0&Prime; override_padding=\u00a0\u00bbyes\u00a0\u00bb h_padding=\u00a0\u00bb2&Prime; top_padding=\u00a0\u00bb3&Prime; bottom_padding=\u00a0\u00bb2&Prime; overlay_alpha=\u00a0\u00bb50&Prime; gutter_size=\u00a0\u00bb3&Prime; column_width_percent=\u00a0\u00bb100&Prime; shift_y=\u00a0\u00bb0&Prime; z_index=\u00a0\u00bb0&Prime; uncode_shortcode_id=\u00a0\u00bb114230&Prime;][vc_column width=\u00a0\u00bb1\/2&Prime;][vc_single_image media=\u00a0\u00bb87557&Prime; media_width_percent=\u00a0\u00bb100&Prime; advanced=\u00a0\u00bbyes\u00a0\u00bb media_overlay_opacity=\u00a0\u00bb30&Prime; media_padding=\u00a0\u00bb2&Prime; uncode_shortcode_id=\u00a0\u00bb655895&Prime;][\/vc_column][vc_column width=\u00a0\u00bb1\/2&Prime;][vc_custom_heading text_size=\u00a0\u00bbh5&Prime; uncode_shortcode_id=\u00a0\u00bb915821&Prime; subheading=\u00a0\u00bbL&rsquo;espace Splash Park est l&rsquo;option id\u00e9ale pour les plus petits de la famille.<br \/>\nCe charmant espace se compose d&rsquo;une aire de jeux aquatiques dispos\u00e9e sur une surface peu profonde, qui garantit non seulement la s\u00e9curit\u00e9 mais aussi un plaisir ininterrompu pour les enfants.<\/p>\n<p>Avec sa conception soigneusement con\u00e7ue, le parc aquatique offre un environnement de loisirs interactif qui cherche \u00e0 offrir une exp\u00e9rience joyeuse et stimulante aux personnes de tous \u00e2ges, des plus petits aux adultes.<\/p>\n<p>Dans cet espace, le plaisir devient un lien qui unit petits et grands, cr\u00e9ant des souvenirs imp\u00e9rissables et des moments de joie partag\u00e9e.\u00a0\u00bb text_color_type=\u00a0\u00bbuncode-palette\u00a0\u00bb text_color_solid=\u00a0\u00bb#ff0000&Prime;]SPLASH PARK[\/vc_custom_heading][\/vc_column][\/vc_row][vc_row row_height_percent=\u00a0\u00bb0&Prime; back_color=\u00a0\u00bbcolor-gris\u00a0\u00bb overlay_alpha=\u00a0\u00bb50&Prime; gutter_size=\u00a0\u00bb3&Prime; column_width_percent=\u00a0\u00bb100&Prime; shift_y=\u00a0\u00bb0&Prime; z_index=\u00a0\u00bb0&Prime; uncode_shortcode_id=\u00a0\u00bb169864&Prime; back_color_type=\u00a0\u00bbuncode-palette\u00a0\u00bb][vc_column width=\u00a0\u00bb1\/2&Prime;][vc_custom_heading text_size=\u00a0\u00bbh5&Prime; uncode_shortcode_id=\u00a0\u00bb922867&Prime; subheading=\u00a0\u00bbLa pataugeoire est l&rsquo;option parfaite pour les plus petits de la famille.<br \/>\nAvec une profondeur maximale de 50 cm, il offre un environnement dont les enfants peuvent profiter pleinement.<\/p>\n<p>Le rev\u00eatement de sol de la piscine est antid\u00e9rapant, sp\u00e9cialement con\u00e7u pour offrir une exp\u00e9rience s\u00fbre et amusante aux plus petits, tout en offrant une tranquillit\u00e9 d&rsquo;esprit aux parents, en \u00e9vitant des soucis inutiles.<\/p>\n<p>De plus, pour ajouter une touche de plaisir suppl\u00e9mentaire, la piscine est \u00e9quip\u00e9e de jets d&rsquo;eau qui ajoutent de l&rsquo;excitation et du divertissement \u00e0 l&rsquo;espace.<\/p>\n<p>Ils passent un bon moment \u00e0 se rafra\u00eechir et \u00e0 barboter dans notre piscine\u00a0!\u00a0\u00bb text_color_type=\u00a0\u00bbuncode-palette\u00a0\u00bb text_color_solid=\u00a0\u00bb#ff0000&Prime;]PISCINE POUR ENFANTS[\/vc_custom_heading][\/vc_column][vc_column width=\u00a0\u00bb1\/2&Prime;][vc_single_image media=\u00a0\u00bb87851&Prime; media_width_percent=\u00a0\u00bb100&Prime; advanced=\u00a0\u00bbyes\u00a0\u00bb media_overlay_opacity=\u00a0\u00bb30&Prime; media_padding=\u00a0\u00bb2&Prime; uncode_shortcode_id=\u00a0\u00bb707096&Prime;][\/vc_column][\/vc_row][vc_row row_height_percent=\u00a0\u00bb0&Prime; overlay_alpha=\u00a0\u00bb50&Prime; gutter_size=\u00a0\u00bb3&Prime; column_width_percent=\u00a0\u00bb100&Prime; shift_y=\u00a0\u00bb0&Prime; z_index=\u00a0\u00bb0&Prime; uncode_shortcode_id=\u00a0\u00bb787297&Prime;][vc_column width=\u00a0\u00bb1\/2&Prime;][vc_single_image media=\u00a0\u00bb87858&Prime; media_width_percent=\u00a0\u00bb100&Prime; advanced=\u00a0\u00bbyes\u00a0\u00bb media_overlay_opacity=\u00a0\u00bb30&Prime; media_padding=\u00a0\u00bb2&Prime; uncode_shortcode_id=\u00a0\u00bb565261&Prime;][\/vc_column][vc_column width=\u00a0\u00bb1\/2&Prime;][vc_custom_heading text_size=\u00a0\u00bbh5&Prime; uncode_shortcode_id=\u00a0\u00bb674808&Prime; subheading=\u00a0\u00bbLa piscine pour adultes offre une exp\u00e9rience fantastique pour se d\u00e9tendre et profiter du soleil et du beau temps. Il dispose d&rsquo;un grand solarium \u00e9quip\u00e9 de confortables chaises longues.<\/p>\n<p>De plus, la piscine est \u00e9quip\u00e9e de jets massants de diff\u00e9rentes puissances, ajoutant une touche suppl\u00e9mentaire de plaisir et de bien-\u00eatre.<\/p>\n<p>Cet espace est \u00e9galement le cadre id\u00e9al pour des activit\u00e9s guid\u00e9es d&rsquo;Aquagym, offrant aux participants la possibilit\u00e9 de rester actifs de mani\u00e8re amusante et saine.\u00a0\u00bb text_color_type=\u00a0\u00bbuncode-palette\u00a0\u00bb text_color_solid=\u00a0\u00bb#ff0000&Prime;]PISCINE POUR ADULTES[\/vc_custom_heading][\/vc_column][\/vc_row][vc_row][vc_column width=\u00a0\u00bb1\/1&Prime;][\/vc_column][\/vc_row][vc_row][vc_column width=\u00a0\u00bb1\/1&Prime;][uncode_block id=\u00a0\u00bb83903&Prime;][\/vc_column][\/vc_row]<\/p>\n<\/div>","protected":false},"excerpt":{"rendered":"<p>[vc_row row_height_percent=\u00a0\u00bb0&Prime; override_padding=\u00a0\u00bbyes\u00a0\u00bb h_padding=\u00a0\u00bb2&Prime; top_padding=\u00a0\u00bb3&Prime; bottom_padding=\u00a0\u00bb2&Prime; overlay_alpha=\u00a0\u00bb50&Prime; gutter_size=\u00a0\u00bb3&Prime; column_width_percent=\u00a0\u00bb100&Prime; shift_y=\u00a0\u00bb0&Prime; z_index=\u00a0\u00bb0&Prime; uncode_shortcode_id=\u00a0\u00bb114230&Prime;][vc_column width=\u00a0\u00bb1\/2&Prime;][vc_single_image media=\u00a0\u00bb87557&Prime; media_width_percent=\u00a0\u00bb100&Prime; advanced=\u00a0\u00bbyes\u00a0\u00bb media_overlay_opacity=\u00a0\u00bb30&Prime; media_padding=\u00a0\u00bb2&Prime; uncode_shortcode_id=\u00a0\u00bb655895&Prime;][\/vc_column][vc_column width=\u00a0\u00bb1\/2&Prime;][vc_custom_heading [&hellip;]<\/p>\n","protected":false},"author":2,"featured_media":87976,"parent":0,"menu_order":63,"comment_status":"closed","ping_status":"closed","template":"","meta":{"footnotes":""},"class_list":["post-87826","page","type-page","status-publish","has-post-thumbnail","hentry"],"yoast_head":"<!-- This site is optimized with the Yoast SEO plugin v25.2 - https:\/\/yoast.com\/wordpress\/plugins\/seo\/ -->\n<title>Espaces aquatiques - Camping Rodas | Roses |\u00a0Costa brava<\/title>\n<meta name=\"robots\" content=\"index, follow, max-snippet:-1, max-image-preview:large, max-video-preview:-1\" \/>\n<link rel=\"canonical\" href=\"https:\/\/www.campingrodas.com\/fr\/espaces-aquatiques\/\" \/>\n<meta property=\"og:locale\" content=\"fr_FR\" \/>\n<meta property=\"og:type\" content=\"article\" \/>\n<meta property=\"og:title\" content=\"Espaces aquatiques - Camping Rodas | Roses |\u00a0Costa brava\" \/>\n<meta property=\"og:description\" content=\"[vc_row row_height_percent=\u00a0\u00bb0&Prime; override_padding=\u00a0\u00bbyes\u00a0\u00bb h_padding=\u00a0\u00bb2&Prime; top_padding=\u00a0\u00bb3&Prime; bottom_padding=\u00a0\u00bb2&Prime; overlay_alpha=\u00a0\u00bb50&Prime; gutter_size=\u00a0\u00bb3&Prime; column_width_percent=\u00a0\u00bb100&Prime; shift_y=\u00a0\u00bb0&Prime; z_index=\u00a0\u00bb0&Prime; uncode_shortcode_id=\u00a0\u00bb114230&Prime;][vc_column width=\u00a0\u00bb1\/2&Prime;][vc_single_image media=\u00a0\u00bb87557&Prime; media_width_percent=\u00a0\u00bb100&Prime; advanced=\u00a0\u00bbyes\u00a0\u00bb media_overlay_opacity=\u00a0\u00bb30&Prime; media_padding=\u00a0\u00bb2&Prime; uncode_shortcode_id=\u00a0\u00bb655895&Prime;][\/vc_column][vc_column width=\u00a0\u00bb1\/2&Prime;][vc_custom_heading [&hellip;]\" \/>\n<meta property=\"og:url\" content=\"https:\/\/www.campingrodas.com\/fr\/espaces-aquatiques\/\" \/>\n<meta property=\"og:site_name\" content=\"Camping Rodas | Roses |\u00a0Costa brava\" \/>\n<meta property=\"article:publisher\" content=\"https:\/\/www.facebook.com\/campingrodas\" \/>\n<meta property=\"article:modified_time\" content=\"2024-02-26T15:26:49+00:00\" \/>\n<meta property=\"og:image\" content=\"https:\/\/www.campingrodas.com\/wp-content\/uploads\/2024\/02\/istockphoto-513224552-1024x1024-1.jpg\" \/>\n\t<meta property=\"og:image:width\" content=\"1024\" \/>\n\t<meta property=\"og:image:height\" content=\"408\" \/>\n\t<meta property=\"og:image:type\" content=\"image\/jpeg\" \/>\n<meta name=\"twitter:card\" content=\"summary_large_image\" \/>\n<meta name=\"twitter:site\" content=\"@campingrodas\" \/>\n<meta name=\"twitter:label1\" content=\"Dur\u00e9e de lecture estim\u00e9e\" \/>\n\t<meta name=\"twitter:data1\" content=\"6 minutes\" \/>\n<script type=\"application\/ld+json\" class=\"yoast-schema-graph\">{\"@context\":\"https:\/\/schema.org\",\"@graph\":[{\"@type\":\"WebPage\",\"@id\":\"https:\/\/www.campingrodas.com\/fr\/espaces-aquatiques\/\",\"url\":\"https:\/\/www.campingrodas.com\/fr\/espaces-aquatiques\/\",\"name\":\"Espaces aquatiques - Camping Rodas | Roses |\u00a0Costa brava\",\"isPartOf\":{\"@id\":\"https:\/\/www.campingrodas.com\/fr\/#website\"},\"primaryImageOfPage\":{\"@id\":\"https:\/\/www.campingrodas.com\/fr\/espaces-aquatiques\/#primaryimage\"},\"image\":{\"@id\":\"https:\/\/www.campingrodas.com\/fr\/espaces-aquatiques\/#primaryimage\"},\"thumbnailUrl\":\"https:\/\/www.campingrodas.com\/wp-content\/uploads\/2024\/02\/istockphoto-513224552-1024x1024-1.jpg\",\"datePublished\":\"2024-02-26T13:47:19+00:00\",\"dateModified\":\"2024-02-26T15:26:49+00:00\",\"breadcrumb\":{\"@id\":\"https:\/\/www.campingrodas.com\/fr\/espaces-aquatiques\/#breadcrumb\"},\"inLanguage\":\"fr-FR\",\"potentialAction\":[{\"@type\":\"ReadAction\",\"target\":[\"https:\/\/www.campingrodas.com\/fr\/espaces-aquatiques\/\"]}]},{\"@type\":\"ImageObject\",\"inLanguage\":\"fr-FR\",\"@id\":\"https:\/\/www.campingrodas.com\/fr\/espaces-aquatiques\/#primaryimage\",\"url\":\"https:\/\/www.campingrodas.com\/wp-content\/uploads\/2024\/02\/istockphoto-513224552-1024x1024-1.jpg\",\"contentUrl\":\"https:\/\/www.campingrodas.com\/wp-content\/uploads\/2024\/02\/istockphoto-513224552-1024x1024-1.jpg\",\"width\":1024,\"height\":408,\"caption\":\"Beautiful water surface in swimming pool with sun reflection\"},{\"@type\":\"BreadcrumbList\",\"@id\":\"https:\/\/www.campingrodas.com\/fr\/espaces-aquatiques\/#breadcrumb\",\"itemListElement\":[{\"@type\":\"ListItem\",\"position\":1,\"name\":\"Inici\",\"item\":\"https:\/\/www.campingrodas.com\/fr\/\"},{\"@type\":\"ListItem\",\"position\":2,\"name\":\"Espaces aquatiques\"}]},{\"@type\":\"WebSite\",\"@id\":\"https:\/\/www.campingrodas.com\/fr\/#website\",\"url\":\"https:\/\/www.campingrodas.com\/fr\/\",\"name\":\"Camping Rodas | Roses |\u00a0Costa brava\",\"description\":\"Camping familiar ubicado en el la entrada del pueblo de Roses, muy cerca de la playa de Santa Margarita\",\"publisher\":{\"@id\":\"https:\/\/www.campingrodas.com\/fr\/#organization\"},\"potentialAction\":[{\"@type\":\"SearchAction\",\"target\":{\"@type\":\"EntryPoint\",\"urlTemplate\":\"https:\/\/www.campingrodas.com\/fr\/?s={search_term_string}\"},\"query-input\":{\"@type\":\"PropertyValueSpecification\",\"valueRequired\":true,\"valueName\":\"search_term_string\"}}],\"inLanguage\":\"fr-FR\"},{\"@type\":\"Organization\",\"@id\":\"https:\/\/www.campingrodas.com\/fr\/#organization\",\"name\":\"Camping Rodas\",\"url\":\"https:\/\/www.campingrodas.com\/fr\/\",\"logo\":{\"@type\":\"ImageObject\",\"inLanguage\":\"fr-FR\",\"@id\":\"https:\/\/www.campingrodas.com\/fr\/#\/schema\/logo\/image\/\",\"url\":\"https:\/\/www.campingrodas.com\/wp-content\/uploads\/2022\/04\/camping-rodas_logo_positiu.png\",\"contentUrl\":\"https:\/\/www.campingrodas.com\/wp-content\/uploads\/2022\/04\/camping-rodas_logo_positiu.png\",\"width\":229,\"height\":53,\"caption\":\"Camping Rodas\"},\"image\":{\"@id\":\"https:\/\/www.campingrodas.com\/fr\/#\/schema\/logo\/image\/\"},\"sameAs\":[\"https:\/\/www.facebook.com\/campingrodas\",\"https:\/\/x.com\/campingrodas\",\"https:\/\/www.instagram.com\/campingrodas\/\"]}]}<\/script>\n<!-- \/ Yoast SEO plugin. -->","yoast_head_json":{"title":"Espaces aquatiques - Camping Rodas | Roses |\u00a0Costa brava","robots":{"index":"index","follow":"follow","max-snippet":"max-snippet:-1","max-image-preview":"max-image-preview:large","max-video-preview":"max-video-preview:-1"},"canonical":"https:\/\/www.campingrodas.com\/fr\/espaces-aquatiques\/","og_locale":"fr_FR","og_type":"article","og_title":"Espaces aquatiques - Camping Rodas | Roses |\u00a0Costa brava","og_description":"[vc_row row_height_percent=\u00a0\u00bb0&Prime; override_padding=\u00a0\u00bbyes\u00a0\u00bb h_padding=\u00a0\u00bb2&Prime; top_padding=\u00a0\u00bb3&Prime; bottom_padding=\u00a0\u00bb2&Prime; overlay_alpha=\u00a0\u00bb50&Prime; gutter_size=\u00a0\u00bb3&Prime; column_width_percent=\u00a0\u00bb100&Prime; shift_y=\u00a0\u00bb0&Prime; z_index=\u00a0\u00bb0&Prime; uncode_shortcode_id=\u00a0\u00bb114230&Prime;][vc_column width=\u00a0\u00bb1\/2&Prime;][vc_single_image media=\u00a0\u00bb87557&Prime; media_width_percent=\u00a0\u00bb100&Prime; advanced=\u00a0\u00bbyes\u00a0\u00bb media_overlay_opacity=\u00a0\u00bb30&Prime; media_padding=\u00a0\u00bb2&Prime; uncode_shortcode_id=\u00a0\u00bb655895&Prime;][\/vc_column][vc_column width=\u00a0\u00bb1\/2&Prime;][vc_custom_heading [&hellip;]","og_url":"https:\/\/www.campingrodas.com\/fr\/espaces-aquatiques\/","og_site_name":"Camping Rodas | Roses |\u00a0Costa brava","article_publisher":"https:\/\/www.facebook.com\/campingrodas","article_modified_time":"2024-02-26T15:26:49+00:00","og_image":[{"width":1024,"height":408,"url":"https:\/\/www.campingrodas.com\/wp-content\/uploads\/2024\/02\/istockphoto-513224552-1024x1024-1.jpg","type":"image\/jpeg"}],"twitter_card":"summary_large_image","twitter_site":"@campingrodas","twitter_misc":{"Dur\u00e9e de lecture estim\u00e9e":"6 minutes"},"schema":{"@context":"https:\/\/schema.org","@graph":[{"@type":"WebPage","@id":"https:\/\/www.campingrodas.com\/fr\/espaces-aquatiques\/","url":"https:\/\/www.campingrodas.com\/fr\/espaces-aquatiques\/","name":"Espaces aquatiques - Camping Rodas | Roses |\u00a0Costa brava","isPartOf":{"@id":"https:\/\/www.campingrodas.com\/fr\/#website"},"primaryImageOfPage":{"@id":"https:\/\/www.campingrodas.com\/fr\/espaces-aquatiques\/#primaryimage"},"image":{"@id":"https:\/\/www.campingrodas.com\/fr\/espaces-aquatiques\/#primaryimage"},"thumbnailUrl":"https:\/\/www.campingrodas.com\/wp-content\/uploads\/2024\/02\/istockphoto-513224552-1024x1024-1.jpg","datePublished":"2024-02-26T13:47:19+00:00","dateModified":"2024-02-26T15:26:49+00:00","breadcrumb":{"@id":"https:\/\/www.campingrodas.com\/fr\/espaces-aquatiques\/#breadcrumb"},"inLanguage":"fr-FR","potentialAction":[{"@type":"ReadAction","target":["https:\/\/www.campingrodas.com\/fr\/espaces-aquatiques\/"]}]},{"@type":"ImageObject","inLanguage":"fr-FR","@id":"https:\/\/www.campingrodas.com\/fr\/espaces-aquatiques\/#primaryimage","url":"https:\/\/www.campingrodas.com\/wp-content\/uploads\/2024\/02\/istockphoto-513224552-1024x1024-1.jpg","contentUrl":"https:\/\/www.campingrodas.com\/wp-content\/uploads\/2024\/02\/istockphoto-513224552-1024x1024-1.jpg","width":1024,"height":408,"caption":"Beautiful water surface in swimming pool with sun reflection"},{"@type":"BreadcrumbList","@id":"https:\/\/www.campingrodas.com\/fr\/espaces-aquatiques\/#breadcrumb","itemListElement":[{"@type":"ListItem","position":1,"name":"Inici","item":"https:\/\/www.campingrodas.com\/fr\/"},{"@type":"ListItem","position":2,"name":"Espaces aquatiques"}]},{"@type":"WebSite","@id":"https:\/\/www.campingrodas.com\/fr\/#website","url":"https:\/\/www.campingrodas.com\/fr\/","name":"Camping Rodas | Roses |\u00a0Costa brava","description":"Camping familiar ubicado en el la entrada del pueblo de Roses, muy cerca de la playa de Santa Margarita","publisher":{"@id":"https:\/\/www.campingrodas.com\/fr\/#organization"},"potentialAction":[{"@type":"SearchAction","target":{"@type":"EntryPoint","urlTemplate":"https:\/\/www.campingrodas.com\/fr\/?s={search_term_string}"},"query-input":{"@type":"PropertyValueSpecification","valueRequired":true,"valueName":"search_term_string"}}],"inLanguage":"fr-FR"},{"@type":"Organization","@id":"https:\/\/www.campingrodas.com\/fr\/#organization","name":"Camping Rodas","url":"https:\/\/www.campingrodas.com\/fr\/","logo":{"@type":"ImageObject","inLanguage":"fr-FR","@id":"https:\/\/www.campingrodas.com\/fr\/#\/schema\/logo\/image\/","url":"https:\/\/www.campingrodas.com\/wp-content\/uploads\/2022\/04\/camping-rodas_logo_positiu.png","contentUrl":"https:\/\/www.campingrodas.com\/wp-content\/uploads\/2022\/04\/camping-rodas_logo_positiu.png","width":229,"height":53,"caption":"Camping Rodas"},"image":{"@id":"https:\/\/www.campingrodas.com\/fr\/#\/schema\/logo\/image\/"},"sameAs":["https:\/\/www.facebook.com\/campingrodas","https:\/\/x.com\/campingrodas","https:\/\/www.instagram.com\/campingrodas\/"]}]}},"_links":{"self":[{"href":"https:\/\/www.campingrodas.com\/fr\/wp-json\/wp\/v2\/pages\/87826","targetHints":{"allow":["GET"]}}],"collection":[{"href":"https:\/\/www.campingrodas.com\/fr\/wp-json\/wp\/v2\/pages"}],"about":[{"href":"https:\/\/www.campingrodas.com\/fr\/wp-json\/wp\/v2\/types\/page"}],"author":[{"embeddable":true,"href":"https:\/\/www.campingrodas.com\/fr\/wp-json\/wp\/v2\/users\/2"}],"replies":[{"embeddable":true,"href":"https:\/\/www.campingrodas.com\/fr\/wp-json\/wp\/v2\/comments?post=87826"}],"version-history":[{"count":4,"href":"https:\/\/www.campingrodas.com\/fr\/wp-json\/wp\/v2\/pages\/87826\/revisions"}],"predecessor-version":[{"id":87893,"href":"https:\/\/www.campingrodas.com\/fr\/wp-json\/wp\/v2\/pages\/87826\/revisions\/87893"}],"wp:featuredmedia":[{"embeddable":true,"href":"https:\/\/www.campingrodas.com\/fr\/wp-json\/wp\/v2\/media\/87976"}],"wp:attachment":[{"href":"https:\/\/www.campingrodas.com\/fr\/wp-json\/wp\/v2\/media?parent=87826"}],"curies":[{"name":"wp","href":"https:\/\/api.w.org\/{rel}","templated":true}]}}