{"id":85572,"date":"2022-05-11T11:18:45","date_gmt":"2022-05-11T09:18:45","guid":{"rendered":"https:\/\/rodas.efimatica.com\/ofertas\/"},"modified":"2026-02-10T12:50:52","modified_gmt":"2026-02-10T10:50:52","slug":"offres","status":"publish","type":"page","link":"https:\/\/www.campingrodas.com\/fr\/offres\/","title":{"rendered":"Offres"},"content":{"rendered":"<div class=\"wpb-content-wrapper\"><p>[vc_row][vc_column width=\u00a0\u00bb1\/2&Prime;][vc_single_image media=\u00a0\u00bb89395&Prime; media_width_percent=\u00a0\u00bb100&Prime; uncode_shortcode_id=\u00a0\u00bb134998&Prime;][\/vc_column][vc_column width=\u00a0\u00bb1\/2&Prime;][vc_custom_heading text_size=\u00a0\u00bbh1&Prime; uncode_shortcode_id=\u00a0\u00bb410277&Prime; subheading=\u00a0\u00bbType d&rsquo;h\u00e9bergement : Tous nos h\u00e9bergements<br \/>\nP\u00e9riode de r\u00e9duction : Du 1er avril au 12 mai<br \/>\nR\u00e9duction : 10 % de r\u00e9duction pour les s\u00e9jours de 7 nuits ou plus<br \/>\nConditions : Non cumulable<br \/>\nDate limite : 4 mars 2026&Prime; text_color_type=\u00a0\u00bbuncode-palette\u00a0\u00bb text_color_solid=\u00a0\u00bb#ff0000&Prime;]Offre printemps -10%[\/vc_custom_heading][vc_button border_width=\u00a0\u00bb0&Prime; uncode_shortcode_id=\u00a0\u00bb189067&Prime; link=\u00a0\u00bburl:https%3A%2F%2Fthelisresa.webcamp.fr%2F%3Fcamping%3Drodas%26lang%3Dfr%26PHPSESSID%3Drdm8qhfa429pnubmmrqjhbme13%26_ga%3D2.245272837.1818765086.1708607610-536605133.1708329681%26_gl%3D1*1epi7pz*_ga*NTM2NjA1MTMzLjE3MDgzMjk2ODE.*_ga_3LNX67VME8*MTcwODYwNzYwOS41LjEuMTcwODYwODE0NC4wLjAuMA..\u00a0\u00bb]RESERVER![\/vc_button][\/vc_column][\/vc_row][vc_row][vc_column width=\u00a0\u00bb1\/2&Prime;][vc_single_image media=\u00a0\u00bb89320&Prime; media_width_percent=\u00a0\u00bb100&Prime; uncode_shortcode_id=\u00a0\u00bb137290&Prime;][\/vc_column][vc_column width=\u00a0\u00bb1\/2&Prime;][vc_custom_heading text_size=\u00a0\u00bbh1&Prime; uncode_shortcode_id=\u00a0\u00bb120056&Prime; subheading=\u00a0\u00bbType d&rsquo;h\u00e9bergement : Emplacements standards, emplacements avec syst\u00e8me de drainage et emplacements pour petits camping-cars<\/p>\n<p>P\u00e9riode de r\u00e9duction : Du 1er avril 2026 au 31 mai 2026 et du 24 octobre 2026 au 14 novembre 2026<\/p>\n<p>R\u00e9duction : 15 % pour les s\u00e9jours de 7 nuits ou plus<br \/>\n20 % pour les s\u00e9jours de 14 nuits ou plus<\/p>\n<p>Conditions g\u00e9n\u00e9rales : Offre non cumulable avec Acsi CC\u00a0\u00bb text_color_type=\u00a0\u00bbuncode-palette\u00a0\u00bb text_color_solid=\u00a0\u00bb#ff0000&Prime;]OFFRES HORS SAISON SUR NOS PARCELLES[\/vc_custom_heading][vc_button border_width=\u00a0\u00bb0&Prime; uncode_shortcode_id=\u00a0\u00bb189067&Prime; link=\u00a0\u00bburl:https%3A%2F%2Fthelisresa.webcamp.fr%2F%3Fcamping%3Drodas%26lang%3Dfr%26PHPSESSID%3Drdm8qhfa429pnubmmrqjhbme13%26_ga%3D2.245272837.1818765086.1708607610-536605133.1708329681%26_gl%3D1*1epi7pz*_ga*NTM2NjA1MTMzLjE3MDgzMjk2ODE.*_ga_3LNX67VME8*MTcwODYwNzYwOS41LjEuMTcwODYwODE0NC4wLjAuMA..\u00a0\u00bb]RESERVER![\/vc_button][\/vc_column][\/vc_row][vc_row][vc_column width=\u00a0\u00bb1\/2&Prime;][vc_single_image media=\u00a0\u00bb87628&Prime; media_width_percent=\u00a0\u00bb100&Prime; uncode_shortcode_id=\u00a0\u00bb321813&Prime;][\/vc_column][vc_column width=\u00a0\u00bb1\/2&Prime;][vc_custom_heading text_size=\u00a0\u00bbh1&Prime; uncode_shortcode_id=\u00a0\u00bb100458&Prime; subheading=\u00a0\u00bbNous proposons deux tarifs diff\u00e9rents selon le nombre de personnes s\u00e9journant dans le mobil-home : un pour deux personnes et un autre pour plus de deux personnes.<\/p>\n<p>Ces tarifs s\u2019appliquent aux mobil-homes Vela et Bah\u00eda.<\/p>\n<p>\ud83d\udc49 Consultez les prix dans la section \u00ab R\u00e9servation \u00bb.\u00a0\u00bb text_color_type=\u00a0\u00bbuncode-palette\u00a0\u00bb text_color_solid=\u00a0\u00bb#ff0000&Prime;]TARIFS SP\u00c9CIAUX POUR 2 PERSONNES EN MOBIL-HOMES[\/vc_custom_heading][vc_button border_width=\u00a0\u00bb0&Prime; uncode_shortcode_id=\u00a0\u00bb189067&Prime; link=\u00a0\u00bburl:https%3A%2F%2Fthelisresa.webcamp.fr%2F%3Fcamping%3Drodas%26lang%3Dfr%26PHPSESSID%3Drdm8qhfa429pnubmmrqjhbme13%26_ga%3D2.245272837.1818765086.1708607610-536605133.1708329681%26_gl%3D1*1epi7pz*_ga*NTM2NjA1MTMzLjE3MDgzMjk2ODE.*_ga_3LNX67VME8*MTcwODYwNzYwOS41LjEuMTcwODYwODE0NC4wLjAuMA..\u00a0\u00bb]RESERVER![\/vc_button][\/vc_column][\/vc_row]<\/p>\n<\/div>","protected":false},"excerpt":{"rendered":"<p>[vc_row][vc_column width=\u00a0\u00bb1\/2&Prime;][vc_single_image media=\u00a0\u00bb89395&Prime; media_width_percent=\u00a0\u00bb100&Prime; uncode_shortcode_id=\u00a0\u00bb134998&Prime;][\/vc_column][vc_column width=\u00a0\u00bb1\/2&Prime;][vc_custom_heading text_size=\u00a0\u00bbh1&Prime; uncode_shortcode_id=\u00a0\u00bb410277&Prime; subheading=\u00a0\u00bbType d&rsquo;h\u00e9bergement : Tous nos h\u00e9bergements P\u00e9riode de r\u00e9duction : Du 1er [&hellip;]<\/p>\n","protected":false},"author":2,"featured_media":84530,"parent":0,"menu_order":47,"comment_status":"closed","ping_status":"closed","template":"","meta":{"footnotes":""},"class_list":["post-85572","page","type-page","status-publish","has-post-thumbnail","hentry"],"yoast_head":"<!-- This site is optimized with the Yoast SEO plugin v25.2 - https:\/\/yoast.com\/wordpress\/plugins\/seo\/ -->\n<title>Offres - Camping Rodas | Roses |\u00a0Costa brava<\/title>\n<meta name=\"robots\" content=\"index, follow, max-snippet:-1, max-image-preview:large, max-video-preview:-1\" \/>\n<link rel=\"canonical\" href=\"https:\/\/www.campingrodas.com\/fr\/offres\/\" \/>\n<meta property=\"og:locale\" content=\"fr_FR\" \/>\n<meta property=\"og:type\" content=\"article\" \/>\n<meta property=\"og:title\" content=\"Offres - Camping Rodas | Roses |\u00a0Costa brava\" \/>\n<meta property=\"og:description\" content=\"[vc_row][vc_column width=\u00a0\u00bb1\/2&Prime;][vc_single_image media=\u00a0\u00bb89395&Prime; media_width_percent=\u00a0\u00bb100&Prime; uncode_shortcode_id=\u00a0\u00bb134998&Prime;][\/vc_column][vc_column width=\u00a0\u00bb1\/2&Prime;][vc_custom_heading text_size=\u00a0\u00bbh1&Prime; uncode_shortcode_id=\u00a0\u00bb410277&Prime; subheading=\u00a0\u00bbType d&rsquo;h\u00e9bergement : Tous nos h\u00e9bergements P\u00e9riode de r\u00e9duction : Du 1er [&hellip;]\" \/>\n<meta property=\"og:url\" content=\"https:\/\/www.campingrodas.com\/fr\/offres\/\" \/>\n<meta property=\"og:site_name\" content=\"Camping Rodas | Roses |\u00a0Costa brava\" \/>\n<meta property=\"article:publisher\" content=\"https:\/\/www.facebook.com\/campingrodas\" \/>\n<meta property=\"article:modified_time\" content=\"2026-02-10T10:50:52+00:00\" \/>\n<meta property=\"og:image\" content=\"https:\/\/www.campingrodas.com\/wp-content\/uploads\/2022\/05\/Slider-ofertes.jpg\" \/>\n\t<meta property=\"og:image:width\" content=\"1920\" \/>\n\t<meta property=\"og:image:height\" content=\"765\" \/>\n\t<meta property=\"og:image:type\" content=\"image\/jpeg\" \/>\n<meta name=\"twitter:card\" content=\"summary_large_image\" \/>\n<meta name=\"twitter:site\" content=\"@campingrodas\" \/>\n<meta name=\"twitter:label1\" content=\"Dur\u00e9e de lecture estim\u00e9e\" \/>\n\t<meta name=\"twitter:data1\" content=\"1 minute\" \/>\n<script type=\"application\/ld+json\" class=\"yoast-schema-graph\">{\"@context\":\"https:\/\/schema.org\",\"@graph\":[{\"@type\":\"WebPage\",\"@id\":\"https:\/\/www.campingrodas.com\/fr\/offres\/\",\"url\":\"https:\/\/www.campingrodas.com\/fr\/offres\/\",\"name\":\"Offres - Camping Rodas | Roses |\u00a0Costa brava\",\"isPartOf\":{\"@id\":\"https:\/\/www.campingrodas.com\/fr\/#website\"},\"primaryImageOfPage\":{\"@id\":\"https:\/\/www.campingrodas.com\/fr\/offres\/#primaryimage\"},\"image\":{\"@id\":\"https:\/\/www.campingrodas.com\/fr\/offres\/#primaryimage\"},\"thumbnailUrl\":\"https:\/\/www.campingrodas.com\/wp-content\/uploads\/2022\/05\/Slider-ofertes.jpg\",\"datePublished\":\"2022-05-11T09:18:45+00:00\",\"dateModified\":\"2026-02-10T10:50:52+00:00\",\"breadcrumb\":{\"@id\":\"https:\/\/www.campingrodas.com\/fr\/offres\/#breadcrumb\"},\"inLanguage\":\"fr-FR\",\"potentialAction\":[{\"@type\":\"ReadAction\",\"target\":[\"https:\/\/www.campingrodas.com\/fr\/offres\/\"]}]},{\"@type\":\"ImageObject\",\"inLanguage\":\"fr-FR\",\"@id\":\"https:\/\/www.campingrodas.com\/fr\/offres\/#primaryimage\",\"url\":\"https:\/\/www.campingrodas.com\/wp-content\/uploads\/2022\/05\/Slider-ofertes.jpg\",\"contentUrl\":\"https:\/\/www.campingrodas.com\/wp-content\/uploads\/2022\/05\/Slider-ofertes.jpg\",\"width\":1920,\"height\":765,\"caption\":\"Slider-ofertes\"},{\"@type\":\"BreadcrumbList\",\"@id\":\"https:\/\/www.campingrodas.com\/fr\/offres\/#breadcrumb\",\"itemListElement\":[{\"@type\":\"ListItem\",\"position\":1,\"name\":\"Inici\",\"item\":\"https:\/\/www.campingrodas.com\/fr\/\"},{\"@type\":\"ListItem\",\"position\":2,\"name\":\"Offres\"}]},{\"@type\":\"WebSite\",\"@id\":\"https:\/\/www.campingrodas.com\/fr\/#website\",\"url\":\"https:\/\/www.campingrodas.com\/fr\/\",\"name\":\"Camping Rodas | Roses |\u00a0Costa brava\",\"description\":\"Camping familiar ubicado en el la entrada del pueblo de Roses, muy cerca de la playa de Santa Margarita\",\"publisher\":{\"@id\":\"https:\/\/www.campingrodas.com\/fr\/#organization\"},\"potentialAction\":[{\"@type\":\"SearchAction\",\"target\":{\"@type\":\"EntryPoint\",\"urlTemplate\":\"https:\/\/www.campingrodas.com\/fr\/?s={search_term_string}\"},\"query-input\":{\"@type\":\"PropertyValueSpecification\",\"valueRequired\":true,\"valueName\":\"search_term_string\"}}],\"inLanguage\":\"fr-FR\"},{\"@type\":\"Organization\",\"@id\":\"https:\/\/www.campingrodas.com\/fr\/#organization\",\"name\":\"Camping Rodas\",\"url\":\"https:\/\/www.campingrodas.com\/fr\/\",\"logo\":{\"@type\":\"ImageObject\",\"inLanguage\":\"fr-FR\",\"@id\":\"https:\/\/www.campingrodas.com\/fr\/#\/schema\/logo\/image\/\",\"url\":\"https:\/\/www.campingrodas.com\/wp-content\/uploads\/2022\/04\/camping-rodas_logo_positiu.png\",\"contentUrl\":\"https:\/\/www.campingrodas.com\/wp-content\/uploads\/2022\/04\/camping-rodas_logo_positiu.png\",\"width\":229,\"height\":53,\"caption\":\"Camping Rodas\"},\"image\":{\"@id\":\"https:\/\/www.campingrodas.com\/fr\/#\/schema\/logo\/image\/\"},\"sameAs\":[\"https:\/\/www.facebook.com\/campingrodas\",\"https:\/\/x.com\/campingrodas\",\"https:\/\/www.instagram.com\/campingrodas\/\"]}]}<\/script>\n<!-- \/ Yoast SEO plugin. -->","yoast_head_json":{"title":"Offres - Camping Rodas | Roses |\u00a0Costa brava","robots":{"index":"index","follow":"follow","max-snippet":"max-snippet:-1","max-image-preview":"max-image-preview:large","max-video-preview":"max-video-preview:-1"},"canonical":"https:\/\/www.campingrodas.com\/fr\/offres\/","og_locale":"fr_FR","og_type":"article","og_title":"Offres - Camping Rodas | Roses |\u00a0Costa brava","og_description":"[vc_row][vc_column width=\u00a0\u00bb1\/2&Prime;][vc_single_image media=\u00a0\u00bb89395&Prime; media_width_percent=\u00a0\u00bb100&Prime; uncode_shortcode_id=\u00a0\u00bb134998&Prime;][\/vc_column][vc_column width=\u00a0\u00bb1\/2&Prime;][vc_custom_heading text_size=\u00a0\u00bbh1&Prime; uncode_shortcode_id=\u00a0\u00bb410277&Prime; subheading=\u00a0\u00bbType d&rsquo;h\u00e9bergement : Tous nos h\u00e9bergements P\u00e9riode de r\u00e9duction : Du 1er [&hellip;]","og_url":"https:\/\/www.campingrodas.com\/fr\/offres\/","og_site_name":"Camping Rodas | Roses |\u00a0Costa brava","article_publisher":"https:\/\/www.facebook.com\/campingrodas","article_modified_time":"2026-02-10T10:50:52+00:00","og_image":[{"width":1920,"height":765,"url":"https:\/\/www.campingrodas.com\/wp-content\/uploads\/2022\/05\/Slider-ofertes.jpg","type":"image\/jpeg"}],"twitter_card":"summary_large_image","twitter_site":"@campingrodas","twitter_misc":{"Dur\u00e9e de lecture estim\u00e9e":"1 minute"},"schema":{"@context":"https:\/\/schema.org","@graph":[{"@type":"WebPage","@id":"https:\/\/www.campingrodas.com\/fr\/offres\/","url":"https:\/\/www.campingrodas.com\/fr\/offres\/","name":"Offres - Camping Rodas | Roses |\u00a0Costa brava","isPartOf":{"@id":"https:\/\/www.campingrodas.com\/fr\/#website"},"primaryImageOfPage":{"@id":"https:\/\/www.campingrodas.com\/fr\/offres\/#primaryimage"},"image":{"@id":"https:\/\/www.campingrodas.com\/fr\/offres\/#primaryimage"},"thumbnailUrl":"https:\/\/www.campingrodas.com\/wp-content\/uploads\/2022\/05\/Slider-ofertes.jpg","datePublished":"2022-05-11T09:18:45+00:00","dateModified":"2026-02-10T10:50:52+00:00","breadcrumb":{"@id":"https:\/\/www.campingrodas.com\/fr\/offres\/#breadcrumb"},"inLanguage":"fr-FR","potentialAction":[{"@type":"ReadAction","target":["https:\/\/www.campingrodas.com\/fr\/offres\/"]}]},{"@type":"ImageObject","inLanguage":"fr-FR","@id":"https:\/\/www.campingrodas.com\/fr\/offres\/#primaryimage","url":"https:\/\/www.campingrodas.com\/wp-content\/uploads\/2022\/05\/Slider-ofertes.jpg","contentUrl":"https:\/\/www.campingrodas.com\/wp-content\/uploads\/2022\/05\/Slider-ofertes.jpg","width":1920,"height":765,"caption":"Slider-ofertes"},{"@type":"BreadcrumbList","@id":"https:\/\/www.campingrodas.com\/fr\/offres\/#breadcrumb","itemListElement":[{"@type":"ListItem","position":1,"name":"Inici","item":"https:\/\/www.campingrodas.com\/fr\/"},{"@type":"ListItem","position":2,"name":"Offres"}]},{"@type":"WebSite","@id":"https:\/\/www.campingrodas.com\/fr\/#website","url":"https:\/\/www.campingrodas.com\/fr\/","name":"Camping Rodas | Roses |\u00a0Costa brava","description":"Camping familiar ubicado en el la entrada del pueblo de Roses, muy cerca de la playa de Santa Margarita","publisher":{"@id":"https:\/\/www.campingrodas.com\/fr\/#organization"},"potentialAction":[{"@type":"SearchAction","target":{"@type":"EntryPoint","urlTemplate":"https:\/\/www.campingrodas.com\/fr\/?s={search_term_string}"},"query-input":{"@type":"PropertyValueSpecification","valueRequired":true,"valueName":"search_term_string"}}],"inLanguage":"fr-FR"},{"@type":"Organization","@id":"https:\/\/www.campingrodas.com\/fr\/#organization","name":"Camping Rodas","url":"https:\/\/www.campingrodas.com\/fr\/","logo":{"@type":"ImageObject","inLanguage":"fr-FR","@id":"https:\/\/www.campingrodas.com\/fr\/#\/schema\/logo\/image\/","url":"https:\/\/www.campingrodas.com\/wp-content\/uploads\/2022\/04\/camping-rodas_logo_positiu.png","contentUrl":"https:\/\/www.campingrodas.com\/wp-content\/uploads\/2022\/04\/camping-rodas_logo_positiu.png","width":229,"height":53,"caption":"Camping Rodas"},"image":{"@id":"https:\/\/www.campingrodas.com\/fr\/#\/schema\/logo\/image\/"},"sameAs":["https:\/\/www.facebook.com\/campingrodas","https:\/\/x.com\/campingrodas","https:\/\/www.instagram.com\/campingrodas\/"]}]}},"_links":{"self":[{"href":"https:\/\/www.campingrodas.com\/fr\/wp-json\/wp\/v2\/pages\/85572","targetHints":{"allow":["GET"]}}],"collection":[{"href":"https:\/\/www.campingrodas.com\/fr\/wp-json\/wp\/v2\/pages"}],"about":[{"href":"https:\/\/www.campingrodas.com\/fr\/wp-json\/wp\/v2\/types\/page"}],"author":[{"embeddable":true,"href":"https:\/\/www.campingrodas.com\/fr\/wp-json\/wp\/v2\/users\/2"}],"replies":[{"embeddable":true,"href":"https:\/\/www.campingrodas.com\/fr\/wp-json\/wp\/v2\/comments?post=85572"}],"version-history":[{"count":10,"href":"https:\/\/www.campingrodas.com\/fr\/wp-json\/wp\/v2\/pages\/85572\/revisions"}],"predecessor-version":[{"id":89412,"href":"https:\/\/www.campingrodas.com\/fr\/wp-json\/wp\/v2\/pages\/85572\/revisions\/89412"}],"wp:featuredmedia":[{"embeddable":true,"href":"https:\/\/www.campingrodas.com\/fr\/wp-json\/wp\/v2\/media\/84530"}],"wp:attachment":[{"href":"https:\/\/www.campingrodas.com\/fr\/wp-json\/wp\/v2\/media?parent=85572"}],"curies":[{"name":"wp","href":"https:\/\/api.w.org\/{rel}","templated":true}]}}