{"id":85545,"date":"2022-05-09T14:46:49","date_gmt":"2022-05-09T12:46:49","guid":{"rendered":"https:\/\/rodas.efimatica.com\/reglamento\/"},"modified":"2022-07-14T16:32:36","modified_gmt":"2022-07-14T14:32:36","slug":"reglement-interieur","status":"publish","type":"page","link":"https:\/\/www.campingrodas.com\/fr\/reglement-interieur\/","title":{"rendered":"R\u00e8glement int\u00e9rieur"},"content":{"rendered":"<div class=\"wpb-content-wrapper\"><p>[vc_row row_height_percent=\u00a0\u00bb0&Prime; override_padding=\u00a0\u00bbyes\u00a0\u00bb h_padding=\u00a0\u00bb2&Prime; top_padding=\u00a0\u00bb3&Prime; bottom_padding=\u00a0\u00bb3&Prime; overlay_alpha=\u00a0\u00bb50&Prime; gutter_size=\u00a0\u00bb3&Prime; column_width_percent=\u00a0\u00bb100&Prime; shift_y=\u00a0\u00bb0&Prime; z_index=\u00a0\u00bb0&Prime; uncode_shortcode_id=\u00a0\u00bb211939&Prime;][vc_column width=\u00a0\u00bb1\/1&Prime;][vc_custom_heading text_size=\u00a0\u00bbh3&Prime; uncode_shortcode_id=\u00a0\u00bb116777&Prime;]<\/p>\n<p class=\"P68B1DB1-Normal3\" style=\"text-align: justify;\"><span lang=\"FR\">R\u00c8GLEMENT INT\u00c9RIEUR DU CAMPING RODAS<\/span><\/p>\n<p>[\/vc_custom_heading][vc_column_text uncode_shortcode_id=\u00a0\u00bb421813&Prime;]<strong>Entr\u00e9e<\/strong>: Tous les clients sont tenus de d\u00e9poser un document officiel (et non une photocopie) prouvant suffisamment leur identit\u00e9 et de signer le registre des entr\u00e9es. \u00c0 la demande des employ\u00e9s, le client doit s&rsquo;identifier en tant qu&rsquo;invit\u00e9 enregistr\u00e9.<\/p>\n<p><strong>Visites<\/strong>: Les personnes ext\u00e9rieures au camping qui ont l&rsquo;intention de rendre visite \u00e0 leur famille ou \u00e0 leurs amis devront laisser leur v\u00e9hicule gar\u00e9 \u00e0 l&rsquo;ext\u00e9rieur du camping et notifier leur pr\u00e9sence \u00e0 la r\u00e9ception. Les visites ont un co\u00fbt qui doit \u00eatre pay\u00e9 au moment de l&rsquo;enregistrement \u00e0 la r\u00e9ception.<\/p>\n<p><strong>Installation<\/strong>: Les tentes, caravanes ou tout autre mat\u00e9riel devront \u00eatre install\u00e9s conform\u00e9ment aux r\u00e8gles de la Direction. Il est strictement interdit de changer la parcelle attribu\u00e9e par la direction du camping au moment de l&rsquo;arriv\u00e9e sans en informer pr\u00e9alablement la r\u00e9ception. Il est interdit de d\u00e9passer l&rsquo;espace d\u00e9limit\u00e9 par sa parcelle ou d&rsquo;envahir l&rsquo;espace des parcelles adjacentes.<\/p>\n<p><strong>Heure de d\u00e9part<\/strong>: Le jour du d\u00e9part, les parcelles devront \u00eatre lib\u00e9r\u00e9es avant midi, et pour les Mobil-homes ou les Lodges, le d\u00e9part est \u00e0 10\u00a0h. Si vous souhaitez partir plus tard, vous devrez payer une journ\u00e9e enti\u00e8re suppl\u00e9mentaire. Si vous souhaitez prolonger votre s\u00e9jour, vous devez en informer la r\u00e9ception suffisamment \u00e0 l&rsquo;avance. Dans ce cas, il pourrait \u00eatre n\u00e9cessaire de changer de parcelle.<\/p>\n<p><strong>Paiement du s\u00e9jour<\/strong>: Les factures du s\u00e9jour doivent \u00eatre r\u00e9gl\u00e9es \u00e0 la r\u00e9ception le jour de l&rsquo;enregistrement. Le paiement peut \u00eatre effectu\u00e9 par carte de cr\u00e9dit et\/ou en esp\u00e8ces. Les ch\u00e8ques bancaires et les ch\u00e8ques vacances ne sont pas accept\u00e9s. En cas de d\u00e9t\u00e9rioration des installations du camping due \u00e0 une mauvaise utilisation du client, celui-ci devra payer le montant de la r\u00e9paration ou du remplacement au d\u00e9part.<\/p>\n<p><strong>V\u00e9hicules<\/strong>: Pour emp\u00eacher l&rsquo;entr\u00e9e de v\u00e9hicules \u00e9trangers et contr\u00f4ler la s\u00e9curit\u00e9 du logement, tous les v\u00e9hicules devront placer l&rsquo;adh\u00e9sif de contr\u00f4le dans un endroit visible, sur la vitre avant du pare-brise. Les v\u00e9hicules doivent se garer dans l&rsquo;espace de leur parcelle. La vitesse des v\u00e9hicules ne doit jamais d\u00e9passer 10\u00a0km\/h. La circulation int\u00e9rieure et l&rsquo;entr\u00e9e et la sortie des v\u00e9hicules du camping de 24\u00a0h \u00e0 8\u00a0h sont interdites. Pendant cette p\u00e9riode, l&rsquo;acc\u00e8s des voitures au camping sera ferm\u00e9. L&rsquo;utilisation de trottinettes \u00e0 moteur et\/ou \u00e9lectriques est interdite aux moins de 16 ans et l&rsquo;utilisation de mini-motos dans tous les cas. L&rsquo;entr\u00e9e dans le camping est interdite \u00e0 tout v\u00e9hicule \u00e0 moteur ou de location qui n&rsquo;est pas indiqu\u00e9 sur la fiche d&rsquo;entr\u00e9e.<\/p>\n<p><strong>Heures de silence<\/strong>: Entre 22\u00a0h et 8\u00a0h, il est obligatoire de respecter le silence. Les heures de repos entre 14\u00a0h et 16\u00a0h doivent \u00e9galement \u00eatre respect\u00e9es. Pour ne pas d\u00e9ranger les voisins, les appareils tels que les t\u00e9l\u00e9viseurs ou les radios devront avoir un faible volume. Les syst\u00e8mes de climatisation qui ne sont pas suffisamment insonoris\u00e9s devront \u00e9galement \u00eatre \u00e9teints pendant les heures de silence.<\/p>\n<p><strong>Sources d&rsquo;eau<\/strong>: Les fontaines de camping fournissent de l&rsquo;eau potable et ne sont destin\u00e9es qu&rsquo;\u00e0 la collecte de l&rsquo;eau. Pour des raisons d&rsquo;hygi\u00e8ne, les fontaines ne peuvent \u00eatre utilis\u00e9es pour aucun type d&rsquo;hygi\u00e8ne personnelle ni pour nettoyer les v\u00eatements ou la vaisselle. Pour ce type de services, il existe une zone habilit\u00e9e avec des \u00e9viers \u00e0 l&rsquo;arri\u00e8re des blocs sanitaires. Les sources d&rsquo;eau ne peuvent pas non plus \u00eatre utilis\u00e9es pour vider toute substance (w.c. chimiques, restes de nourriture, etc.). Pour tous ces \u00e9l\u00e9ments, des conteneurs sont d\u00e9j\u00e0 disponibles dans des zones sp\u00e9cialement am\u00e9nag\u00e9es \u00e0 cet effet.<\/p>\n<p><strong>Eaux us\u00e9es<\/strong>: Les sanitaires disposent de d\u00e9charges sp\u00e9ciales pour les lavabos chimiques. Il est strictement interdit de d\u00e9verser son contenu sur un autre site.<\/p>\n<p><strong>Barbecues<\/strong>: L&rsquo;utilisation de barbecues \u00e0 l&rsquo;int\u00e9rieur de la m\u00eame parcelle est autoris\u00e9e \u00e0 condition qu&rsquo;elle soit \u00e9lectrique ou \u00e0 gaz. Les barbecues en bois ou en charbon de bois ne peuvent jamais \u00eatre utilis\u00e9s. Il est strictement interdit de faire du feu directement sur le sol. Les jours de vent fort, il est \u00e9galement express\u00e9ment interdit d&rsquo;allumer tout type de barbecue. En outre, la r\u00e9ception se r\u00e9serve le droit d&rsquo;interdire l&rsquo;utilisation de barbecues chaque fois qu&rsquo;elle le juge appropri\u00e9 pour des raisons de s\u00e9curit\u00e9.<\/p>\n<p><strong>Alimentation \u00e9lectrique<\/strong>: Il est interdit de brancher une prise qui n&rsquo;est pas appropri\u00e9e dans les bo\u00eetiers \u00e9lectriques. La Direction du camping se r\u00e9serve le droit d&rsquo;interdire la fourniture d&rsquo;\u00e9lectricit\u00e9 aux clients qui n&rsquo;ont pas d&rsquo;installation \u00e9lectrique en parfait \u00e9tat. Chaque parcelle dispose d&rsquo;une seule prise d&rsquo;\u00e9lectricit\u00e9. Pour des raisons de s\u00e9curit\u00e9, les caisses \u00e9lectriques devront toujours rester ferm\u00e9es, et seul le personnel autoris\u00e9 pourra les manipuler. Les c\u00e2bles \u00e9lectriques doivent avoir une prise de terre et doivent \u00eatre correctement isol\u00e9s.<\/p>\n<p><strong>D\u00e9chets<\/strong>: Les d\u00e9chets doivent \u00eatre d\u00e9pos\u00e9s dans les containers correctement ferm\u00e9s dans des sacs en plastique. Vous ne pouvez jamais jeter de d\u00e9chets directement dans le container ou sur le sol de la parcelle. Dans la zone des b\u00e2timents sanitaires, il y a des containers de collecte s\u00e9lective des ordures.<\/p>\n<p><strong>Assurance<\/strong>: La direction d\u00e9cline toute responsabilit\u00e9 en cas de vol, d&rsquo;accident ou de dommages aux personnes et aux objets mat\u00e9riels caus\u00e9s par des tiers en dehors de l&rsquo;\u00e9tablissement, ni de dommages caus\u00e9s par des temp\u00eates, des gr\u00ealons, des incendies ou d&rsquo;autres causes de force majeure. La Direction ne sera pas non plus responsable des dommages que pourraient subir les v\u00e9hicules en cas de collision avec des bordures, des arbres, des branches ou tout autre \u00e9l\u00e9ment du camping. La r\u00e9ception dispose de la location de \u00ab\u2009coffres-forts\u2009\u00bb pour l&rsquo;usage des clients.<\/p>\n<p><strong>Chiens<\/strong>: Les chiens ne sont pas accept\u00e9s ni dans les Mobil-homes ni dans les Lodge. Dans le cas des parcelles, le s\u00e9jour des chiens est autoris\u00e9 \u00e0 condition qu&rsquo;ils disposent de la documentation pertinente, qu&rsquo;ils ne causent pas de g\u00eane aux voisins et qu&rsquo;ils ne soient d&rsquo;aucune race consid\u00e9r\u00e9e comme dangereuse par la l\u00e9gislation espagnole en vigueur. \u00c0 l&rsquo;int\u00e9rieur du camping, les responsables devront toujours emmener leurs chiens attach\u00e9s, aussi bien dans les espaces communs que sur les parcelles. La propret\u00e9 et l&rsquo;hygi\u00e8ne du camping doivent \u00eatre respect\u00e9es. Pour cela, ils devront sortir les animaux du camping pour qu&rsquo;ils fassent leurs besoins et ramasser les excr\u00e9ments correctement.<\/p>\n<p><strong>Piscine:<\/strong> La piscine est ouverte tous les jours de 9\u00a0h \u00e0 20\u00a0h. Les enfants de moins de 12 ans ne peuvent pas utiliser la piscine s&rsquo;ils ne sont pas accompagn\u00e9s d&rsquo;un adulte responsable. La piscine n&rsquo;a pas de secouriste. Tout incident ou anomalie pouvant survenir devra \u00eatre imm\u00e9diatement signal\u00e9 \u00e0 la r\u00e9ception. Il est totalement interdit d&rsquo;apporter des verres (en verre), des matelas gonflables et matelas de bain ou de se baigner avec un t-shirt. Les animaux sont interdits dans toute l&rsquo;enceinte de la piscine et du solarium, ainsi que de laisser les v\u00e9los et de jouer au ballon dans le solarium. Pour des raisons d&rsquo;hygi\u00e8ne, il est n\u00e9cessaire de prendre une douche avant de se baigner dans la piscine. La Direction du camping se r\u00e9serve le droit d&rsquo;admission et d&rsquo;expulsion en cas de non-respect du r\u00e8glement.<\/p>\n<p><strong>D\u00e9sengagement des caravanes<\/strong>: Il ne sera pas possible de laisser des tentes ou des caravanes inoccup\u00e9es dans le camping pendant plus de 24 heures sans en informer la r\u00e9ception, qui pourra accepter l&rsquo;absence dans les conditions indiqu\u00e9es ou obliger le client \u00e0 quitter le terrain avec tous ses effets personnels.<\/p>\n<p>\u00c0 tout moment, l&rsquo;ordre dans le camping sera respect\u00e9 et maintenu, ainsi que le respect de ce r\u00e8glement. Rester sur le terrain de camping suppose la conformit\u00e9 et l&rsquo;acceptation expresse de ces conditions.<\/p>\n<p>La direction du camping se r\u00e9serve le droit d&rsquo;apporter toute modification au pr\u00e9sent r\u00e8glement.[\/vc_column_text][\/vc_column][\/vc_row][vc_row][vc_column width=\u00a0\u00bb1\/1&Prime;][uncode_block id=\u00a0\u00bb83903&Prime;][\/vc_column][\/vc_row]<\/p>\n<\/div>","protected":false},"excerpt":{"rendered":"<p>[vc_row row_height_percent=\u00a0\u00bb0&Prime; override_padding=\u00a0\u00bbyes\u00a0\u00bb h_padding=\u00a0\u00bb2&Prime; top_padding=\u00a0\u00bb3&Prime; bottom_padding=\u00a0\u00bb3&Prime; overlay_alpha=\u00a0\u00bb50&Prime; gutter_size=\u00a0\u00bb3&Prime; column_width_percent=\u00a0\u00bb100&Prime; shift_y=\u00a0\u00bb0&Prime; z_index=\u00a0\u00bb0&Prime; uncode_shortcode_id=\u00a0\u00bb211939&Prime;][vc_column width=\u00a0\u00bb1\/1&Prime;][vc_custom_heading text_size=\u00a0\u00bbh3&Prime; uncode_shortcode_id=\u00a0\u00bb116777&Prime;] R\u00c8GLEMENT INT\u00c9RIEUR DU CAMPING RODAS [&hellip;]<\/p>\n","protected":false},"author":2,"featured_media":83833,"parent":0,"menu_order":94,"comment_status":"closed","ping_status":"closed","template":"","meta":{"footnotes":""},"class_list":["post-85545","page","type-page","status-publish","has-post-thumbnail","hentry"],"yoast_head":"<!-- This site is optimized with the Yoast SEO plugin v25.2 - https:\/\/yoast.com\/wordpress\/plugins\/seo\/ -->\n<title>R\u00e8glement int\u00e9rieur - Camping Rodas | Roses |\u00a0Costa brava<\/title>\n<meta name=\"robots\" content=\"index, follow, max-snippet:-1, max-image-preview:large, max-video-preview:-1\" \/>\n<link rel=\"canonical\" href=\"https:\/\/www.campingrodas.com\/fr\/reglement-interieur\/\" \/>\n<meta property=\"og:locale\" content=\"fr_FR\" \/>\n<meta property=\"og:type\" content=\"article\" \/>\n<meta property=\"og:title\" content=\"R\u00e8glement int\u00e9rieur - Camping Rodas | Roses |\u00a0Costa brava\" \/>\n<meta property=\"og:description\" content=\"[vc_row row_height_percent=\u00a0\u00bb0&Prime; override_padding=\u00a0\u00bbyes\u00a0\u00bb h_padding=\u00a0\u00bb2&Prime; top_padding=\u00a0\u00bb3&Prime; bottom_padding=\u00a0\u00bb3&Prime; overlay_alpha=\u00a0\u00bb50&Prime; gutter_size=\u00a0\u00bb3&Prime; column_width_percent=\u00a0\u00bb100&Prime; shift_y=\u00a0\u00bb0&Prime; z_index=\u00a0\u00bb0&Prime; uncode_shortcode_id=\u00a0\u00bb211939&Prime;][vc_column width=\u00a0\u00bb1\/1&Prime;][vc_custom_heading text_size=\u00a0\u00bbh3&Prime; uncode_shortcode_id=\u00a0\u00bb116777&Prime;] R\u00c8GLEMENT INT\u00c9RIEUR DU CAMPING RODAS [&hellip;]\" \/>\n<meta property=\"og:url\" content=\"https:\/\/www.campingrodas.com\/fr\/reglement-interieur\/\" \/>\n<meta property=\"og:site_name\" content=\"Camping Rodas | Roses |\u00a0Costa brava\" \/>\n<meta property=\"article:publisher\" content=\"https:\/\/www.facebook.com\/campingrodas\" \/>\n<meta property=\"article:modified_time\" content=\"2022-07-14T14:32:36+00:00\" \/>\n<meta property=\"og:image\" content=\"https:\/\/www.campingrodas.com\/wp-content\/uploads\/2022\/05\/camping-rodas_header_benvinguts.jpg\" \/>\n\t<meta property=\"og:image:width\" content=\"2000\" \/>\n\t<meta property=\"og:image:height\" content=\"750\" \/>\n\t<meta property=\"og:image:type\" content=\"image\/jpeg\" \/>\n<meta name=\"twitter:card\" content=\"summary_large_image\" \/>\n<meta name=\"twitter:site\" content=\"@campingrodas\" \/>\n<meta name=\"twitter:label1\" content=\"Dur\u00e9e de lecture estim\u00e9e\" \/>\n\t<meta name=\"twitter:data1\" content=\"6 minutes\" \/>\n<script type=\"application\/ld+json\" class=\"yoast-schema-graph\">{\"@context\":\"https:\/\/schema.org\",\"@graph\":[{\"@type\":\"WebPage\",\"@id\":\"https:\/\/www.campingrodas.com\/fr\/reglement-interieur\/\",\"url\":\"https:\/\/www.campingrodas.com\/fr\/reglement-interieur\/\",\"name\":\"R\u00e8glement int\u00e9rieur - Camping Rodas | Roses |\u00a0Costa brava\",\"isPartOf\":{\"@id\":\"https:\/\/www.campingrodas.com\/fr\/#website\"},\"primaryImageOfPage\":{\"@id\":\"https:\/\/www.campingrodas.com\/fr\/reglement-interieur\/#primaryimage\"},\"image\":{\"@id\":\"https:\/\/www.campingrodas.com\/fr\/reglement-interieur\/#primaryimage\"},\"thumbnailUrl\":\"https:\/\/www.campingrodas.com\/wp-content\/uploads\/2022\/05\/camping-rodas_header_benvinguts.jpg\",\"datePublished\":\"2022-05-09T12:46:49+00:00\",\"dateModified\":\"2022-07-14T14:32:36+00:00\",\"breadcrumb\":{\"@id\":\"https:\/\/www.campingrodas.com\/fr\/reglement-interieur\/#breadcrumb\"},\"inLanguage\":\"fr-FR\",\"potentialAction\":[{\"@type\":\"ReadAction\",\"target\":[\"https:\/\/www.campingrodas.com\/fr\/reglement-interieur\/\"]}]},{\"@type\":\"ImageObject\",\"inLanguage\":\"fr-FR\",\"@id\":\"https:\/\/www.campingrodas.com\/fr\/reglement-interieur\/#primaryimage\",\"url\":\"https:\/\/www.campingrodas.com\/wp-content\/uploads\/2022\/05\/camping-rodas_header_benvinguts.jpg\",\"contentUrl\":\"https:\/\/www.campingrodas.com\/wp-content\/uploads\/2022\/05\/camping-rodas_header_benvinguts.jpg\",\"width\":2000,\"height\":750,\"caption\":\"slider-benvinguts\"},{\"@type\":\"BreadcrumbList\",\"@id\":\"https:\/\/www.campingrodas.com\/fr\/reglement-interieur\/#breadcrumb\",\"itemListElement\":[{\"@type\":\"ListItem\",\"position\":1,\"name\":\"Inici\",\"item\":\"https:\/\/www.campingrodas.com\/fr\/\"},{\"@type\":\"ListItem\",\"position\":2,\"name\":\"R\u00e8glement int\u00e9rieur\"}]},{\"@type\":\"WebSite\",\"@id\":\"https:\/\/www.campingrodas.com\/fr\/#website\",\"url\":\"https:\/\/www.campingrodas.com\/fr\/\",\"name\":\"Camping Rodas | Roses |\u00a0Costa brava\",\"description\":\"Camping familiar ubicado en el la entrada del pueblo de Roses, muy cerca de la playa de Santa Margarita\",\"publisher\":{\"@id\":\"https:\/\/www.campingrodas.com\/fr\/#organization\"},\"potentialAction\":[{\"@type\":\"SearchAction\",\"target\":{\"@type\":\"EntryPoint\",\"urlTemplate\":\"https:\/\/www.campingrodas.com\/fr\/?s={search_term_string}\"},\"query-input\":{\"@type\":\"PropertyValueSpecification\",\"valueRequired\":true,\"valueName\":\"search_term_string\"}}],\"inLanguage\":\"fr-FR\"},{\"@type\":\"Organization\",\"@id\":\"https:\/\/www.campingrodas.com\/fr\/#organization\",\"name\":\"Camping Rodas\",\"url\":\"https:\/\/www.campingrodas.com\/fr\/\",\"logo\":{\"@type\":\"ImageObject\",\"inLanguage\":\"fr-FR\",\"@id\":\"https:\/\/www.campingrodas.com\/fr\/#\/schema\/logo\/image\/\",\"url\":\"https:\/\/www.campingrodas.com\/wp-content\/uploads\/2022\/04\/camping-rodas_logo_positiu.png\",\"contentUrl\":\"https:\/\/www.campingrodas.com\/wp-content\/uploads\/2022\/04\/camping-rodas_logo_positiu.png\",\"width\":229,\"height\":53,\"caption\":\"Camping Rodas\"},\"image\":{\"@id\":\"https:\/\/www.campingrodas.com\/fr\/#\/schema\/logo\/image\/\"},\"sameAs\":[\"https:\/\/www.facebook.com\/campingrodas\",\"https:\/\/x.com\/campingrodas\",\"https:\/\/www.instagram.com\/campingrodas\/\"]}]}<\/script>\n<!-- \/ Yoast SEO plugin. -->","yoast_head_json":{"title":"R\u00e8glement int\u00e9rieur - Camping Rodas | Roses |\u00a0Costa brava","robots":{"index":"index","follow":"follow","max-snippet":"max-snippet:-1","max-image-preview":"max-image-preview:large","max-video-preview":"max-video-preview:-1"},"canonical":"https:\/\/www.campingrodas.com\/fr\/reglement-interieur\/","og_locale":"fr_FR","og_type":"article","og_title":"R\u00e8glement int\u00e9rieur - Camping Rodas | Roses |\u00a0Costa brava","og_description":"[vc_row row_height_percent=\u00a0\u00bb0&Prime; override_padding=\u00a0\u00bbyes\u00a0\u00bb h_padding=\u00a0\u00bb2&Prime; top_padding=\u00a0\u00bb3&Prime; bottom_padding=\u00a0\u00bb3&Prime; overlay_alpha=\u00a0\u00bb50&Prime; gutter_size=\u00a0\u00bb3&Prime; column_width_percent=\u00a0\u00bb100&Prime; shift_y=\u00a0\u00bb0&Prime; z_index=\u00a0\u00bb0&Prime; uncode_shortcode_id=\u00a0\u00bb211939&Prime;][vc_column width=\u00a0\u00bb1\/1&Prime;][vc_custom_heading text_size=\u00a0\u00bbh3&Prime; uncode_shortcode_id=\u00a0\u00bb116777&Prime;] R\u00c8GLEMENT INT\u00c9RIEUR DU CAMPING RODAS [&hellip;]","og_url":"https:\/\/www.campingrodas.com\/fr\/reglement-interieur\/","og_site_name":"Camping Rodas | Roses |\u00a0Costa brava","article_publisher":"https:\/\/www.facebook.com\/campingrodas","article_modified_time":"2022-07-14T14:32:36+00:00","og_image":[{"width":2000,"height":750,"url":"https:\/\/www.campingrodas.com\/wp-content\/uploads\/2022\/05\/camping-rodas_header_benvinguts.jpg","type":"image\/jpeg"}],"twitter_card":"summary_large_image","twitter_site":"@campingrodas","twitter_misc":{"Dur\u00e9e de lecture estim\u00e9e":"6 minutes"},"schema":{"@context":"https:\/\/schema.org","@graph":[{"@type":"WebPage","@id":"https:\/\/www.campingrodas.com\/fr\/reglement-interieur\/","url":"https:\/\/www.campingrodas.com\/fr\/reglement-interieur\/","name":"R\u00e8glement int\u00e9rieur - Camping Rodas | Roses |\u00a0Costa brava","isPartOf":{"@id":"https:\/\/www.campingrodas.com\/fr\/#website"},"primaryImageOfPage":{"@id":"https:\/\/www.campingrodas.com\/fr\/reglement-interieur\/#primaryimage"},"image":{"@id":"https:\/\/www.campingrodas.com\/fr\/reglement-interieur\/#primaryimage"},"thumbnailUrl":"https:\/\/www.campingrodas.com\/wp-content\/uploads\/2022\/05\/camping-rodas_header_benvinguts.jpg","datePublished":"2022-05-09T12:46:49+00:00","dateModified":"2022-07-14T14:32:36+00:00","breadcrumb":{"@id":"https:\/\/www.campingrodas.com\/fr\/reglement-interieur\/#breadcrumb"},"inLanguage":"fr-FR","potentialAction":[{"@type":"ReadAction","target":["https:\/\/www.campingrodas.com\/fr\/reglement-interieur\/"]}]},{"@type":"ImageObject","inLanguage":"fr-FR","@id":"https:\/\/www.campingrodas.com\/fr\/reglement-interieur\/#primaryimage","url":"https:\/\/www.campingrodas.com\/wp-content\/uploads\/2022\/05\/camping-rodas_header_benvinguts.jpg","contentUrl":"https:\/\/www.campingrodas.com\/wp-content\/uploads\/2022\/05\/camping-rodas_header_benvinguts.jpg","width":2000,"height":750,"caption":"slider-benvinguts"},{"@type":"BreadcrumbList","@id":"https:\/\/www.campingrodas.com\/fr\/reglement-interieur\/#breadcrumb","itemListElement":[{"@type":"ListItem","position":1,"name":"Inici","item":"https:\/\/www.campingrodas.com\/fr\/"},{"@type":"ListItem","position":2,"name":"R\u00e8glement int\u00e9rieur"}]},{"@type":"WebSite","@id":"https:\/\/www.campingrodas.com\/fr\/#website","url":"https:\/\/www.campingrodas.com\/fr\/","name":"Camping Rodas | Roses |\u00a0Costa brava","description":"Camping familiar ubicado en el la entrada del pueblo de Roses, muy cerca de la playa de Santa Margarita","publisher":{"@id":"https:\/\/www.campingrodas.com\/fr\/#organization"},"potentialAction":[{"@type":"SearchAction","target":{"@type":"EntryPoint","urlTemplate":"https:\/\/www.campingrodas.com\/fr\/?s={search_term_string}"},"query-input":{"@type":"PropertyValueSpecification","valueRequired":true,"valueName":"search_term_string"}}],"inLanguage":"fr-FR"},{"@type":"Organization","@id":"https:\/\/www.campingrodas.com\/fr\/#organization","name":"Camping Rodas","url":"https:\/\/www.campingrodas.com\/fr\/","logo":{"@type":"ImageObject","inLanguage":"fr-FR","@id":"https:\/\/www.campingrodas.com\/fr\/#\/schema\/logo\/image\/","url":"https:\/\/www.campingrodas.com\/wp-content\/uploads\/2022\/04\/camping-rodas_logo_positiu.png","contentUrl":"https:\/\/www.campingrodas.com\/wp-content\/uploads\/2022\/04\/camping-rodas_logo_positiu.png","width":229,"height":53,"caption":"Camping Rodas"},"image":{"@id":"https:\/\/www.campingrodas.com\/fr\/#\/schema\/logo\/image\/"},"sameAs":["https:\/\/www.facebook.com\/campingrodas","https:\/\/x.com\/campingrodas","https:\/\/www.instagram.com\/campingrodas\/"]}]}},"_links":{"self":[{"href":"https:\/\/www.campingrodas.com\/fr\/wp-json\/wp\/v2\/pages\/85545","targetHints":{"allow":["GET"]}}],"collection":[{"href":"https:\/\/www.campingrodas.com\/fr\/wp-json\/wp\/v2\/pages"}],"about":[{"href":"https:\/\/www.campingrodas.com\/fr\/wp-json\/wp\/v2\/types\/page"}],"author":[{"embeddable":true,"href":"https:\/\/www.campingrodas.com\/fr\/wp-json\/wp\/v2\/users\/2"}],"replies":[{"embeddable":true,"href":"https:\/\/www.campingrodas.com\/fr\/wp-json\/wp\/v2\/comments?post=85545"}],"version-history":[{"count":0,"href":"https:\/\/www.campingrodas.com\/fr\/wp-json\/wp\/v2\/pages\/85545\/revisions"}],"wp:featuredmedia":[{"embeddable":true,"href":"https:\/\/www.campingrodas.com\/fr\/wp-json\/wp\/v2\/media\/83833"}],"wp:attachment":[{"href":"https:\/\/www.campingrodas.com\/fr\/wp-json\/wp\/v2\/media?parent=85545"}],"curies":[{"name":"wp","href":"https:\/\/api.w.org\/{rel}","templated":true}]}}