{"id":85540,"date":"2022-05-09T10:40:20","date_gmt":"2022-05-09T08:40:20","guid":{"rendered":"https:\/\/rodas.efimatica.com\/bienvenidos\/"},"modified":"2022-08-11T12:30:49","modified_gmt":"2022-08-11T10:30:49","slug":"bienvenue","status":"publish","type":"page","link":"https:\/\/www.campingrodas.com\/fr\/bienvenue\/","title":{"rendered":"Bienvenue"},"content":{"rendered":"<div class=\"wpb-content-wrapper\"><p>[vc_row row_height_percent=\u00a0\u00bb0&Prime; override_padding=\u00a0\u00bbyes\u00a0\u00bb h_padding=\u00a0\u00bb2&Prime; top_padding=\u00a0\u00bb3&Prime; bottom_padding=\u00a0\u00bb2&Prime; overlay_alpha=\u00a0\u00bb50&Prime; gutter_size=\u00a0\u00bb3&Prime; column_width_percent=\u00a0\u00bb100&Prime; shift_y=\u00a0\u00bb0&Prime; z_index=\u00a0\u00bb0&Prime; uncode_shortcode_id=\u00a0\u00bb165558&Prime;][vc_column width=\u00a0\u00bb1\/2&Prime;][vc_single_image media=\u00a0\u00bb83838&Prime; media_width_percent=\u00a0\u00bb100&Prime; advanced=\u00a0\u00bbyes\u00a0\u00bb media_overlay_opacity=\u00a0\u00bb30&Prime; media_padding=\u00a0\u00bb2&Prime; uncode_shortcode_id=\u00a0\u00bb183656&Prime;][\/vc_column][vc_column width=\u00a0\u00bb1\/2&Prime;][vc_custom_heading text_size=\u00a0\u00bbh5&Prime; uncode_shortcode_id=\u00a0\u00bb405130&Prime; subheading=\u00a0\u00bbLe <b>Camping Rodas<\/b> est un <b>camping<\/b> situ\u00e9 \u00e0 l&rsquo;entr\u00e9e de la ville de <b>Roses<\/b> (Alt Empord\u00e0, Girona), tout pr\u00e8s de la plage. C&rsquo;est l&rsquo;endroit id\u00e9al pour profiter des vacances en famille ou entre amis en s\u00e9journant sur l&rsquo;un de nos emplacements entour\u00e9s d&rsquo;arbres, dans l&rsquo;une de nos tentes Lodge ou dans un confortable mobil-home. Situ\u00e9 dans un environnement calme, cet endroit de la Costa Brava est parfait pour se d\u00e9tendre et profiter de toute l&rsquo;offre paysag\u00e8re, culturelle, gastronomique et ludique de cette zone si privil\u00e9gi\u00e9e et unique : l&rsquo;incomparable <b>bah\u00eda de Roses<\/b>.\u00a0\u00bb]CAMPING RODAS[\/vc_custom_heading][\/vc_column][\/vc_row][vc_row row_height_percent=\u00a0\u00bb0&Prime; back_color=\u00a0\u00bbcolor-gris\u00a0\u00bb overlay_alpha=\u00a0\u00bb50&Prime; gutter_size=\u00a0\u00bb3&Prime; column_width_percent=\u00a0\u00bb100&Prime; shift_y=\u00a0\u00bb0&Prime; z_index=\u00a0\u00bb0&Prime; uncode_shortcode_id=\u00a0\u00bb305930&Prime; back_color_type=\u00a0\u00bbuncode-palette\u00a0\u00bb][vc_column width=\u00a0\u00bb1\/2&Prime;][vc_custom_heading text_size=\u00a0\u00bbh5&Prime; uncode_shortcode_id=\u00a0\u00bb501355&Prime; subheading=\u00a0\u00bbS\u00e9journer au Camping Rodas signifie faire une plong\u00e9e pour d\u00e9couvrir tous les charmes de la <b>Costa Brava<\/b>. Le logement est situ\u00e9 \u00e0 l&rsquo;entr\u00e9e du village de <b>Roses<\/b>, entour\u00e9 d&rsquo;une longue liste d&rsquo;attractions, ainsi que la nature, la gastronomie, les villages historiques et les mus\u00e9es. De plus, il se trouve \u00e0 seulement 500 m\u00e8tres de la plage de Santa Margarida, l&rsquo;une des plus connues de l&rsquo;Alt Empord\u00e0!<\/p>\n<p>N&rsquo;h\u00e9sitez pas \u00e0 demander plus d&rsquo;informations \u00e0 l&rsquo;\u00e9quipe de professionnels qui travaille sur le camping et nous vous conseillerons pour que vous puissiez profiter de la magnifique Costa Brava et de la Bah\u00eda de Roses, officiellement reconnue comme l&rsquo;une des plus belles du monde.\u00a0\u00bb text_color_type=\u00a0\u00bbuncode-palette\u00a0\u00bb text_color_solid=\u00a0\u00bb#ff0000&Prime;]D\u00c9COUVRIR LA COSTA BRAVA[\/vc_custom_heading][\/vc_column][vc_column width=\u00a0\u00bb1\/2&Prime;][vc_single_image media=\u00a0\u00bb83851&Prime; media_width_percent=\u00a0\u00bb100&Prime; advanced=\u00a0\u00bbyes\u00a0\u00bb media_overlay_opacity=\u00a0\u00bb30&Prime; media_padding=\u00a0\u00bb2&Prime; uncode_shortcode_id=\u00a0\u00bb165537&Prime;][\/vc_column][\/vc_row][vc_row row_height_percent=\u00a0\u00bb0&Prime; overlay_alpha=\u00a0\u00bb50&Prime; gutter_size=\u00a0\u00bb3&Prime; column_width_percent=\u00a0\u00bb100&Prime; shift_y=\u00a0\u00bb0&Prime; z_index=\u00a0\u00bb0&Prime; uncode_shortcode_id=\u00a0\u00bb787297&Prime;][vc_column width=\u00a0\u00bb1\/2&Prime;][vc_single_image media=\u00a0\u00bb83858&Prime; media_width_percent=\u00a0\u00bb100&Prime; advanced=\u00a0\u00bbyes\u00a0\u00bb media_overlay_opacity=\u00a0\u00bb30&Prime; media_padding=\u00a0\u00bb2&Prime; uncode_shortcode_id=\u00a0\u00bb200440&Prime;][\/vc_column][vc_column width=\u00a0\u00bb1\/2&Prime;][vc_custom_heading text_size=\u00a0\u00bbh5&Prime; uncode_shortcode_id=\u00a0\u00bb308648&Prime; subheading=\u00a0\u00bbAu Camping Rodas, nous voulons offrir \u00e0 nos visiteurs un s\u00e9jour id\u00e9al \u00e0 tout point de vue. C&rsquo;est pourquoi, en plus de tous les services habituels d&rsquo;un camping, nous offrons la possibilit\u00e9 de profiter de l&rsquo;environnement, un <b>cadre naturel agr\u00e9able et verdoyant<\/b>.<\/p>\n<p>\u00c0 cet \u00e9gard, il convient de noter que toutes nos parcelles sont bord\u00e9es d&rsquo;un certain nombre d&rsquo;\u00e9l\u00e9ments de v\u00e9g\u00e9tation. Le fait d&rsquo;<b>d&rsquo;entourer l&rsquo;espace d&rsquo;arbres<\/b> nous permet de fournir l&rsquo;ombre n\u00e9cessaire aux clients pour mieux supporter les journ\u00e9es les plus chaudes de l&rsquo;\u00e9t\u00e9.\u00a0\u00bb text_color_type=\u00a0\u00bbuncode-palette\u00a0\u00bb text_color_solid=\u00a0\u00bb#ff0000&Prime;]ENVIRONNEMENT CALME ET NATUREL[\/vc_custom_heading][\/vc_column][\/vc_row][vc_row row_height_percent=\u00a0\u00bb0&Prime; overlay_alpha=\u00a0\u00bb50&Prime; gutter_size=\u00a0\u00bb3&Prime; column_width_percent=\u00a0\u00bb100&Prime; shift_y=\u00a0\u00bb0&Prime; z_index=\u00a0\u00bb0&Prime; uncode_shortcode_id=\u00a0\u00bb166984&Prime;][vc_column width=\u00a0\u00bb1\/2&Prime;][vc_custom_heading text_size=\u00a0\u00bbh5&Prime; uncode_shortcode_id=\u00a0\u00bb798546&Prime; subheading=\u00a0\u00bbVous trouverez tous les services n\u00e9cessaires \u00e0 votre s\u00e9jour au Camping Rodas et dans ses environs. En plus de tous ces services pour le <b>confort de l&rsquo;h\u00e9bergement et l&rsquo;hygi\u00e8ne<\/b>, dans le camping, vous pouvez \u00e9galement avoir un certain nombre de services qui vous aideront \u00e0 profiter au maximum de votre passage par le camping : un bar-restaurant, une terrasse, deux piscines, un espace pour enfants, une boutique et aussi la possibilit\u00e9 de louer des v\u00e9los pour faire un parcours amusant en famille. \u00c0 distance de marche du camping, vous trouverez \u00e9galement des supermarch\u00e9s, des plages et toutes sortes de commerces et de services.\u00a0\u00bb]TOUT CE DONT VOUS AVEZ BESOIN POUR PASSER UN BON S\u00c9JOUR[\/vc_custom_heading][\/vc_column][vc_column width=\u00a0\u00bb1\/2&Prime;][vc_single_image media=\u00a0\u00bb83864&Prime; media_width_percent=\u00a0\u00bb100&Prime; advanced=\u00a0\u00bbyes\u00a0\u00bb media_overlay_opacity=\u00a0\u00bb30&Prime; media_padding=\u00a0\u00bb2&Prime; uncode_shortcode_id=\u00a0\u00bb182886&Prime;][\/vc_column][\/vc_row][vc_row][vc_column width=\u00a0\u00bb1\/1&Prime;][uncode_block id=\u00a0\u00bb83903&Prime;][\/vc_column][\/vc_row]<\/p>\n<\/div>","protected":false},"excerpt":{"rendered":"<p>[vc_row row_height_percent=\u00a0\u00bb0&Prime; override_padding=\u00a0\u00bbyes\u00a0\u00bb h_padding=\u00a0\u00bb2&Prime; top_padding=\u00a0\u00bb3&Prime; bottom_padding=\u00a0\u00bb2&Prime; overlay_alpha=\u00a0\u00bb50&Prime; gutter_size=\u00a0\u00bb3&Prime; column_width_percent=\u00a0\u00bb100&Prime; shift_y=\u00a0\u00bb0&Prime; z_index=\u00a0\u00bb0&Prime; uncode_shortcode_id=\u00a0\u00bb165558&Prime;][vc_column width=\u00a0\u00bb1\/2&Prime;][vc_single_image media=\u00a0\u00bb83838&Prime; media_width_percent=\u00a0\u00bb100&Prime; advanced=\u00a0\u00bbyes\u00a0\u00bb media_overlay_opacity=\u00a0\u00bb30&Prime; media_padding=\u00a0\u00bb2&Prime; uncode_shortcode_id=\u00a0\u00bb183656&Prime;][\/vc_column][vc_column width=\u00a0\u00bb1\/2&Prime;][vc_custom_heading [&hellip;]<\/p>\n","protected":false},"author":2,"featured_media":83833,"parent":0,"menu_order":112,"comment_status":"closed","ping_status":"closed","template":"","meta":{"footnotes":""},"class_list":["post-85540","page","type-page","status-publish","has-post-thumbnail","hentry"],"yoast_head":"<!-- This site is optimized with the Yoast SEO plugin v25.2 - https:\/\/yoast.com\/wordpress\/plugins\/seo\/ -->\n<title>Bienvenue - Camping Rodas | Roses |\u00a0Costa brava<\/title>\n<meta name=\"robots\" content=\"index, follow, max-snippet:-1, max-image-preview:large, max-video-preview:-1\" \/>\n<link rel=\"canonical\" href=\"https:\/\/www.campingrodas.com\/fr\/bienvenue\/\" \/>\n<meta property=\"og:locale\" content=\"fr_FR\" \/>\n<meta property=\"og:type\" content=\"article\" \/>\n<meta property=\"og:title\" content=\"Bienvenue - Camping Rodas | Roses |\u00a0Costa brava\" \/>\n<meta property=\"og:description\" content=\"[vc_row row_height_percent=\u00a0\u00bb0&Prime; override_padding=\u00a0\u00bbyes\u00a0\u00bb h_padding=\u00a0\u00bb2&Prime; top_padding=\u00a0\u00bb3&Prime; bottom_padding=\u00a0\u00bb2&Prime; overlay_alpha=\u00a0\u00bb50&Prime; gutter_size=\u00a0\u00bb3&Prime; column_width_percent=\u00a0\u00bb100&Prime; shift_y=\u00a0\u00bb0&Prime; z_index=\u00a0\u00bb0&Prime; uncode_shortcode_id=\u00a0\u00bb165558&Prime;][vc_column width=\u00a0\u00bb1\/2&Prime;][vc_single_image media=\u00a0\u00bb83838&Prime; media_width_percent=\u00a0\u00bb100&Prime; advanced=\u00a0\u00bbyes\u00a0\u00bb media_overlay_opacity=\u00a0\u00bb30&Prime; media_padding=\u00a0\u00bb2&Prime; uncode_shortcode_id=\u00a0\u00bb183656&Prime;][\/vc_column][vc_column width=\u00a0\u00bb1\/2&Prime;][vc_custom_heading [&hellip;]\" \/>\n<meta property=\"og:url\" content=\"https:\/\/www.campingrodas.com\/fr\/bienvenue\/\" \/>\n<meta property=\"og:site_name\" content=\"Camping Rodas | Roses |\u00a0Costa brava\" \/>\n<meta property=\"article:publisher\" content=\"https:\/\/www.facebook.com\/campingrodas\" \/>\n<meta property=\"article:modified_time\" content=\"2022-08-11T10:30:49+00:00\" \/>\n<meta property=\"og:image\" content=\"https:\/\/www.campingrodas.com\/wp-content\/uploads\/2022\/05\/camping-rodas_header_benvinguts.jpg\" \/>\n\t<meta property=\"og:image:width\" content=\"2000\" \/>\n\t<meta property=\"og:image:height\" content=\"750\" \/>\n\t<meta property=\"og:image:type\" content=\"image\/jpeg\" \/>\n<meta name=\"twitter:card\" content=\"summary_large_image\" \/>\n<meta name=\"twitter:site\" content=\"@campingrodas\" \/>\n<meta name=\"twitter:label1\" content=\"Dur\u00e9e de lecture estim\u00e9e\" \/>\n\t<meta name=\"twitter:data1\" content=\"3 minutes\" \/>\n<script type=\"application\/ld+json\" class=\"yoast-schema-graph\">{\"@context\":\"https:\/\/schema.org\",\"@graph\":[{\"@type\":\"WebPage\",\"@id\":\"https:\/\/www.campingrodas.com\/fr\/bienvenue\/\",\"url\":\"https:\/\/www.campingrodas.com\/fr\/bienvenue\/\",\"name\":\"Bienvenue - Camping Rodas | Roses |\u00a0Costa brava\",\"isPartOf\":{\"@id\":\"https:\/\/www.campingrodas.com\/fr\/#website\"},\"primaryImageOfPage\":{\"@id\":\"https:\/\/www.campingrodas.com\/fr\/bienvenue\/#primaryimage\"},\"image\":{\"@id\":\"https:\/\/www.campingrodas.com\/fr\/bienvenue\/#primaryimage\"},\"thumbnailUrl\":\"https:\/\/www.campingrodas.com\/wp-content\/uploads\/2022\/05\/camping-rodas_header_benvinguts.jpg\",\"datePublished\":\"2022-05-09T08:40:20+00:00\",\"dateModified\":\"2022-08-11T10:30:49+00:00\",\"breadcrumb\":{\"@id\":\"https:\/\/www.campingrodas.com\/fr\/bienvenue\/#breadcrumb\"},\"inLanguage\":\"fr-FR\",\"potentialAction\":[{\"@type\":\"ReadAction\",\"target\":[\"https:\/\/www.campingrodas.com\/fr\/bienvenue\/\"]}]},{\"@type\":\"ImageObject\",\"inLanguage\":\"fr-FR\",\"@id\":\"https:\/\/www.campingrodas.com\/fr\/bienvenue\/#primaryimage\",\"url\":\"https:\/\/www.campingrodas.com\/wp-content\/uploads\/2022\/05\/camping-rodas_header_benvinguts.jpg\",\"contentUrl\":\"https:\/\/www.campingrodas.com\/wp-content\/uploads\/2022\/05\/camping-rodas_header_benvinguts.jpg\",\"width\":2000,\"height\":750,\"caption\":\"slider-benvinguts\"},{\"@type\":\"BreadcrumbList\",\"@id\":\"https:\/\/www.campingrodas.com\/fr\/bienvenue\/#breadcrumb\",\"itemListElement\":[{\"@type\":\"ListItem\",\"position\":1,\"name\":\"Inici\",\"item\":\"https:\/\/www.campingrodas.com\/fr\/\"},{\"@type\":\"ListItem\",\"position\":2,\"name\":\"Bienvenue\"}]},{\"@type\":\"WebSite\",\"@id\":\"https:\/\/www.campingrodas.com\/fr\/#website\",\"url\":\"https:\/\/www.campingrodas.com\/fr\/\",\"name\":\"Camping Rodas | Roses |\u00a0Costa brava\",\"description\":\"Camping familiar ubicado en el la entrada del pueblo de Roses, muy cerca de la playa de Santa Margarita\",\"publisher\":{\"@id\":\"https:\/\/www.campingrodas.com\/fr\/#organization\"},\"potentialAction\":[{\"@type\":\"SearchAction\",\"target\":{\"@type\":\"EntryPoint\",\"urlTemplate\":\"https:\/\/www.campingrodas.com\/fr\/?s={search_term_string}\"},\"query-input\":{\"@type\":\"PropertyValueSpecification\",\"valueRequired\":true,\"valueName\":\"search_term_string\"}}],\"inLanguage\":\"fr-FR\"},{\"@type\":\"Organization\",\"@id\":\"https:\/\/www.campingrodas.com\/fr\/#organization\",\"name\":\"Camping Rodas\",\"url\":\"https:\/\/www.campingrodas.com\/fr\/\",\"logo\":{\"@type\":\"ImageObject\",\"inLanguage\":\"fr-FR\",\"@id\":\"https:\/\/www.campingrodas.com\/fr\/#\/schema\/logo\/image\/\",\"url\":\"https:\/\/www.campingrodas.com\/wp-content\/uploads\/2022\/04\/camping-rodas_logo_positiu.png\",\"contentUrl\":\"https:\/\/www.campingrodas.com\/wp-content\/uploads\/2022\/04\/camping-rodas_logo_positiu.png\",\"width\":229,\"height\":53,\"caption\":\"Camping Rodas\"},\"image\":{\"@id\":\"https:\/\/www.campingrodas.com\/fr\/#\/schema\/logo\/image\/\"},\"sameAs\":[\"https:\/\/www.facebook.com\/campingrodas\",\"https:\/\/x.com\/campingrodas\",\"https:\/\/www.instagram.com\/campingrodas\/\"]}]}<\/script>\n<!-- \/ Yoast SEO plugin. -->","yoast_head_json":{"title":"Bienvenue - Camping Rodas | Roses |\u00a0Costa brava","robots":{"index":"index","follow":"follow","max-snippet":"max-snippet:-1","max-image-preview":"max-image-preview:large","max-video-preview":"max-video-preview:-1"},"canonical":"https:\/\/www.campingrodas.com\/fr\/bienvenue\/","og_locale":"fr_FR","og_type":"article","og_title":"Bienvenue - Camping Rodas | Roses |\u00a0Costa brava","og_description":"[vc_row row_height_percent=\u00a0\u00bb0&Prime; override_padding=\u00a0\u00bbyes\u00a0\u00bb h_padding=\u00a0\u00bb2&Prime; top_padding=\u00a0\u00bb3&Prime; bottom_padding=\u00a0\u00bb2&Prime; overlay_alpha=\u00a0\u00bb50&Prime; gutter_size=\u00a0\u00bb3&Prime; column_width_percent=\u00a0\u00bb100&Prime; shift_y=\u00a0\u00bb0&Prime; z_index=\u00a0\u00bb0&Prime; uncode_shortcode_id=\u00a0\u00bb165558&Prime;][vc_column width=\u00a0\u00bb1\/2&Prime;][vc_single_image media=\u00a0\u00bb83838&Prime; media_width_percent=\u00a0\u00bb100&Prime; advanced=\u00a0\u00bbyes\u00a0\u00bb media_overlay_opacity=\u00a0\u00bb30&Prime; media_padding=\u00a0\u00bb2&Prime; uncode_shortcode_id=\u00a0\u00bb183656&Prime;][\/vc_column][vc_column width=\u00a0\u00bb1\/2&Prime;][vc_custom_heading [&hellip;]","og_url":"https:\/\/www.campingrodas.com\/fr\/bienvenue\/","og_site_name":"Camping Rodas | Roses |\u00a0Costa brava","article_publisher":"https:\/\/www.facebook.com\/campingrodas","article_modified_time":"2022-08-11T10:30:49+00:00","og_image":[{"width":2000,"height":750,"url":"https:\/\/www.campingrodas.com\/wp-content\/uploads\/2022\/05\/camping-rodas_header_benvinguts.jpg","type":"image\/jpeg"}],"twitter_card":"summary_large_image","twitter_site":"@campingrodas","twitter_misc":{"Dur\u00e9e de lecture estim\u00e9e":"3 minutes"},"schema":{"@context":"https:\/\/schema.org","@graph":[{"@type":"WebPage","@id":"https:\/\/www.campingrodas.com\/fr\/bienvenue\/","url":"https:\/\/www.campingrodas.com\/fr\/bienvenue\/","name":"Bienvenue - Camping Rodas | Roses |\u00a0Costa brava","isPartOf":{"@id":"https:\/\/www.campingrodas.com\/fr\/#website"},"primaryImageOfPage":{"@id":"https:\/\/www.campingrodas.com\/fr\/bienvenue\/#primaryimage"},"image":{"@id":"https:\/\/www.campingrodas.com\/fr\/bienvenue\/#primaryimage"},"thumbnailUrl":"https:\/\/www.campingrodas.com\/wp-content\/uploads\/2022\/05\/camping-rodas_header_benvinguts.jpg","datePublished":"2022-05-09T08:40:20+00:00","dateModified":"2022-08-11T10:30:49+00:00","breadcrumb":{"@id":"https:\/\/www.campingrodas.com\/fr\/bienvenue\/#breadcrumb"},"inLanguage":"fr-FR","potentialAction":[{"@type":"ReadAction","target":["https:\/\/www.campingrodas.com\/fr\/bienvenue\/"]}]},{"@type":"ImageObject","inLanguage":"fr-FR","@id":"https:\/\/www.campingrodas.com\/fr\/bienvenue\/#primaryimage","url":"https:\/\/www.campingrodas.com\/wp-content\/uploads\/2022\/05\/camping-rodas_header_benvinguts.jpg","contentUrl":"https:\/\/www.campingrodas.com\/wp-content\/uploads\/2022\/05\/camping-rodas_header_benvinguts.jpg","width":2000,"height":750,"caption":"slider-benvinguts"},{"@type":"BreadcrumbList","@id":"https:\/\/www.campingrodas.com\/fr\/bienvenue\/#breadcrumb","itemListElement":[{"@type":"ListItem","position":1,"name":"Inici","item":"https:\/\/www.campingrodas.com\/fr\/"},{"@type":"ListItem","position":2,"name":"Bienvenue"}]},{"@type":"WebSite","@id":"https:\/\/www.campingrodas.com\/fr\/#website","url":"https:\/\/www.campingrodas.com\/fr\/","name":"Camping Rodas | Roses |\u00a0Costa brava","description":"Camping familiar ubicado en el la entrada del pueblo de Roses, muy cerca de la playa de Santa Margarita","publisher":{"@id":"https:\/\/www.campingrodas.com\/fr\/#organization"},"potentialAction":[{"@type":"SearchAction","target":{"@type":"EntryPoint","urlTemplate":"https:\/\/www.campingrodas.com\/fr\/?s={search_term_string}"},"query-input":{"@type":"PropertyValueSpecification","valueRequired":true,"valueName":"search_term_string"}}],"inLanguage":"fr-FR"},{"@type":"Organization","@id":"https:\/\/www.campingrodas.com\/fr\/#organization","name":"Camping Rodas","url":"https:\/\/www.campingrodas.com\/fr\/","logo":{"@type":"ImageObject","inLanguage":"fr-FR","@id":"https:\/\/www.campingrodas.com\/fr\/#\/schema\/logo\/image\/","url":"https:\/\/www.campingrodas.com\/wp-content\/uploads\/2022\/04\/camping-rodas_logo_positiu.png","contentUrl":"https:\/\/www.campingrodas.com\/wp-content\/uploads\/2022\/04\/camping-rodas_logo_positiu.png","width":229,"height":53,"caption":"Camping Rodas"},"image":{"@id":"https:\/\/www.campingrodas.com\/fr\/#\/schema\/logo\/image\/"},"sameAs":["https:\/\/www.facebook.com\/campingrodas","https:\/\/x.com\/campingrodas","https:\/\/www.instagram.com\/campingrodas\/"]}]}},"_links":{"self":[{"href":"https:\/\/www.campingrodas.com\/fr\/wp-json\/wp\/v2\/pages\/85540","targetHints":{"allow":["GET"]}}],"collection":[{"href":"https:\/\/www.campingrodas.com\/fr\/wp-json\/wp\/v2\/pages"}],"about":[{"href":"https:\/\/www.campingrodas.com\/fr\/wp-json\/wp\/v2\/types\/page"}],"author":[{"embeddable":true,"href":"https:\/\/www.campingrodas.com\/fr\/wp-json\/wp\/v2\/users\/2"}],"replies":[{"embeddable":true,"href":"https:\/\/www.campingrodas.com\/fr\/wp-json\/wp\/v2\/comments?post=85540"}],"version-history":[{"count":0,"href":"https:\/\/www.campingrodas.com\/fr\/wp-json\/wp\/v2\/pages\/85540\/revisions"}],"wp:featuredmedia":[{"embeddable":true,"href":"https:\/\/www.campingrodas.com\/fr\/wp-json\/wp\/v2\/media\/83833"}],"wp:attachment":[{"href":"https:\/\/www.campingrodas.com\/fr\/wp-json\/wp\/v2\/media?parent=85540"}],"curies":[{"name":"wp","href":"https:\/\/api.w.org\/{rel}","templated":true}]}}