{"id":85771,"date":"2022-05-11T14:45:53","date_gmt":"2022-05-11T12:45:53","guid":{"rendered":"https:\/\/rodas.efimatica.com\/bolsa-de-trabajo\/"},"modified":"2022-07-28T17:12:37","modified_gmt":"2022-07-28T15:12:37","slug":"stellenangebote","status":"publish","type":"page","link":"https:\/\/www.campingrodas.com\/de\/stellenangebote\/","title":{"rendered":"Stellenangebote"},"content":{"rendered":"<div class=\"wpb-content-wrapper\"><p>[vc_row row_height_percent=&#8220;0&#8243; override_padding=&#8220;yes&#8220; h_padding=&#8220;2&#8243; top_padding=&#8220;3&#8243; bottom_padding=&#8220;3&#8243; overlay_alpha=&#8220;50&#8243; gutter_size=&#8220;3&#8243; column_width_percent=&#8220;100&#8243; shift_y=&#8220;0&#8243; z_index=&#8220;0&#8243; uncode_shortcode_id=&#8220;193949&#8243;][vc_column width=&#8220;1\/2&#8243;][vc_custom_heading text_size=&#8220;fontsize-644037&#8243; uncode_shortcode_id=&#8220;121355&#8243; subheading=&#8220;Sind Sie an einer Zusammenarbeit mit uns interessiert? Dann f\u00fcgen Sie bitte Ihren Lebenslauf bei und senden Sie uns eine pers\u00f6nliche Nachricht \u00fcber das untenstehende Formular!&#8220;]STELLENANGEBOTE[\/vc_custom_heading][vc_icon position=&#8220;left&#8220; space_reduced=&#8220;yes&#8220; icon=&#8220;fa fa-map-marker2&#8243; icon_color=&#8220;accent&#8220; text_font=&#8220;font-Hind&#8220; text_size=&#8220;h5&#8243; text_weight=&#8220;400&#8243; uncode_shortcode_id=&#8220;486994&#8243; title=&#8220;C\/ Punta falconera 62. Roses&#8220; icon_color_type=&#8220;uncode-palette&#8220;][\/vc_icon][vc_icon position=&#8220;left&#8220; space_reduced=&#8220;yes&#8220; icon=&#8220;fa fa-phone-handset&#8220; icon_color=&#8220;accent&#8220; text_font=&#8220;font-Hind&#8220; text_size=&#8220;h5&#8243; text_weight=&#8220;400&#8243; uncode_shortcode_id=&#8220;194562&#8243; title=&#8220;+34 972 257 617&#8243; icon_color_type=&#8220;uncode-palette&#8220;][\/vc_icon][vc_icon position=&#8220;left&#8220; space_reduced=&#8220;yes&#8220; icon=&#8220;fa fa-envelope3&#8243; icon_color=&#8220;accent&#8220; text_font=&#8220;font-Hind&#8220; text_size=&#8220;h5&#8243; text_weight=&#8220;400&#8243; uncode_shortcode_id=&#8220;235223&#8243; title=&#8220;info@campingrodas.com&#8220; icon_color_type=&#8220;uncode-palette&#8220;][\/vc_icon][\/vc_column][vc_column width=&#8220;1\/2&#8243;]\n<div class=\"wpcf7 no-js\" id=\"wpcf7-f85919-o1\" lang=\"ca\" dir=\"ltr\" data-wpcf7-id=\"85919\">\n<div class=\"screen-reader-response\"><p role=\"status\" aria-live=\"polite\" aria-atomic=\"true\"><\/p> <ul><\/ul><\/div>\n<form action=\"\/de\/wp-json\/wp\/v2\/pages\/85771#wpcf7-f85919-o1\" method=\"post\" class=\"wpcf7-form init\" aria-label=\"Formulari de contacte\" enctype=\"multipart\/form-data\" novalidate=\"novalidate\" data-status=\"init\">\n<div style=\"display: none;\">\n<input type=\"hidden\" name=\"_wpcf7\" value=\"85919\" \/>\n<input type=\"hidden\" name=\"_wpcf7_version\" value=\"6.0.6\" \/>\n<input type=\"hidden\" name=\"_wpcf7_locale\" value=\"ca\" \/>\n<input type=\"hidden\" name=\"_wpcf7_unit_tag\" value=\"wpcf7-f85919-o1\" \/>\n<input type=\"hidden\" name=\"_wpcf7_container_post\" value=\"0\" \/>\n<input type=\"hidden\" name=\"_wpcf7_posted_data_hash\" value=\"\" \/>\n<input type=\"hidden\" name=\"_wpcf7_recaptcha_response\" value=\"\" \/>\n<\/div>\n<div class=\"wpcf7-inline-wrapper\">\n\t<p class=\"wpcf7-inline-field\"><span class=\"wpcf7-form-control-wrap\" data-name=\"your-name\"><input size=\"40\" maxlength=\"400\" class=\"wpcf7-form-control wpcf7-text wpcf7-validates-as-required form-control\" aria-required=\"true\" aria-invalid=\"false\" placeholder=\"Name *\" value=\"\" type=\"text\" name=\"your-name\" \/><\/span>\n\t<\/p>\n\t<p class=\"wpcf7-inline-field\"><span class=\"wpcf7-form-control-wrap\" data-name=\"your-email\"><input size=\"40\" maxlength=\"400\" class=\"wpcf7-form-control wpcf7-email wpcf7-validates-as-required wpcf7-text wpcf7-validates-as-email form-control\" aria-required=\"true\" aria-invalid=\"false\" placeholder=\"E-mail *\" value=\"\" type=\"email\" name=\"your-email\" \/><\/span>\n\t<\/p>\n<\/div>\n<div class=\"wpcf7-inline-wrapper\">\n\t<p class=\"wpcf7-inline-field\"><span class=\"wpcf7-form-control-wrap\" data-name=\"text-906\"><input size=\"40\" maxlength=\"400\" class=\"wpcf7-form-control wpcf7-text wpcf7-validates-as-required form-control\" aria-required=\"true\" aria-invalid=\"false\" placeholder=\"Telefon *\" value=\"\" type=\"text\" name=\"text-906\" \/><\/span>\n\t<\/p>\n\t<p class=\"wpcf7-inline-field\"><span class=\"wpcf7-form-control-wrap\" data-name=\"your-subject\"><input size=\"40\" maxlength=\"400\" class=\"wpcf7-form-control wpcf7-text wpcf7-validates-as-required form-control\" aria-required=\"true\" aria-invalid=\"false\" placeholder=\"Betreff *\" value=\"\" type=\"text\" name=\"your-subject\" \/><\/span>\n\t<\/p>\n<\/div>\n<p><span class=\"wpcf7-form-control-wrap\" data-name=\"textarea-644\"><textarea cols=\"40\" rows=\"10\" maxlength=\"2000\" class=\"wpcf7-form-control wpcf7-textarea wpcf7-validates-as-required form-control\" aria-required=\"true\" aria-invalid=\"false\" placeholder=\"Ihre Nachricht *\" name=\"textarea-644\"><\/textarea><\/span>\n<\/p>\n<p>CV beif\u00fcgen <span class=\"wpcf7-form-control-wrap\" data-name=\"curriculum\"><input size=\"40\" class=\"wpcf7-form-control wpcf7-file\" accept=\".pdf,.txt,.doc,.docx\" aria-invalid=\"false\" type=\"file\" name=\"curriculum\" \/><\/span>\n<\/p>\n<p class=\"wpcf7-inline-field\"><br \/>\n<span class=\"wpcf7-form-control-wrap\" data-name=\"acceptance-984\"><span class=\"wpcf7-form-control wpcf7-acceptance\"><span class=\"wpcf7-list-item\"><label><input type=\"checkbox\" name=\"acceptance-984\" value=\"1\" aria-invalid=\"false\" \/><span class=\"wpcf7-list-item-label\">Ich stimme zu <a target=\"_blank\" href=\"\/politica-de-privadesa\/\">die Datenschutzrichtlinie.<\/a><\/span><\/label><\/span><\/span><\/span>\n<\/p>\n<p class=\"wpcf7-inline-field\"><br \/>\n<input class=\"wpcf7-form-control wpcf7-submit has-spinner btn btn-accent\" type=\"submit\" value=\"SENDEN\" \/>\n<\/p><p style=\"display: none !important;\" class=\"akismet-fields-container\" data-prefix=\"_wpcf7_ak_\"><label>&#916;<textarea name=\"_wpcf7_ak_hp_textarea\" cols=\"45\" rows=\"8\" maxlength=\"100\"><\/textarea><\/label><input type=\"hidden\" id=\"ak_js_1\" name=\"_wpcf7_ak_js\" value=\"41\"\/><script>document.getElementById( \"ak_js_1\" ).setAttribute( \"value\", ( new Date() ).getTime() );<\/script><\/p><div class=\"wpcf7-response-output\" aria-hidden=\"true\"><\/div>\n<\/form>\n<\/div>\n[\/vc_column][\/vc_row][vc_row][vc_column width=&#8220;1\/1&#8243;][uncode_block id=&#8220;83903&#8243;][\/vc_column][\/vc_row]<\/p>\n<\/div>","protected":false},"excerpt":{"rendered":"<p>[vc_row row_height_percent=&#8220;0&#8243; override_padding=&#8220;yes&#8220; h_padding=&#8220;2&#8243; top_padding=&#8220;3&#8243; bottom_padding=&#8220;3&#8243; overlay_alpha=&#8220;50&#8243; gutter_size=&#8220;3&#8243; column_width_percent=&#8220;100&#8243; shift_y=&#8220;0&#8243; z_index=&#8220;0&#8243; uncode_shortcode_id=&#8220;193949&#8243;][vc_column width=&#8220;1\/2&#8243;][vc_custom_heading text_size=&#8220;fontsize-644037&#8243; uncode_shortcode_id=&#8220;121355&#8243; subheading=&#8220;Sind Sie an einer Zusammenarbeit [&hellip;]<\/p>\n","protected":false},"author":2,"featured_media":84568,"parent":0,"menu_order":42,"comment_status":"closed","ping_status":"closed","template":"","meta":{"footnotes":""},"class_list":["post-85771","page","type-page","status-publish","has-post-thumbnail","hentry"],"yoast_head":"<!-- This site is optimized with the Yoast SEO plugin v25.2 - https:\/\/yoast.com\/wordpress\/plugins\/seo\/ -->\n<title>Stellenangebote - Camping Rodas | Roses |\u00a0Costa brava<\/title>\n<meta name=\"robots\" content=\"index, follow, max-snippet:-1, max-image-preview:large, max-video-preview:-1\" \/>\n<link rel=\"canonical\" href=\"https:\/\/www.campingrodas.com\/de\/stellenangebote\/\" \/>\n<meta property=\"og:locale\" content=\"de_DE\" \/>\n<meta property=\"og:type\" content=\"article\" \/>\n<meta property=\"og:title\" content=\"Stellenangebote - Camping Rodas | Roses |\u00a0Costa brava\" \/>\n<meta property=\"og:description\" content=\"[vc_row row_height_percent=&#8220;0&#8243; override_padding=&#8220;yes&#8220; h_padding=&#8220;2&#8243; top_padding=&#8220;3&#8243; bottom_padding=&#8220;3&#8243; overlay_alpha=&#8220;50&#8243; gutter_size=&#8220;3&#8243; column_width_percent=&#8220;100&#8243; shift_y=&#8220;0&#8243; z_index=&#8220;0&#8243; uncode_shortcode_id=&#8220;193949&#8243;][vc_column width=&#8220;1\/2&#8243;][vc_custom_heading text_size=&#8220;fontsize-644037&#8243; uncode_shortcode_id=&#8220;121355&#8243; subheading=&#8220;Sind Sie an einer Zusammenarbeit [&hellip;]\" \/>\n<meta property=\"og:url\" content=\"https:\/\/www.campingrodas.com\/de\/stellenangebote\/\" \/>\n<meta property=\"og:site_name\" content=\"Camping Rodas | Roses |\u00a0Costa brava\" \/>\n<meta property=\"article:publisher\" content=\"https:\/\/www.facebook.com\/campingrodas\" \/>\n<meta property=\"article:modified_time\" content=\"2022-07-28T15:12:37+00:00\" \/>\n<meta property=\"og:image\" content=\"https:\/\/www.campingrodas.com\/wp-content\/uploads\/2022\/05\/slider-borsa_treball.jpg\" \/>\n\t<meta property=\"og:image:width\" content=\"2000\" \/>\n\t<meta property=\"og:image:height\" content=\"750\" \/>\n\t<meta property=\"og:image:type\" content=\"image\/jpeg\" \/>\n<meta name=\"twitter:card\" content=\"summary_large_image\" \/>\n<meta name=\"twitter:site\" content=\"@campingrodas\" \/>\n<meta name=\"twitter:label1\" content=\"Gesch\u00e4tzte Lesezeit\" \/>\n\t<meta name=\"twitter:data1\" content=\"1\u00a0Minute\" \/>\n<script type=\"application\/ld+json\" class=\"yoast-schema-graph\">{\"@context\":\"https:\/\/schema.org\",\"@graph\":[{\"@type\":\"WebPage\",\"@id\":\"https:\/\/www.campingrodas.com\/de\/stellenangebote\/\",\"url\":\"https:\/\/www.campingrodas.com\/de\/stellenangebote\/\",\"name\":\"Stellenangebote - Camping Rodas | Roses |\u00a0Costa brava\",\"isPartOf\":{\"@id\":\"https:\/\/www.campingrodas.com\/de\/#website\"},\"primaryImageOfPage\":{\"@id\":\"https:\/\/www.campingrodas.com\/de\/stellenangebote\/#primaryimage\"},\"image\":{\"@id\":\"https:\/\/www.campingrodas.com\/de\/stellenangebote\/#primaryimage\"},\"thumbnailUrl\":\"https:\/\/www.campingrodas.com\/wp-content\/uploads\/2022\/05\/slider-borsa_treball.jpg\",\"datePublished\":\"2022-05-11T12:45:53+00:00\",\"dateModified\":\"2022-07-28T15:12:37+00:00\",\"breadcrumb\":{\"@id\":\"https:\/\/www.campingrodas.com\/de\/stellenangebote\/#breadcrumb\"},\"inLanguage\":\"de\",\"potentialAction\":[{\"@type\":\"ReadAction\",\"target\":[\"https:\/\/www.campingrodas.com\/de\/stellenangebote\/\"]}]},{\"@type\":\"ImageObject\",\"inLanguage\":\"de\",\"@id\":\"https:\/\/www.campingrodas.com\/de\/stellenangebote\/#primaryimage\",\"url\":\"https:\/\/www.campingrodas.com\/wp-content\/uploads\/2022\/05\/slider-borsa_treball.jpg\",\"contentUrl\":\"https:\/\/www.campingrodas.com\/wp-content\/uploads\/2022\/05\/slider-borsa_treball.jpg\",\"width\":2000,\"height\":750,\"caption\":\"slider-borsa_treball\"},{\"@type\":\"BreadcrumbList\",\"@id\":\"https:\/\/www.campingrodas.com\/de\/stellenangebote\/#breadcrumb\",\"itemListElement\":[{\"@type\":\"ListItem\",\"position\":1,\"name\":\"Inici\",\"item\":\"https:\/\/www.campingrodas.com\/de\/\"},{\"@type\":\"ListItem\",\"position\":2,\"name\":\"Stellenangebote\"}]},{\"@type\":\"WebSite\",\"@id\":\"https:\/\/www.campingrodas.com\/de\/#website\",\"url\":\"https:\/\/www.campingrodas.com\/de\/\",\"name\":\"Camping Rodas | Roses |\u00a0Costa brava\",\"description\":\"Camping familiar ubicado en el la entrada del pueblo de Roses, muy cerca de la playa de Santa Margarita\",\"publisher\":{\"@id\":\"https:\/\/www.campingrodas.com\/de\/#organization\"},\"potentialAction\":[{\"@type\":\"SearchAction\",\"target\":{\"@type\":\"EntryPoint\",\"urlTemplate\":\"https:\/\/www.campingrodas.com\/de\/?s={search_term_string}\"},\"query-input\":{\"@type\":\"PropertyValueSpecification\",\"valueRequired\":true,\"valueName\":\"search_term_string\"}}],\"inLanguage\":\"de\"},{\"@type\":\"Organization\",\"@id\":\"https:\/\/www.campingrodas.com\/de\/#organization\",\"name\":\"Camping Rodas\",\"url\":\"https:\/\/www.campingrodas.com\/de\/\",\"logo\":{\"@type\":\"ImageObject\",\"inLanguage\":\"de\",\"@id\":\"https:\/\/www.campingrodas.com\/de\/#\/schema\/logo\/image\/\",\"url\":\"https:\/\/www.campingrodas.com\/wp-content\/uploads\/2022\/04\/camping-rodas_logo_positiu.png\",\"contentUrl\":\"https:\/\/www.campingrodas.com\/wp-content\/uploads\/2022\/04\/camping-rodas_logo_positiu.png\",\"width\":229,\"height\":53,\"caption\":\"Camping Rodas\"},\"image\":{\"@id\":\"https:\/\/www.campingrodas.com\/de\/#\/schema\/logo\/image\/\"},\"sameAs\":[\"https:\/\/www.facebook.com\/campingrodas\",\"https:\/\/x.com\/campingrodas\",\"https:\/\/www.instagram.com\/campingrodas\/\"]}]}<\/script>\n<!-- \/ Yoast SEO plugin. -->","yoast_head_json":{"title":"Stellenangebote - Camping Rodas | Roses |\u00a0Costa brava","robots":{"index":"index","follow":"follow","max-snippet":"max-snippet:-1","max-image-preview":"max-image-preview:large","max-video-preview":"max-video-preview:-1"},"canonical":"https:\/\/www.campingrodas.com\/de\/stellenangebote\/","og_locale":"de_DE","og_type":"article","og_title":"Stellenangebote - Camping Rodas | Roses |\u00a0Costa brava","og_description":"[vc_row row_height_percent=&#8220;0&#8243; override_padding=&#8220;yes&#8220; h_padding=&#8220;2&#8243; top_padding=&#8220;3&#8243; bottom_padding=&#8220;3&#8243; overlay_alpha=&#8220;50&#8243; gutter_size=&#8220;3&#8243; column_width_percent=&#8220;100&#8243; shift_y=&#8220;0&#8243; z_index=&#8220;0&#8243; uncode_shortcode_id=&#8220;193949&#8243;][vc_column width=&#8220;1\/2&#8243;][vc_custom_heading text_size=&#8220;fontsize-644037&#8243; uncode_shortcode_id=&#8220;121355&#8243; subheading=&#8220;Sind Sie an einer Zusammenarbeit [&hellip;]","og_url":"https:\/\/www.campingrodas.com\/de\/stellenangebote\/","og_site_name":"Camping Rodas | Roses |\u00a0Costa brava","article_publisher":"https:\/\/www.facebook.com\/campingrodas","article_modified_time":"2022-07-28T15:12:37+00:00","og_image":[{"width":2000,"height":750,"url":"https:\/\/www.campingrodas.com\/wp-content\/uploads\/2022\/05\/slider-borsa_treball.jpg","type":"image\/jpeg"}],"twitter_card":"summary_large_image","twitter_site":"@campingrodas","twitter_misc":{"Gesch\u00e4tzte Lesezeit":"1\u00a0Minute"},"schema":{"@context":"https:\/\/schema.org","@graph":[{"@type":"WebPage","@id":"https:\/\/www.campingrodas.com\/de\/stellenangebote\/","url":"https:\/\/www.campingrodas.com\/de\/stellenangebote\/","name":"Stellenangebote - Camping Rodas | Roses |\u00a0Costa brava","isPartOf":{"@id":"https:\/\/www.campingrodas.com\/de\/#website"},"primaryImageOfPage":{"@id":"https:\/\/www.campingrodas.com\/de\/stellenangebote\/#primaryimage"},"image":{"@id":"https:\/\/www.campingrodas.com\/de\/stellenangebote\/#primaryimage"},"thumbnailUrl":"https:\/\/www.campingrodas.com\/wp-content\/uploads\/2022\/05\/slider-borsa_treball.jpg","datePublished":"2022-05-11T12:45:53+00:00","dateModified":"2022-07-28T15:12:37+00:00","breadcrumb":{"@id":"https:\/\/www.campingrodas.com\/de\/stellenangebote\/#breadcrumb"},"inLanguage":"de","potentialAction":[{"@type":"ReadAction","target":["https:\/\/www.campingrodas.com\/de\/stellenangebote\/"]}]},{"@type":"ImageObject","inLanguage":"de","@id":"https:\/\/www.campingrodas.com\/de\/stellenangebote\/#primaryimage","url":"https:\/\/www.campingrodas.com\/wp-content\/uploads\/2022\/05\/slider-borsa_treball.jpg","contentUrl":"https:\/\/www.campingrodas.com\/wp-content\/uploads\/2022\/05\/slider-borsa_treball.jpg","width":2000,"height":750,"caption":"slider-borsa_treball"},{"@type":"BreadcrumbList","@id":"https:\/\/www.campingrodas.com\/de\/stellenangebote\/#breadcrumb","itemListElement":[{"@type":"ListItem","position":1,"name":"Inici","item":"https:\/\/www.campingrodas.com\/de\/"},{"@type":"ListItem","position":2,"name":"Stellenangebote"}]},{"@type":"WebSite","@id":"https:\/\/www.campingrodas.com\/de\/#website","url":"https:\/\/www.campingrodas.com\/de\/","name":"Camping Rodas | Roses |\u00a0Costa brava","description":"Camping familiar ubicado en el la entrada del pueblo de Roses, muy cerca de la playa de Santa Margarita","publisher":{"@id":"https:\/\/www.campingrodas.com\/de\/#organization"},"potentialAction":[{"@type":"SearchAction","target":{"@type":"EntryPoint","urlTemplate":"https:\/\/www.campingrodas.com\/de\/?s={search_term_string}"},"query-input":{"@type":"PropertyValueSpecification","valueRequired":true,"valueName":"search_term_string"}}],"inLanguage":"de"},{"@type":"Organization","@id":"https:\/\/www.campingrodas.com\/de\/#organization","name":"Camping Rodas","url":"https:\/\/www.campingrodas.com\/de\/","logo":{"@type":"ImageObject","inLanguage":"de","@id":"https:\/\/www.campingrodas.com\/de\/#\/schema\/logo\/image\/","url":"https:\/\/www.campingrodas.com\/wp-content\/uploads\/2022\/04\/camping-rodas_logo_positiu.png","contentUrl":"https:\/\/www.campingrodas.com\/wp-content\/uploads\/2022\/04\/camping-rodas_logo_positiu.png","width":229,"height":53,"caption":"Camping Rodas"},"image":{"@id":"https:\/\/www.campingrodas.com\/de\/#\/schema\/logo\/image\/"},"sameAs":["https:\/\/www.facebook.com\/campingrodas","https:\/\/x.com\/campingrodas","https:\/\/www.instagram.com\/campingrodas\/"]}]}},"_links":{"self":[{"href":"https:\/\/www.campingrodas.com\/de\/wp-json\/wp\/v2\/pages\/85771","targetHints":{"allow":["GET"]}}],"collection":[{"href":"https:\/\/www.campingrodas.com\/de\/wp-json\/wp\/v2\/pages"}],"about":[{"href":"https:\/\/www.campingrodas.com\/de\/wp-json\/wp\/v2\/types\/page"}],"author":[{"embeddable":true,"href":"https:\/\/www.campingrodas.com\/de\/wp-json\/wp\/v2\/users\/2"}],"replies":[{"embeddable":true,"href":"https:\/\/www.campingrodas.com\/de\/wp-json\/wp\/v2\/comments?post=85771"}],"version-history":[{"count":0,"href":"https:\/\/www.campingrodas.com\/de\/wp-json\/wp\/v2\/pages\/85771\/revisions"}],"wp:featuredmedia":[{"embeddable":true,"href":"https:\/\/www.campingrodas.com\/de\/wp-json\/wp\/v2\/media\/84568"}],"wp:attachment":[{"href":"https:\/\/www.campingrodas.com\/de\/wp-json\/wp\/v2\/media?parent=85771"}],"curies":[{"name":"wp","href":"https:\/\/api.w.org\/{rel}","templated":true}]}}