{"id":85748,"date":"2022-05-09T14:46:49","date_gmt":"2022-05-09T12:46:49","guid":{"rendered":"https:\/\/rodas.efimatica.com\/reglamento\/"},"modified":"2022-07-18T11:44:10","modified_gmt":"2022-07-18T09:44:10","slug":"geschaeftsordnung","status":"publish","type":"page","link":"https:\/\/www.campingrodas.com\/de\/geschaeftsordnung\/","title":{"rendered":"Gesch\u00e4ftsordnung"},"content":{"rendered":"<div class=\"wpb-content-wrapper\"><p>[vc_row row_height_percent=&#8220;0&#8243; override_padding=&#8220;yes&#8220; h_padding=&#8220;2&#8243; top_padding=&#8220;3&#8243; bottom_padding=&#8220;3&#8243; overlay_alpha=&#8220;50&#8243; gutter_size=&#8220;3&#8243; column_width_percent=&#8220;100&#8243; shift_y=&#8220;0&#8243; z_index=&#8220;0&#8243; uncode_shortcode_id=&#8220;211939&#8243;][vc_column width=&#8220;1\/1&#8243;][vc_custom_heading text_size=&#8220;h3&#8243; uncode_shortcode_id=&#8220;102689&#8243;]GESCH\u00c4FTSORDNUNG VON CAMPING RODAS[\/vc_custom_heading][vc_column_text uncode_shortcode_id=&#8220;573777&#8243;]<strong>Check-in<\/strong>: Alle G\u00e4ste m\u00fcssen ein offizielles Dokument (keine Fotokopie) vorlegen, das ihre Identit\u00e4t hinreichend nachweist und die Registrierung ihres Check-ins best\u00e4tigt. Auf Anfrage des Personals muss sich der Kunde als angemeldeter Gast ausweisen.<\/p>\n<p><strong>Besuche<\/strong>: Personen von au\u00dferhalb des Campingplatzes, die ihre Familie oder Freunde besuchen m\u00f6chten, m\u00fcssen ihr Fahrzeug au\u00dferhalb des Campingplatzes abstellen und sich bei der Rezeption anmelden. F\u00fcr Besuche wird eine Geb\u00fchr erhoben, die bei der Anmeldung an der Rezeption zu entrichten ist.<\/p>\n<p><strong>Einrichtung<\/strong>: Zelte, Wohnwagen oder anderes Material m\u00fcssen in \u00dcbereinstimmung mit den Regeln der Direktion aufgestellt werden. Es ist strengstens untersagt, den von der Campingplatzleitung zugewiesenen Stellplatz bei der Ankunft zu \u00e4ndern, ohne vorher die Rezeption zu informieren. Es ist verboten, den durch den eigenen Stellplatz begrenzten Raum zu \u00fcberschreiten oder in den Raum der angrenzenden Stellpl\u00e4tze einzudringen.<\/p>\n<p><strong>Abreisezeit<\/strong>: Am Abreisetag m\u00fcssen die Stellpl\u00e4tze vor 12 Uhr ger\u00e4umt sein, bei Mobilheimen und Lodges ist die Abreisezeit 10 Uhr. Wenn Sie zu einem sp\u00e4teren Zeitpunkt abreisen m\u00f6chten, m\u00fcssen Sie f\u00fcr einen zus\u00e4tzlichen ganzen Tag bezahlen. Wenn Sie Ihren Aufenthalt verl\u00e4ngern m\u00f6chten, informieren Sie bitte die Rezeption im Voraus. In diesem Fall m\u00fcssen Sie m\u00f6glicherweise den Standort wechseln.<\/p>\n<p><strong>Bezahlung des Aufenthalts<\/strong>: Die Rechnungen f\u00fcr den Aufenthalt m\u00fcssen am Tag des Check-in an der Rezeption bezahlt werden. Die Bezahlung kann per Kreditkarte und\/oder bar erfolgen. Bankschecks und Urlaubsschecks werden nicht akzeptiert. Im Falle von Sch\u00e4den an den Einrichtungen des Campingplatzes, die auf einen Missbrauch durch den Kunden zur\u00fcckzuf\u00fchren sind, muss der Kunde bei der Abreise den Betrag f\u00fcr die Reparatur oder den Ersatz entrichten.<\/p>\n<p><strong>Fahrzeuge<\/strong>: Um die Einfahrt fremder Fahrzeuge zu verhindern und die Sicherheit der Unterkunft zu kontrollieren, m\u00fcssen alle Fahrzeuge die Kontrollplakette an einer sichtbaren Stelle an der Frontscheibe anbringen. Die Fahrzeuge m\u00fcssen innerhalb ihres Stellplatzes geparkt werden. Die Geschwindigkeit der Fahrzeuge darf 10 km\/h nicht \u00fcberschreiten. Der Verkehr innerhalb des Campingplatzes und die Ein- und Ausfahrt von Fahrzeugen ist von 24h bis 8h verboten. W\u00e4hrend dieser Zeit ist die Zufahrt zum Campingplatz f\u00fcr Autos gesperrt. Die Benutzung von Motor- und\/oder Elektrorollern ist f\u00fcr Kinder unter 16 Jahren verboten und die Benutzung von Mini-Motorr\u00e4dern ist in jedem Fall untersagt. Es ist verboten, Kraftfahrzeuge oder Mietfahrzeuge auf den Campingplatz zu bringen, die nicht auf dem Anmeldeformular angegeben sind.<\/p>\n<p><strong>Ruhezeiten<\/strong>: Zwischen 22.00 und 8.00 Uhr gilt, je ruhiger, desto besser. Die Ruhezeiten zwischen 14.00 und 16.00 Uhr m\u00fcssen ebenfalls eingehalten werden. Um die Nachbarn nicht zu st\u00f6ren, sollten Ger\u00e4te wie Fernseher und Radios leise eingestellt werden. Klimaanlagen, die nicht ordnungsgem\u00e4\u00df schallged\u00e4mmt sind, sollten w\u00e4hrend der Ruhezeiten ebenfalls ausgeschaltet werden.<\/p>\n<p><strong>Wasserquellen<\/strong>: Die Brunnen auf dem Campingplatz liefern Trinkwasser und sind ausschlie\u00dflich f\u00fcr die Wasserentnahme bestimmt. Aus hygienischen Gr\u00fcnden d\u00fcrfen die Brunnen weder f\u00fcr die K\u00f6rperpflege noch f\u00fcr die Reinigung von Kleidung oder Geschirr verwendet werden. F\u00fcr diese Art von Service gibt es einen Bereich mit Waschbecken auf der R\u00fcckseite der Sanit\u00e4ranlagen. Die Wasserbrunnen d\u00fcrfen auch nicht zum Entleeren von Substanzen jeglicher Art (Chemietoiletten, Lebensmittelabf\u00e4lle usw.) verwendet werden. F\u00fcr alle diese Gegenst\u00e4nde stehen in speziell daf\u00fcr vorgesehenen Bereichen Container zur Verf\u00fcgung.<\/p>\n<p><strong>Abwasser:<\/strong>Die Toiletten sind mit speziellen Abfl\u00fcssen f\u00fcr Chemietoiletten ausgestattet. Es ist strengstens untersagt, den Inhalt irgendwo anders abzuladen.<\/p>\n<p><strong>Grills<\/strong>: Die Verwendung von Grills auf demselben Stellplatz ist zul\u00e4ssig, sofern es sich um Elektro- oder Gasgrills handelt. Holz- oder Holzkohlegrills d\u00fcrfen nicht verwendet werden. Es ist strengstens untersagt, direkt auf dem Boden Feuer zu machen. An windigen Tagen ist auch das Anz\u00fcnden von Grills jeglicher Art ausdr\u00fccklich untersagt. Au\u00dferdem beh\u00e4lt sich die Rezeption das Recht vor, die Benutzung von Grills zu verbieten, wenn sie dies aus Sicherheitsgr\u00fcnden f\u00fcr angebracht h\u00e4lt.<\/p>\n<p><strong>Stromanschluss<\/strong>: Es ist verboten, eine ungeeignete Steckdose an die Stromk\u00e4sten anzuschlie\u00dfen. Die Campingplatzleitung beh\u00e4lt sich das Recht vor, Kunden, die nicht \u00fcber eine einwandfreie Elektroinstallation verf\u00fcgen, die Stromzufuhr zu untersagen. Jeder Stellplatz hat nur einen Stromanschluss. Aus Sicherheitsgr\u00fcnden m\u00fcssen die Stromk\u00e4sten immer geschlossen bleiben und d\u00fcrfen nur von autorisiertem Personal bedient werden. Elektrische Leitungen m\u00fcssen geerdet und ordnungsgem\u00e4\u00df isoliert sein.<\/p>\n<p><strong>M\u00fcll<\/strong>: Der M\u00fcll muss in den M\u00fclleimern entsorgt werden, die in Plastiks\u00e4cken verschlossen sind. Abf\u00e4lle d\u00fcrfen niemals direkt in die M\u00fclltonne oder auf den Boden des Stellplatzes geworfen werden. Im Bereich der Sanit\u00e4rgeb\u00e4ude befinden sich Container f\u00fcr die getrennte M\u00fcllsammlung.<\/p>\n<p><strong>Versicherung:<\/strong>Die Direktion lehnt jede Verantwortung f\u00fcr Diebstahl, Unf\u00e4lle oder Sch\u00e4den an Personen oder materiellen Gegenst\u00e4nden ab, die von Dritten au\u00dferhalb der Einrichtung verursacht werden, sowie f\u00fcr Sch\u00e4den, die durch Unwetter, Hagel, Feuer oder andere Ursachen h\u00f6herer Gewalt verursacht werden. Die Direktion haftet auch nicht f\u00fcr Sch\u00e4den, die Fahrzeuge infolge von Zusammenst\u00f6\u00dfen mit Bordsteinen, B\u00e4umen, \u00c4sten oder anderen Elementen des Campingplatzes erleiden k\u00f6nnen. Die Rezeption verf\u00fcgt \u00fcber \u201eSchlie\u00dff\u00e4cher\u201c, die von den Kunden gemietet werden k\u00f6nnen.<\/p>\n<p><strong>Hunde:<\/strong> Hunde sind weder in den Mobilheimen noch in den Lodges erlaubt. Auf den Stellpl\u00e4tzen sind Hunde erlaubt, sofern die entsprechenden Papiere vorliegen, sie die Nachbarn nicht bel\u00e4stigen und es sich nicht um eine Rasse handelt, die nach den geltenden spanischen Rechtsvorschriften als gef\u00e4hrlich gilt. Hunde m\u00fcssen innerhalb des Campingplatzes, sowohl in den Gemeinschaftsbereichen als auch auf den Stellpl\u00e4tzen, immer an der Leine gef\u00fchrt werden. Die Sauberkeit und die Hygiene auf dem Campingplatz m\u00fcssen respektiert werden. Zu diesem Zweck m\u00fcssen die Tiere au\u00dferhalb des Campingplatzes gebracht werden, um ihre Notdurft zu verrichten, und ihre Ausscheidungen m\u00fcssen ordnungsgem\u00e4\u00df eingesammelt werden.<\/p>\n<p><strong>Schwimmbad:<\/strong> Das Schwimmbad ist t\u00e4glich von 9 Uhr bis 20 Uhr ge\u00f6ffnet. Kinder unter 12 Jahren d\u00fcrfen das Schwimmbad nur in Begleitung eines verantwortlichen Erwachsenen benutzen. Das Schwimmbad hat keinen Rettungsschwimmer. Jeder Zwischenfall oder jede Auff\u00e4lligkeit muss sofort an der Rezeption gemeldet werden. Die Verwendung von Kristallgl\u00e4sern ist strengstens untersagt, ebenso wie aufblasbare Matratzen und das Baden mit einem T-Shirt. Haustiere sind im Bereich des Schwimmbads und der Sonnenterrasse nicht erlaubt, ebenso wenig wie Fahrr\u00e4der und Ballspiele auf der Sonnenterrasse. Aus hygienischen Gr\u00fcnden ist es notwendig, vor dem Schwimmen im Schwimmbad zu duschen. Die Leitung des Campingplatzes beh\u00e4lt sich das Recht auf Zulassung und Ausschluss vor, wenn die Regeln nicht eingehalten werden.<\/p>\n<p><strong>Unbewohnte Wohnwagen:<\/strong><\/p>\n<p>Zelte oder Wohnwagen d\u00fcrfen nicht l\u00e4nger als 24 Stunden unbewohnt auf dem Campingplatz zur\u00fcckgelassen werden, ohne die Rezeption zu informieren, die die Abwesenheit unter den angegebenen Bedingungen akzeptieren oder den Kunden verpflichten kann, den Platz mit seinem gesamten Eigentum zu verlassen.<\/p>\n<p>Die Ordnung auf dem Campingplatz ist jederzeit zu respektieren und aufrechtzuerhalten, ebenso wie die Einhaltung der vorliegenden Gesch\u00e4ftsordnung. Der Aufenthalt auf dem Campingplatz setzt die Einhaltung und ausdr\u00fcckliche Zustimmung zu diesen Bedingungen voraus.<\/p>\n<p>Die Leitung des Campingplatzes beh\u00e4lt sich das Recht vor, \u00c4nderungen an dieser Gesch\u00e4ftsordnung vorzunehmen.[\/vc_column_text][\/vc_column][\/vc_row][vc_row][vc_column width=&#8220;1\/1&#8243;][uncode_block id=&#8220;83903&#8243;][\/vc_column][\/vc_row]<\/p>\n<\/div>","protected":false},"excerpt":{"rendered":"<p>[vc_row row_height_percent=&#8220;0&#8243; override_padding=&#8220;yes&#8220; h_padding=&#8220;2&#8243; top_padding=&#8220;3&#8243; bottom_padding=&#8220;3&#8243; overlay_alpha=&#8220;50&#8243; gutter_size=&#8220;3&#8243; column_width_percent=&#8220;100&#8243; shift_y=&#8220;0&#8243; z_index=&#8220;0&#8243; uncode_shortcode_id=&#8220;211939&#8243;][vc_column width=&#8220;1\/1&#8243;][vc_custom_heading text_size=&#8220;h3&#8243; uncode_shortcode_id=&#8220;102689&#8243;]GESCH\u00c4FTSORDNUNG VON CAMPING RODAS[\/vc_custom_heading][vc_column_text uncode_shortcode_id=&#8220;573777&#8243;]Check-in: Alle [&hellip;]<\/p>\n","protected":false},"author":2,"featured_media":83834,"parent":0,"menu_order":96,"comment_status":"closed","ping_status":"closed","template":"","meta":{"footnotes":""},"class_list":["post-85748","page","type-page","status-publish","has-post-thumbnail","hentry"],"yoast_head":"<!-- This site is optimized with the Yoast SEO plugin v25.2 - https:\/\/yoast.com\/wordpress\/plugins\/seo\/ -->\n<title>Gesch\u00e4ftsordnung - Camping Rodas | Roses |\u00a0Costa brava<\/title>\n<meta name=\"robots\" content=\"index, follow, max-snippet:-1, max-image-preview:large, max-video-preview:-1\" \/>\n<link rel=\"canonical\" href=\"https:\/\/www.campingrodas.com\/de\/geschaeftsordnung\/\" \/>\n<meta property=\"og:locale\" content=\"de_DE\" \/>\n<meta property=\"og:type\" content=\"article\" \/>\n<meta property=\"og:title\" content=\"Gesch\u00e4ftsordnung - Camping Rodas | Roses |\u00a0Costa brava\" \/>\n<meta property=\"og:description\" content=\"[vc_row row_height_percent=&#8220;0&#8243; override_padding=&#8220;yes&#8220; h_padding=&#8220;2&#8243; top_padding=&#8220;3&#8243; bottom_padding=&#8220;3&#8243; overlay_alpha=&#8220;50&#8243; gutter_size=&#8220;3&#8243; column_width_percent=&#8220;100&#8243; shift_y=&#8220;0&#8243; z_index=&#8220;0&#8243; uncode_shortcode_id=&#8220;211939&#8243;][vc_column width=&#8220;1\/1&#8243;][vc_custom_heading text_size=&#8220;h3&#8243; uncode_shortcode_id=&#8220;102689&#8243;]GESCH\u00c4FTSORDNUNG VON CAMPING RODAS[\/vc_custom_heading][vc_column_text uncode_shortcode_id=&#8220;573777&#8243;]Check-in: Alle [&hellip;]\" \/>\n<meta property=\"og:url\" content=\"https:\/\/www.campingrodas.com\/de\/geschaeftsordnung\/\" \/>\n<meta property=\"og:site_name\" content=\"Camping Rodas | Roses |\u00a0Costa brava\" \/>\n<meta property=\"article:publisher\" content=\"https:\/\/www.facebook.com\/campingrodas\" \/>\n<meta property=\"article:modified_time\" content=\"2022-07-18T09:44:10+00:00\" \/>\n<meta property=\"og:image\" content=\"https:\/\/www.campingrodas.com\/wp-content\/uploads\/2022\/05\/camping-rodas_header_benvinguts.jpg\" \/>\n\t<meta property=\"og:image:width\" content=\"2000\" \/>\n\t<meta property=\"og:image:height\" content=\"750\" \/>\n\t<meta property=\"og:image:type\" content=\"image\/jpeg\" \/>\n<meta name=\"twitter:card\" content=\"summary_large_image\" \/>\n<meta name=\"twitter:site\" content=\"@campingrodas\" \/>\n<meta name=\"twitter:label1\" content=\"Gesch\u00e4tzte Lesezeit\" \/>\n\t<meta name=\"twitter:data1\" content=\"6\u00a0Minuten\" \/>\n<script type=\"application\/ld+json\" class=\"yoast-schema-graph\">{\"@context\":\"https:\/\/schema.org\",\"@graph\":[{\"@type\":\"WebPage\",\"@id\":\"https:\/\/www.campingrodas.com\/de\/geschaeftsordnung\/\",\"url\":\"https:\/\/www.campingrodas.com\/de\/geschaeftsordnung\/\",\"name\":\"Gesch\u00e4ftsordnung - Camping Rodas | Roses |\u00a0Costa brava\",\"isPartOf\":{\"@id\":\"https:\/\/www.campingrodas.com\/de\/#website\"},\"primaryImageOfPage\":{\"@id\":\"https:\/\/www.campingrodas.com\/de\/geschaeftsordnung\/#primaryimage\"},\"image\":{\"@id\":\"https:\/\/www.campingrodas.com\/de\/geschaeftsordnung\/#primaryimage\"},\"thumbnailUrl\":\"https:\/\/www.campingrodas.com\/wp-content\/uploads\/2022\/05\/camping-rodas_header_benvinguts.jpg\",\"datePublished\":\"2022-05-09T12:46:49+00:00\",\"dateModified\":\"2022-07-18T09:44:10+00:00\",\"breadcrumb\":{\"@id\":\"https:\/\/www.campingrodas.com\/de\/geschaeftsordnung\/#breadcrumb\"},\"inLanguage\":\"de\",\"potentialAction\":[{\"@type\":\"ReadAction\",\"target\":[\"https:\/\/www.campingrodas.com\/de\/geschaeftsordnung\/\"]}]},{\"@type\":\"ImageObject\",\"inLanguage\":\"de\",\"@id\":\"https:\/\/www.campingrodas.com\/de\/geschaeftsordnung\/#primaryimage\",\"url\":\"https:\/\/www.campingrodas.com\/wp-content\/uploads\/2022\/05\/camping-rodas_header_benvinguts.jpg\",\"contentUrl\":\"https:\/\/www.campingrodas.com\/wp-content\/uploads\/2022\/05\/camping-rodas_header_benvinguts.jpg\",\"width\":2000,\"height\":750,\"caption\":\"slider-benvinguts\"},{\"@type\":\"BreadcrumbList\",\"@id\":\"https:\/\/www.campingrodas.com\/de\/geschaeftsordnung\/#breadcrumb\",\"itemListElement\":[{\"@type\":\"ListItem\",\"position\":1,\"name\":\"Inici\",\"item\":\"https:\/\/www.campingrodas.com\/de\/\"},{\"@type\":\"ListItem\",\"position\":2,\"name\":\"Gesch\u00e4ftsordnung\"}]},{\"@type\":\"WebSite\",\"@id\":\"https:\/\/www.campingrodas.com\/de\/#website\",\"url\":\"https:\/\/www.campingrodas.com\/de\/\",\"name\":\"Camping Rodas | Roses |\u00a0Costa brava\",\"description\":\"Camping familiar ubicado en el la entrada del pueblo de Roses, muy cerca de la playa de Santa Margarita\",\"publisher\":{\"@id\":\"https:\/\/www.campingrodas.com\/de\/#organization\"},\"potentialAction\":[{\"@type\":\"SearchAction\",\"target\":{\"@type\":\"EntryPoint\",\"urlTemplate\":\"https:\/\/www.campingrodas.com\/de\/?s={search_term_string}\"},\"query-input\":{\"@type\":\"PropertyValueSpecification\",\"valueRequired\":true,\"valueName\":\"search_term_string\"}}],\"inLanguage\":\"de\"},{\"@type\":\"Organization\",\"@id\":\"https:\/\/www.campingrodas.com\/de\/#organization\",\"name\":\"Camping Rodas\",\"url\":\"https:\/\/www.campingrodas.com\/de\/\",\"logo\":{\"@type\":\"ImageObject\",\"inLanguage\":\"de\",\"@id\":\"https:\/\/www.campingrodas.com\/de\/#\/schema\/logo\/image\/\",\"url\":\"https:\/\/www.campingrodas.com\/wp-content\/uploads\/2022\/04\/camping-rodas_logo_positiu.png\",\"contentUrl\":\"https:\/\/www.campingrodas.com\/wp-content\/uploads\/2022\/04\/camping-rodas_logo_positiu.png\",\"width\":229,\"height\":53,\"caption\":\"Camping Rodas\"},\"image\":{\"@id\":\"https:\/\/www.campingrodas.com\/de\/#\/schema\/logo\/image\/\"},\"sameAs\":[\"https:\/\/www.facebook.com\/campingrodas\",\"https:\/\/x.com\/campingrodas\",\"https:\/\/www.instagram.com\/campingrodas\/\"]}]}<\/script>\n<!-- \/ Yoast SEO plugin. -->","yoast_head_json":{"title":"Gesch\u00e4ftsordnung - Camping Rodas | Roses |\u00a0Costa brava","robots":{"index":"index","follow":"follow","max-snippet":"max-snippet:-1","max-image-preview":"max-image-preview:large","max-video-preview":"max-video-preview:-1"},"canonical":"https:\/\/www.campingrodas.com\/de\/geschaeftsordnung\/","og_locale":"de_DE","og_type":"article","og_title":"Gesch\u00e4ftsordnung - Camping Rodas | Roses |\u00a0Costa brava","og_description":"[vc_row row_height_percent=&#8220;0&#8243; override_padding=&#8220;yes&#8220; h_padding=&#8220;2&#8243; top_padding=&#8220;3&#8243; bottom_padding=&#8220;3&#8243; overlay_alpha=&#8220;50&#8243; gutter_size=&#8220;3&#8243; column_width_percent=&#8220;100&#8243; shift_y=&#8220;0&#8243; z_index=&#8220;0&#8243; uncode_shortcode_id=&#8220;211939&#8243;][vc_column width=&#8220;1\/1&#8243;][vc_custom_heading text_size=&#8220;h3&#8243; uncode_shortcode_id=&#8220;102689&#8243;]GESCH\u00c4FTSORDNUNG VON CAMPING RODAS[\/vc_custom_heading][vc_column_text uncode_shortcode_id=&#8220;573777&#8243;]Check-in: Alle [&hellip;]","og_url":"https:\/\/www.campingrodas.com\/de\/geschaeftsordnung\/","og_site_name":"Camping Rodas | Roses |\u00a0Costa brava","article_publisher":"https:\/\/www.facebook.com\/campingrodas","article_modified_time":"2022-07-18T09:44:10+00:00","og_image":[{"width":2000,"height":750,"url":"https:\/\/www.campingrodas.com\/wp-content\/uploads\/2022\/05\/camping-rodas_header_benvinguts.jpg","type":"image\/jpeg"}],"twitter_card":"summary_large_image","twitter_site":"@campingrodas","twitter_misc":{"Gesch\u00e4tzte Lesezeit":"6\u00a0Minuten"},"schema":{"@context":"https:\/\/schema.org","@graph":[{"@type":"WebPage","@id":"https:\/\/www.campingrodas.com\/de\/geschaeftsordnung\/","url":"https:\/\/www.campingrodas.com\/de\/geschaeftsordnung\/","name":"Gesch\u00e4ftsordnung - Camping Rodas | Roses |\u00a0Costa brava","isPartOf":{"@id":"https:\/\/www.campingrodas.com\/de\/#website"},"primaryImageOfPage":{"@id":"https:\/\/www.campingrodas.com\/de\/geschaeftsordnung\/#primaryimage"},"image":{"@id":"https:\/\/www.campingrodas.com\/de\/geschaeftsordnung\/#primaryimage"},"thumbnailUrl":"https:\/\/www.campingrodas.com\/wp-content\/uploads\/2022\/05\/camping-rodas_header_benvinguts.jpg","datePublished":"2022-05-09T12:46:49+00:00","dateModified":"2022-07-18T09:44:10+00:00","breadcrumb":{"@id":"https:\/\/www.campingrodas.com\/de\/geschaeftsordnung\/#breadcrumb"},"inLanguage":"de","potentialAction":[{"@type":"ReadAction","target":["https:\/\/www.campingrodas.com\/de\/geschaeftsordnung\/"]}]},{"@type":"ImageObject","inLanguage":"de","@id":"https:\/\/www.campingrodas.com\/de\/geschaeftsordnung\/#primaryimage","url":"https:\/\/www.campingrodas.com\/wp-content\/uploads\/2022\/05\/camping-rodas_header_benvinguts.jpg","contentUrl":"https:\/\/www.campingrodas.com\/wp-content\/uploads\/2022\/05\/camping-rodas_header_benvinguts.jpg","width":2000,"height":750,"caption":"slider-benvinguts"},{"@type":"BreadcrumbList","@id":"https:\/\/www.campingrodas.com\/de\/geschaeftsordnung\/#breadcrumb","itemListElement":[{"@type":"ListItem","position":1,"name":"Inici","item":"https:\/\/www.campingrodas.com\/de\/"},{"@type":"ListItem","position":2,"name":"Gesch\u00e4ftsordnung"}]},{"@type":"WebSite","@id":"https:\/\/www.campingrodas.com\/de\/#website","url":"https:\/\/www.campingrodas.com\/de\/","name":"Camping Rodas | Roses |\u00a0Costa brava","description":"Camping familiar ubicado en el la entrada del pueblo de Roses, muy cerca de la playa de Santa Margarita","publisher":{"@id":"https:\/\/www.campingrodas.com\/de\/#organization"},"potentialAction":[{"@type":"SearchAction","target":{"@type":"EntryPoint","urlTemplate":"https:\/\/www.campingrodas.com\/de\/?s={search_term_string}"},"query-input":{"@type":"PropertyValueSpecification","valueRequired":true,"valueName":"search_term_string"}}],"inLanguage":"de"},{"@type":"Organization","@id":"https:\/\/www.campingrodas.com\/de\/#organization","name":"Camping Rodas","url":"https:\/\/www.campingrodas.com\/de\/","logo":{"@type":"ImageObject","inLanguage":"de","@id":"https:\/\/www.campingrodas.com\/de\/#\/schema\/logo\/image\/","url":"https:\/\/www.campingrodas.com\/wp-content\/uploads\/2022\/04\/camping-rodas_logo_positiu.png","contentUrl":"https:\/\/www.campingrodas.com\/wp-content\/uploads\/2022\/04\/camping-rodas_logo_positiu.png","width":229,"height":53,"caption":"Camping Rodas"},"image":{"@id":"https:\/\/www.campingrodas.com\/de\/#\/schema\/logo\/image\/"},"sameAs":["https:\/\/www.facebook.com\/campingrodas","https:\/\/x.com\/campingrodas","https:\/\/www.instagram.com\/campingrodas\/"]}]}},"_links":{"self":[{"href":"https:\/\/www.campingrodas.com\/de\/wp-json\/wp\/v2\/pages\/85748","targetHints":{"allow":["GET"]}}],"collection":[{"href":"https:\/\/www.campingrodas.com\/de\/wp-json\/wp\/v2\/pages"}],"about":[{"href":"https:\/\/www.campingrodas.com\/de\/wp-json\/wp\/v2\/types\/page"}],"author":[{"embeddable":true,"href":"https:\/\/www.campingrodas.com\/de\/wp-json\/wp\/v2\/users\/2"}],"replies":[{"embeddable":true,"href":"https:\/\/www.campingrodas.com\/de\/wp-json\/wp\/v2\/comments?post=85748"}],"version-history":[{"count":0,"href":"https:\/\/www.campingrodas.com\/de\/wp-json\/wp\/v2\/pages\/85748\/revisions"}],"wp:featuredmedia":[{"embeddable":true,"href":"https:\/\/www.campingrodas.com\/de\/wp-json\/wp\/v2\/media\/83834"}],"wp:attachment":[{"href":"https:\/\/www.campingrodas.com\/de\/wp-json\/wp\/v2\/media?parent=85748"}],"curies":[{"name":"wp","href":"https:\/\/api.w.org\/{rel}","templated":true}]}}