{"id":85743,"date":"2022-05-09T10:40:20","date_gmt":"2022-05-09T08:40:20","guid":{"rendered":"https:\/\/rodas.efimatica.com\/bienvenidos\/"},"modified":"2022-08-11T12:34:19","modified_gmt":"2022-08-11T10:34:19","slug":"willkommen","status":"publish","type":"page","link":"https:\/\/www.campingrodas.com\/de\/willkommen\/","title":{"rendered":"Willkommen"},"content":{"rendered":"<div class=\"wpb-content-wrapper\"><p>[vc_row row_height_percent=&#8220;0&#8243; override_padding=&#8220;yes&#8220; h_padding=&#8220;2&#8243; top_padding=&#8220;3&#8243; bottom_padding=&#8220;2&#8243; overlay_alpha=&#8220;50&#8243; gutter_size=&#8220;3&#8243; column_width_percent=&#8220;100&#8243; shift_y=&#8220;0&#8243; z_index=&#8220;0&#8243; uncode_shortcode_id=&#8220;165558&#8243;][vc_column width=&#8220;1\/2&#8243;][vc_single_image media=&#8220;83838&#8243; media_width_percent=&#8220;100&#8243; advanced=&#8220;yes&#8220; media_overlay_opacity=&#8220;30&#8243; media_padding=&#8220;2&#8243; uncode_shortcode_id=&#8220;183656&#8243;][\/vc_column][vc_column width=&#8220;1\/2&#8243;][vc_custom_heading text_size=&#8220;h5&#8243; uncode_shortcode_id=&#8220;212279&#8243; subheading=&#8220;Der <b>Campingplatz Rodas<\/b> liegt am Ortseingang von <b>Roses<\/b> (Alt Empord\u00e0, Girona), ganz in der N\u00e4he des Strandes. Es ist ein idealer Ort, um Ihren Urlaub mit der Familie oder mit Freunden auf einem unserer von B\u00e4umen umgebenen Stellpl\u00e4tze, in einem unserer Lodge-Zelte oder in einem komfortablen Mobilheim zu verbringen. In einer ruhigen Umgebung gelegen, ist dieser Ort an der Costa Brava ideal, um sich zu entspannen und alle landschaftlichen, kulturellen, gastronomischen und sonstigen Freizeitaktivit\u00e4ten zu genie\u00dfen, die diese privilegierte und einzigartige Gegend zu bieten hat: die unvergleichliche <b>Bucht von Roses<\/b>.&#8220;]CAMPINGPLATZ RODAS[\/vc_custom_heading][\/vc_column][\/vc_row][vc_row row_height_percent=&#8220;0&#8243; back_color=&#8220;color-gris&#8220; overlay_alpha=&#8220;50&#8243; gutter_size=&#8220;3&#8243; column_width_percent=&#8220;100&#8243; shift_y=&#8220;0&#8243; z_index=&#8220;0&#8243; uncode_shortcode_id=&#8220;305930&#8243; back_color_type=&#8220;uncode-palette&#8220;][vc_column width=&#8220;1\/2&#8243;][vc_custom_heading text_size=&#8220;h5&#8243; uncode_shortcode_id=&#8220;208166&#8243; subheading=&#8220;Ein Aufenthalt auf dem Campingplatz Rodas ist eine gute Gelegenheit, um den ganzen Charme der <b>Costa Brava<\/b> zu entdecken. Die Unterkunft liegt am Ortseingang von <b>Roses<\/b>, umgeben von einer langen Liste von Sehensw\u00fcrdigkeiten, Natur, Gastronomie, historischen D\u00f6rfern und Museen. Au\u00dferdem ist sie nur 500 Meter vom Strand von Santa Margarida entfernt, einem der bekanntesten Str\u00e4nde des Alt Empord\u00e0!<\/p>\n<p>Z\u00f6gern Sie nicht, das professionelle Team des Campingplatzes um weitere Informationen zu bitten, und wir werden Sie beraten, wie Sie die herrliche Costa Brava und die Bucht von Roses, die offiziell als eine der sch\u00f6nsten der Welt anerkannt ist, bestm\u00f6glich erleben und genie\u00dfen k\u00f6nnen.&#8220; text_color_type=&#8220;uncode-palette&#8220; text_color_solid=&#8220;#ff0000&#8243;]DIE COSTA BRAVA ENTDECKEN[\/vc_custom_heading][\/vc_column][vc_column width=&#8220;1\/2&#8243;][vc_single_image media=&#8220;83851&#8243; media_width_percent=&#8220;100&#8243; advanced=&#8220;yes&#8220; media_overlay_opacity=&#8220;30&#8243; media_padding=&#8220;2&#8243; uncode_shortcode_id=&#8220;165537&#8243;][\/vc_column][\/vc_row][vc_row row_height_percent=&#8220;0&#8243; overlay_alpha=&#8220;50&#8243; gutter_size=&#8220;3&#8243; column_width_percent=&#8220;100&#8243; shift_y=&#8220;0&#8243; z_index=&#8220;0&#8243; uncode_shortcode_id=&#8220;787297&#8243;][vc_column width=&#8220;1\/2&#8243;][vc_single_image media=&#8220;83858&#8243; media_width_percent=&#8220;100&#8243; advanced=&#8220;yes&#8220; media_overlay_opacity=&#8220;30&#8243; media_padding=&#8220;2&#8243; uncode_shortcode_id=&#8220;200440&#8243;][\/vc_column][vc_column width=&#8220;1\/2&#8243;][vc_custom_heading text_size=&#8220;h5&#8243; uncode_shortcode_id=&#8220;217938&#8243; subheading=&#8220;Auf dem Campingplatz Rodas wollen wir unseren Besuchern einen in jeder Hinsicht idealen Aufenthalt bieten. Aus diesem Grund bieten wir zus\u00e4tzlich zu den \u00fcblichen Serviceleistungen des Campingplatzes die M\u00f6glichkeit, die Umgebung, eine <b>freundliche und gr\u00fcne Natur<\/b>, zu genie\u00dfen.<\/p>\n<p>In diesem Zusammenhang ist anzumerken, dass alle unsere Stellpl\u00e4tze von einer Vielzahl von Bepflanzungen umgeben sind. Die Tatsache, dass der <b>Platz von B\u00e4umen umgeben ist<\/b>, bedeutet, dass wir unseren G\u00e4sten den notwendigen Schatten bieten, um die hei\u00dfesten Sommertage besser zu \u00fcberstehen.&#8220; text_color_type=&#8220;uncode-palette&#8220; text_color_solid=&#8220;#ff0000&#8243;]FRIEDLICHE UND NAT\u00dcRLICHE UMGEBUNG[\/vc_custom_heading][\/vc_column][\/vc_row][vc_row row_height_percent=&#8220;0&#8243; overlay_alpha=&#8220;50&#8243; gutter_size=&#8220;3&#8243; column_width_percent=&#8220;100&#8243; shift_y=&#8220;0&#8243; z_index=&#8220;0&#8243; uncode_shortcode_id=&#8220;166984&#8243;][vc_column width=&#8220;1\/2&#8243;][vc_custom_heading text_size=&#8220;h5&#8243; uncode_shortcode_id=&#8220;128829&#8243; subheading=&#8220;Auf dem Campingplatz Rodas und in seiner Umgebung finden Sie alle erforderlichen Serviceleistungen f\u00fcr Ihren Aufenthalt. Neben all diesen Serviceleistungen f\u00fcr die <b>Behaglichkeit der Unterkunft und die Hygiene<\/b> bietet der Campingplatz auch eine Reihe von Dienstleistungen, die Ihnen helfen werden, das Beste aus Ihrem Aufenthalt auf dem Campingplatz zu machen: ein Bar-Restaurant, eine Terrasse, zwei Schwimmb\u00e4der, ein Kinderbereich, ein Gesch\u00e4ft und auch die M\u00f6glichkeit, Fahrr\u00e4der f\u00fcr eine vergn\u00fcgliche Familientour auszuleihen. In unmittelbarer N\u00e4he des Campingplatzes finden Sie auch Superm\u00e4rkte, Str\u00e4nde und alle Arten von Gesch\u00e4ften und Dienstleistungen.&#8220;]ALLES, WAS F\u00dcR EINEN TOLLEN AUFENTHALT N\u00d6TIG IST[\/vc_custom_heading][\/vc_column][vc_column width=&#8220;1\/2&#8243;][vc_single_image media=&#8220;83864&#8243; media_width_percent=&#8220;100&#8243; advanced=&#8220;yes&#8220; media_overlay_opacity=&#8220;30&#8243; media_padding=&#8220;2&#8243; uncode_shortcode_id=&#8220;182886&#8243;][\/vc_column][\/vc_row][vc_row][vc_column width=&#8220;1\/1&#8243;][uncode_block id=&#8220;83903&#8243;][\/vc_column][\/vc_row]<\/p>\n<\/div>","protected":false},"excerpt":{"rendered":"<p>[vc_row row_height_percent=&#8220;0&#8243; override_padding=&#8220;yes&#8220; h_padding=&#8220;2&#8243; top_padding=&#8220;3&#8243; bottom_padding=&#8220;2&#8243; overlay_alpha=&#8220;50&#8243; gutter_size=&#8220;3&#8243; column_width_percent=&#8220;100&#8243; shift_y=&#8220;0&#8243; z_index=&#8220;0&#8243; uncode_shortcode_id=&#8220;165558&#8243;][vc_column width=&#8220;1\/2&#8243;][vc_single_image media=&#8220;83838&#8243; media_width_percent=&#8220;100&#8243; advanced=&#8220;yes&#8220; media_overlay_opacity=&#8220;30&#8243; media_padding=&#8220;2&#8243; uncode_shortcode_id=&#8220;183656&#8243;][\/vc_column][vc_column width=&#8220;1\/2&#8243;][vc_custom_heading [&hellip;]<\/p>\n","protected":false},"author":2,"featured_media":83834,"parent":0,"menu_order":114,"comment_status":"closed","ping_status":"closed","template":"","meta":{"footnotes":""},"class_list":["post-85743","page","type-page","status-publish","has-post-thumbnail","hentry"],"yoast_head":"<!-- This site is optimized with the Yoast SEO plugin v25.2 - https:\/\/yoast.com\/wordpress\/plugins\/seo\/ -->\n<title>Willkommen - Camping Rodas | Roses |\u00a0Costa brava<\/title>\n<meta name=\"robots\" content=\"index, follow, max-snippet:-1, max-image-preview:large, max-video-preview:-1\" \/>\n<link rel=\"canonical\" href=\"https:\/\/www.campingrodas.com\/de\/willkommen\/\" \/>\n<meta property=\"og:locale\" content=\"de_DE\" \/>\n<meta property=\"og:type\" content=\"article\" \/>\n<meta property=\"og:title\" content=\"Willkommen - Camping Rodas | Roses |\u00a0Costa brava\" \/>\n<meta property=\"og:description\" content=\"[vc_row row_height_percent=&#8220;0&#8243; override_padding=&#8220;yes&#8220; h_padding=&#8220;2&#8243; top_padding=&#8220;3&#8243; bottom_padding=&#8220;2&#8243; overlay_alpha=&#8220;50&#8243; gutter_size=&#8220;3&#8243; column_width_percent=&#8220;100&#8243; shift_y=&#8220;0&#8243; z_index=&#8220;0&#8243; uncode_shortcode_id=&#8220;165558&#8243;][vc_column width=&#8220;1\/2&#8243;][vc_single_image media=&#8220;83838&#8243; media_width_percent=&#8220;100&#8243; advanced=&#8220;yes&#8220; media_overlay_opacity=&#8220;30&#8243; media_padding=&#8220;2&#8243; uncode_shortcode_id=&#8220;183656&#8243;][\/vc_column][vc_column width=&#8220;1\/2&#8243;][vc_custom_heading [&hellip;]\" \/>\n<meta property=\"og:url\" content=\"https:\/\/www.campingrodas.com\/de\/willkommen\/\" \/>\n<meta property=\"og:site_name\" content=\"Camping Rodas | Roses |\u00a0Costa brava\" \/>\n<meta property=\"article:publisher\" content=\"https:\/\/www.facebook.com\/campingrodas\" \/>\n<meta property=\"article:modified_time\" content=\"2022-08-11T10:34:19+00:00\" \/>\n<meta property=\"og:image\" content=\"https:\/\/www.campingrodas.com\/wp-content\/uploads\/2022\/05\/camping-rodas_header_benvinguts.jpg\" \/>\n\t<meta property=\"og:image:width\" content=\"2000\" \/>\n\t<meta property=\"og:image:height\" content=\"750\" \/>\n\t<meta property=\"og:image:type\" content=\"image\/jpeg\" \/>\n<meta name=\"twitter:card\" content=\"summary_large_image\" \/>\n<meta name=\"twitter:site\" content=\"@campingrodas\" \/>\n<meta name=\"twitter:label1\" content=\"Gesch\u00e4tzte Lesezeit\" \/>\n\t<meta name=\"twitter:data1\" content=\"3\u00a0Minuten\" \/>\n<script type=\"application\/ld+json\" class=\"yoast-schema-graph\">{\"@context\":\"https:\/\/schema.org\",\"@graph\":[{\"@type\":\"WebPage\",\"@id\":\"https:\/\/www.campingrodas.com\/de\/willkommen\/\",\"url\":\"https:\/\/www.campingrodas.com\/de\/willkommen\/\",\"name\":\"Willkommen - Camping Rodas | Roses |\u00a0Costa brava\",\"isPartOf\":{\"@id\":\"https:\/\/www.campingrodas.com\/de\/#website\"},\"primaryImageOfPage\":{\"@id\":\"https:\/\/www.campingrodas.com\/de\/willkommen\/#primaryimage\"},\"image\":{\"@id\":\"https:\/\/www.campingrodas.com\/de\/willkommen\/#primaryimage\"},\"thumbnailUrl\":\"https:\/\/www.campingrodas.com\/wp-content\/uploads\/2022\/05\/camping-rodas_header_benvinguts.jpg\",\"datePublished\":\"2022-05-09T08:40:20+00:00\",\"dateModified\":\"2022-08-11T10:34:19+00:00\",\"breadcrumb\":{\"@id\":\"https:\/\/www.campingrodas.com\/de\/willkommen\/#breadcrumb\"},\"inLanguage\":\"de\",\"potentialAction\":[{\"@type\":\"ReadAction\",\"target\":[\"https:\/\/www.campingrodas.com\/de\/willkommen\/\"]}]},{\"@type\":\"ImageObject\",\"inLanguage\":\"de\",\"@id\":\"https:\/\/www.campingrodas.com\/de\/willkommen\/#primaryimage\",\"url\":\"https:\/\/www.campingrodas.com\/wp-content\/uploads\/2022\/05\/camping-rodas_header_benvinguts.jpg\",\"contentUrl\":\"https:\/\/www.campingrodas.com\/wp-content\/uploads\/2022\/05\/camping-rodas_header_benvinguts.jpg\",\"width\":2000,\"height\":750,\"caption\":\"slider-benvinguts\"},{\"@type\":\"BreadcrumbList\",\"@id\":\"https:\/\/www.campingrodas.com\/de\/willkommen\/#breadcrumb\",\"itemListElement\":[{\"@type\":\"ListItem\",\"position\":1,\"name\":\"Inici\",\"item\":\"https:\/\/www.campingrodas.com\/de\/\"},{\"@type\":\"ListItem\",\"position\":2,\"name\":\"Willkommen\"}]},{\"@type\":\"WebSite\",\"@id\":\"https:\/\/www.campingrodas.com\/de\/#website\",\"url\":\"https:\/\/www.campingrodas.com\/de\/\",\"name\":\"Camping Rodas | Roses |\u00a0Costa brava\",\"description\":\"Camping familiar ubicado en el la entrada del pueblo de Roses, muy cerca de la playa de Santa Margarita\",\"publisher\":{\"@id\":\"https:\/\/www.campingrodas.com\/de\/#organization\"},\"potentialAction\":[{\"@type\":\"SearchAction\",\"target\":{\"@type\":\"EntryPoint\",\"urlTemplate\":\"https:\/\/www.campingrodas.com\/de\/?s={search_term_string}\"},\"query-input\":{\"@type\":\"PropertyValueSpecification\",\"valueRequired\":true,\"valueName\":\"search_term_string\"}}],\"inLanguage\":\"de\"},{\"@type\":\"Organization\",\"@id\":\"https:\/\/www.campingrodas.com\/de\/#organization\",\"name\":\"Camping Rodas\",\"url\":\"https:\/\/www.campingrodas.com\/de\/\",\"logo\":{\"@type\":\"ImageObject\",\"inLanguage\":\"de\",\"@id\":\"https:\/\/www.campingrodas.com\/de\/#\/schema\/logo\/image\/\",\"url\":\"https:\/\/www.campingrodas.com\/wp-content\/uploads\/2022\/04\/camping-rodas_logo_positiu.png\",\"contentUrl\":\"https:\/\/www.campingrodas.com\/wp-content\/uploads\/2022\/04\/camping-rodas_logo_positiu.png\",\"width\":229,\"height\":53,\"caption\":\"Camping Rodas\"},\"image\":{\"@id\":\"https:\/\/www.campingrodas.com\/de\/#\/schema\/logo\/image\/\"},\"sameAs\":[\"https:\/\/www.facebook.com\/campingrodas\",\"https:\/\/x.com\/campingrodas\",\"https:\/\/www.instagram.com\/campingrodas\/\"]}]}<\/script>\n<!-- \/ Yoast SEO plugin. -->","yoast_head_json":{"title":"Willkommen - Camping Rodas | Roses |\u00a0Costa brava","robots":{"index":"index","follow":"follow","max-snippet":"max-snippet:-1","max-image-preview":"max-image-preview:large","max-video-preview":"max-video-preview:-1"},"canonical":"https:\/\/www.campingrodas.com\/de\/willkommen\/","og_locale":"de_DE","og_type":"article","og_title":"Willkommen - Camping Rodas | Roses |\u00a0Costa brava","og_description":"[vc_row row_height_percent=&#8220;0&#8243; override_padding=&#8220;yes&#8220; h_padding=&#8220;2&#8243; top_padding=&#8220;3&#8243; bottom_padding=&#8220;2&#8243; overlay_alpha=&#8220;50&#8243; gutter_size=&#8220;3&#8243; column_width_percent=&#8220;100&#8243; shift_y=&#8220;0&#8243; z_index=&#8220;0&#8243; uncode_shortcode_id=&#8220;165558&#8243;][vc_column width=&#8220;1\/2&#8243;][vc_single_image media=&#8220;83838&#8243; media_width_percent=&#8220;100&#8243; advanced=&#8220;yes&#8220; media_overlay_opacity=&#8220;30&#8243; media_padding=&#8220;2&#8243; uncode_shortcode_id=&#8220;183656&#8243;][\/vc_column][vc_column width=&#8220;1\/2&#8243;][vc_custom_heading [&hellip;]","og_url":"https:\/\/www.campingrodas.com\/de\/willkommen\/","og_site_name":"Camping Rodas | Roses |\u00a0Costa brava","article_publisher":"https:\/\/www.facebook.com\/campingrodas","article_modified_time":"2022-08-11T10:34:19+00:00","og_image":[{"width":2000,"height":750,"url":"https:\/\/www.campingrodas.com\/wp-content\/uploads\/2022\/05\/camping-rodas_header_benvinguts.jpg","type":"image\/jpeg"}],"twitter_card":"summary_large_image","twitter_site":"@campingrodas","twitter_misc":{"Gesch\u00e4tzte Lesezeit":"3\u00a0Minuten"},"schema":{"@context":"https:\/\/schema.org","@graph":[{"@type":"WebPage","@id":"https:\/\/www.campingrodas.com\/de\/willkommen\/","url":"https:\/\/www.campingrodas.com\/de\/willkommen\/","name":"Willkommen - Camping Rodas | Roses |\u00a0Costa brava","isPartOf":{"@id":"https:\/\/www.campingrodas.com\/de\/#website"},"primaryImageOfPage":{"@id":"https:\/\/www.campingrodas.com\/de\/willkommen\/#primaryimage"},"image":{"@id":"https:\/\/www.campingrodas.com\/de\/willkommen\/#primaryimage"},"thumbnailUrl":"https:\/\/www.campingrodas.com\/wp-content\/uploads\/2022\/05\/camping-rodas_header_benvinguts.jpg","datePublished":"2022-05-09T08:40:20+00:00","dateModified":"2022-08-11T10:34:19+00:00","breadcrumb":{"@id":"https:\/\/www.campingrodas.com\/de\/willkommen\/#breadcrumb"},"inLanguage":"de","potentialAction":[{"@type":"ReadAction","target":["https:\/\/www.campingrodas.com\/de\/willkommen\/"]}]},{"@type":"ImageObject","inLanguage":"de","@id":"https:\/\/www.campingrodas.com\/de\/willkommen\/#primaryimage","url":"https:\/\/www.campingrodas.com\/wp-content\/uploads\/2022\/05\/camping-rodas_header_benvinguts.jpg","contentUrl":"https:\/\/www.campingrodas.com\/wp-content\/uploads\/2022\/05\/camping-rodas_header_benvinguts.jpg","width":2000,"height":750,"caption":"slider-benvinguts"},{"@type":"BreadcrumbList","@id":"https:\/\/www.campingrodas.com\/de\/willkommen\/#breadcrumb","itemListElement":[{"@type":"ListItem","position":1,"name":"Inici","item":"https:\/\/www.campingrodas.com\/de\/"},{"@type":"ListItem","position":2,"name":"Willkommen"}]},{"@type":"WebSite","@id":"https:\/\/www.campingrodas.com\/de\/#website","url":"https:\/\/www.campingrodas.com\/de\/","name":"Camping Rodas | Roses |\u00a0Costa brava","description":"Camping familiar ubicado en el la entrada del pueblo de Roses, muy cerca de la playa de Santa Margarita","publisher":{"@id":"https:\/\/www.campingrodas.com\/de\/#organization"},"potentialAction":[{"@type":"SearchAction","target":{"@type":"EntryPoint","urlTemplate":"https:\/\/www.campingrodas.com\/de\/?s={search_term_string}"},"query-input":{"@type":"PropertyValueSpecification","valueRequired":true,"valueName":"search_term_string"}}],"inLanguage":"de"},{"@type":"Organization","@id":"https:\/\/www.campingrodas.com\/de\/#organization","name":"Camping Rodas","url":"https:\/\/www.campingrodas.com\/de\/","logo":{"@type":"ImageObject","inLanguage":"de","@id":"https:\/\/www.campingrodas.com\/de\/#\/schema\/logo\/image\/","url":"https:\/\/www.campingrodas.com\/wp-content\/uploads\/2022\/04\/camping-rodas_logo_positiu.png","contentUrl":"https:\/\/www.campingrodas.com\/wp-content\/uploads\/2022\/04\/camping-rodas_logo_positiu.png","width":229,"height":53,"caption":"Camping Rodas"},"image":{"@id":"https:\/\/www.campingrodas.com\/de\/#\/schema\/logo\/image\/"},"sameAs":["https:\/\/www.facebook.com\/campingrodas","https:\/\/x.com\/campingrodas","https:\/\/www.instagram.com\/campingrodas\/"]}]}},"_links":{"self":[{"href":"https:\/\/www.campingrodas.com\/de\/wp-json\/wp\/v2\/pages\/85743","targetHints":{"allow":["GET"]}}],"collection":[{"href":"https:\/\/www.campingrodas.com\/de\/wp-json\/wp\/v2\/pages"}],"about":[{"href":"https:\/\/www.campingrodas.com\/de\/wp-json\/wp\/v2\/types\/page"}],"author":[{"embeddable":true,"href":"https:\/\/www.campingrodas.com\/de\/wp-json\/wp\/v2\/users\/2"}],"replies":[{"embeddable":true,"href":"https:\/\/www.campingrodas.com\/de\/wp-json\/wp\/v2\/comments?post=85743"}],"version-history":[{"count":0,"href":"https:\/\/www.campingrodas.com\/de\/wp-json\/wp\/v2\/pages\/85743\/revisions"}],"wp:featuredmedia":[{"embeddable":true,"href":"https:\/\/www.campingrodas.com\/de\/wp-json\/wp\/v2\/media\/83834"}],"wp:attachment":[{"href":"https:\/\/www.campingrodas.com\/de\/wp-json\/wp\/v2\/media?parent=85743"}],"curies":[{"name":"wp","href":"https:\/\/api.w.org\/{rel}","templated":true}]}}