{"id":87823,"date":"2024-02-26T14:30:10","date_gmt":"2024-02-26T12:30:10","guid":{"rendered":"https:\/\/www.campingrodas.com\/?page_id=87823"},"modified":"2024-02-26T17:26:18","modified_gmt":"2024-02-26T15:26:18","slug":"piscines","status":"publish","type":"page","link":"https:\/\/www.campingrodas.com\/ca\/piscines\/","title":{"rendered":"Piscines"},"content":{"rendered":"<div class=\"wpb-content-wrapper\"><p>[vc_row row_height_percent=&#8221;0&#8243; override_padding=&#8221;yes&#8221; h_padding=&#8221;2&#8243; top_padding=&#8221;3&#8243; bottom_padding=&#8221;2&#8243; overlay_alpha=&#8221;50&#8243; gutter_size=&#8221;3&#8243; column_width_percent=&#8221;100&#8243; shift_y=&#8221;0&#8243; z_index=&#8221;0&#8243; uncode_shortcode_id=&#8221;114230&#8243;][vc_column width=&#8221;1\/2&#8243;][vc_single_image media=&#8221;87554&#8243; media_width_percent=&#8221;100&#8243; advanced=&#8221;yes&#8221; media_overlay_opacity=&#8221;30&#8243; media_padding=&#8221;2&#8243; uncode_shortcode_id=&#8221;148012&#8243;][\/vc_column][vc_column width=&#8221;1\/2&#8243;][vc_custom_heading text_size=&#8221;h5&#8243; uncode_shortcode_id=&#8221;137109&#8243; subheading=&#8221;L\u00b4\u00e0rea de l\u00b4splash park \u00e9s l\u00b4opci\u00f3 ideal per als m\u00e9s petits de la fam\u00edlia.<br \/>\nAquest encantador espai consisteix en una zona de jocs aqu\u00e0tics disposada en una superf\u00edcie sense profunditat, cosa que garanteix no nom\u00e9s la seguretat sin\u00f3 tamb\u00e9 la diversi\u00f3 ininterrompuda dels nens.<\/p>\n<p>Amb el disseny acuradament concebut, l&#8217;splash park ofereix un entorn interactiu d&#8217;oci que busca proporcionar una experi\u00e8ncia alegre i estimulant per a persones de totes les edats, des dels m\u00e9s petits fins als adults.<\/p>\n<p>En aquest espai, la diversi\u00f3 es converteix en un vincle que uneix grans i petits, creant records duradors i moments de joia compartida.&#8221; text_color_type=&#8221;uncode-palette&#8221; text_color_solid=&#8221;#ff0000&#8243;]SPLASH PARK[\/vc_custom_heading][\/vc_column][\/vc_row][vc_row row_height_percent=&#8221;0&#8243; back_color=&#8221;color-gris&#8221; overlay_alpha=&#8221;50&#8243; gutter_size=&#8221;3&#8243; column_width_percent=&#8221;100&#8243; shift_y=&#8221;0&#8243; z_index=&#8221;0&#8243; uncode_shortcode_id=&#8221;169864&#8243; back_color_type=&#8221;uncode-palette&#8221;][vc_column width=&#8221;1\/2&#8243;][vc_custom_heading text_size=&#8221;h5&#8243; uncode_shortcode_id=&#8221;142662&#8243; subheading=&#8221;La piscina infantil \u00e9s l\u00b4opci\u00f3 perfecta per als m\u00e9s petits de la fam\u00edlia.<br \/>\nAmb una profunditat m\u00e0xima de 50 cm, proporciona un entorn perqu\u00e8 els nens gaudeixin al m\u00e0xim.<\/p>\n<p>El revestiment del terra de la piscina \u00e9s antilliscant, pensat especialment per brindar una experi\u00e8ncia segura i divertida als m\u00e9s petits, alhora que proporciona tranquil\u00b7litat als pares, evitant preocupacions innecess\u00e0ries.<\/p>\n<p>A m\u00e9s, per afegir un toc extra de diversi\u00f3, la piscina compta amb raigs daigua que afegeixen emoci\u00f3 i entreteniment a lespai.<\/p>\n<p>S&#8217;ho passen genial refrescant-se i xipollejant a la nostra piscina!&#8221; text_color_type=&#8221;uncode-palette&#8221; text_color_solid=&#8221;#ff0000&#8243;]PISCINA INFANTIL[\/vc_custom_heading][\/vc_column][vc_column width=&#8221;1\/2&#8243;][vc_single_image media=&#8221;87848&#8243; media_width_percent=&#8221;100&#8243; advanced=&#8221;yes&#8221; media_overlay_opacity=&#8221;30&#8243; media_padding=&#8221;2&#8243; uncode_shortcode_id=&#8221;162413&#8243;][\/vc_column][\/vc_row][vc_row row_height_percent=&#8221;0&#8243; overlay_alpha=&#8221;50&#8243; gutter_size=&#8221;3&#8243; column_width_percent=&#8221;100&#8243; shift_y=&#8221;0&#8243; z_index=&#8221;0&#8243; uncode_shortcode_id=&#8221;787297&#8243;][vc_column width=&#8221;1\/2&#8243;][vc_single_image media=&#8221;87855&#8243; media_width_percent=&#8221;100&#8243; advanced=&#8221;yes&#8221; media_overlay_opacity=&#8221;30&#8243; media_padding=&#8221;2&#8243; uncode_shortcode_id=&#8221;197794&#8243;][\/vc_column][vc_column width=&#8221;1\/2&#8243;][vc_custom_heading text_size=&#8221;h5&#8243; uncode_shortcode_id=&#8221;873765&#8243; subheading=&#8221;La piscina per a adults ofereix una experi\u00e8ncia fant\u00e0stica per relaxar-se i gaudir del sol i del bon clima. Compta amb una extensa zona de sol\u00e0rium equipada amb c\u00f2modes gandules.<\/p>\n<p>A m\u00e9s, la piscina est\u00e0 equipada amb raigs de massatge amb diferents pot\u00e8ncies, afegint un toc extra de plaer i benestar.<\/p>\n<p>Aquest espai tamb\u00e9 \u00e9s l&#8217;escenari perfecte per a les activitats dirigides d&#8217;Aquagym, brindant als participants l&#8217;oportunitat de mantenir-se actius de manera divertida i saludable.&#8221; text_color_type=&#8221;uncode-palette&#8221; text_color_solid=&#8221;#ff0000&#8243;]PISCINA ADULTS[\/vc_custom_heading][\/vc_column][\/vc_row][vc_row][vc_column width=&#8221;1\/1&#8243;][\/vc_column][\/vc_row][vc_row][vc_column width=&#8221;1\/1&#8243;][uncode_block id=&#8221;83903&#8243;][\/vc_column][\/vc_row]<\/p>\n<\/div>","protected":false},"excerpt":{"rendered":"<p>[vc_row row_height_percent=&#8221;0&#8243; override_padding=&#8221;yes&#8221; h_padding=&#8221;2&#8243; top_padding=&#8221;3&#8243; bottom_padding=&#8221;2&#8243; overlay_alpha=&#8221;50&#8243; gutter_size=&#8221;3&#8243; column_width_percent=&#8221;100&#8243; shift_y=&#8221;0&#8243; z_index=&#8221;0&#8243; uncode_shortcode_id=&#8221;114230&#8243;][vc_column width=&#8221;1\/2&#8243;][vc_single_image media=&#8221;87554&#8243; media_width_percent=&#8221;100&#8243; advanced=&#8221;yes&#8221; media_overlay_opacity=&#8221;30&#8243; media_padding=&#8221;2&#8243; uncode_shortcode_id=&#8221;148012&#8243;][\/vc_column][vc_column width=&#8221;1\/2&#8243;][vc_custom_heading [&hellip;]<\/p>\n","protected":false},"author":2,"featured_media":87973,"parent":0,"menu_order":64,"comment_status":"closed","ping_status":"closed","template":"","meta":{"footnotes":""},"class_list":["post-87823","page","type-page","status-publish","has-post-thumbnail","hentry"],"yoast_head":"<!-- This site is optimized with the Yoast SEO plugin v25.2 - https:\/\/yoast.com\/wordpress\/plugins\/seo\/ -->\n<title>Piscines - Camping Rodas | Roses |\u00a0Costa brava<\/title>\n<meta name=\"robots\" content=\"index, follow, max-snippet:-1, max-image-preview:large, max-video-preview:-1\" \/>\n<link rel=\"canonical\" href=\"https:\/\/www.campingrodas.com\/ca\/piscines\/\" \/>\n<meta property=\"og:locale\" content=\"ca_ES\" \/>\n<meta property=\"og:type\" content=\"article\" \/>\n<meta property=\"og:title\" content=\"Piscines - Camping Rodas | Roses |\u00a0Costa brava\" \/>\n<meta property=\"og:description\" content=\"[vc_row row_height_percent=&#8221;0&#8243; override_padding=&#8221;yes&#8221; h_padding=&#8221;2&#8243; top_padding=&#8221;3&#8243; bottom_padding=&#8221;2&#8243; overlay_alpha=&#8221;50&#8243; gutter_size=&#8221;3&#8243; column_width_percent=&#8221;100&#8243; shift_y=&#8221;0&#8243; z_index=&#8221;0&#8243; uncode_shortcode_id=&#8221;114230&#8243;][vc_column width=&#8221;1\/2&#8243;][vc_single_image media=&#8221;87554&#8243; media_width_percent=&#8221;100&#8243; advanced=&#8221;yes&#8221; media_overlay_opacity=&#8221;30&#8243; media_padding=&#8221;2&#8243; uncode_shortcode_id=&#8221;148012&#8243;][\/vc_column][vc_column width=&#8221;1\/2&#8243;][vc_custom_heading [&hellip;]\" \/>\n<meta property=\"og:url\" content=\"https:\/\/www.campingrodas.com\/ca\/piscines\/\" \/>\n<meta property=\"og:site_name\" content=\"Camping Rodas | Roses |\u00a0Costa brava\" \/>\n<meta property=\"article:publisher\" content=\"https:\/\/www.facebook.com\/campingrodas\" \/>\n<meta property=\"article:modified_time\" content=\"2024-02-26T15:26:18+00:00\" \/>\n<meta property=\"og:image\" content=\"https:\/\/www.campingrodas.com\/wp-content\/uploads\/2024\/02\/istockphoto-513224552-1024x1024-1.jpg\" \/>\n\t<meta property=\"og:image:width\" content=\"1024\" \/>\n\t<meta property=\"og:image:height\" content=\"408\" \/>\n\t<meta property=\"og:image:type\" content=\"image\/jpeg\" \/>\n<meta name=\"twitter:card\" content=\"summary_large_image\" \/>\n<meta name=\"twitter:site\" content=\"@campingrodas\" \/>\n<meta name=\"twitter:label1\" content=\"Temps estimat de lectura\" \/>\n\t<meta name=\"twitter:data1\" content=\"6 minuts\" \/>\n<script type=\"application\/ld+json\" class=\"yoast-schema-graph\">{\"@context\":\"https:\/\/schema.org\",\"@graph\":[{\"@type\":\"WebPage\",\"@id\":\"https:\/\/www.campingrodas.com\/ca\/piscines\/\",\"url\":\"https:\/\/www.campingrodas.com\/ca\/piscines\/\",\"name\":\"Piscines - Camping Rodas | Roses |\u00a0Costa brava\",\"isPartOf\":{\"@id\":\"https:\/\/www.campingrodas.com\/ca\/#website\"},\"primaryImageOfPage\":{\"@id\":\"https:\/\/www.campingrodas.com\/ca\/piscines\/#primaryimage\"},\"image\":{\"@id\":\"https:\/\/www.campingrodas.com\/ca\/piscines\/#primaryimage\"},\"thumbnailUrl\":\"https:\/\/www.campingrodas.com\/wp-content\/uploads\/2024\/02\/istockphoto-513224552-1024x1024-1.jpg\",\"datePublished\":\"2024-02-26T12:30:10+00:00\",\"dateModified\":\"2024-02-26T15:26:18+00:00\",\"breadcrumb\":{\"@id\":\"https:\/\/www.campingrodas.com\/ca\/piscines\/#breadcrumb\"},\"inLanguage\":\"ca\",\"potentialAction\":[{\"@type\":\"ReadAction\",\"target\":[\"https:\/\/www.campingrodas.com\/ca\/piscines\/\"]}]},{\"@type\":\"ImageObject\",\"inLanguage\":\"ca\",\"@id\":\"https:\/\/www.campingrodas.com\/ca\/piscines\/#primaryimage\",\"url\":\"https:\/\/www.campingrodas.com\/wp-content\/uploads\/2024\/02\/istockphoto-513224552-1024x1024-1.jpg\",\"contentUrl\":\"https:\/\/www.campingrodas.com\/wp-content\/uploads\/2024\/02\/istockphoto-513224552-1024x1024-1.jpg\",\"width\":1024,\"height\":408,\"caption\":\"Beautiful water surface in swimming pool with sun reflection\"},{\"@type\":\"BreadcrumbList\",\"@id\":\"https:\/\/www.campingrodas.com\/ca\/piscines\/#breadcrumb\",\"itemListElement\":[{\"@type\":\"ListItem\",\"position\":1,\"name\":\"Inici\",\"item\":\"https:\/\/www.campingrodas.com\/ca\/\"},{\"@type\":\"ListItem\",\"position\":2,\"name\":\"Piscines\"}]},{\"@type\":\"WebSite\",\"@id\":\"https:\/\/www.campingrodas.com\/ca\/#website\",\"url\":\"https:\/\/www.campingrodas.com\/ca\/\",\"name\":\"Camping Rodas | Roses |\u00a0Costa brava\",\"description\":\"Camping familiar ubicado en el la entrada del pueblo de Roses, muy cerca de la playa de Santa Margarita\",\"publisher\":{\"@id\":\"https:\/\/www.campingrodas.com\/ca\/#organization\"},\"potentialAction\":[{\"@type\":\"SearchAction\",\"target\":{\"@type\":\"EntryPoint\",\"urlTemplate\":\"https:\/\/www.campingrodas.com\/ca\/?s={search_term_string}\"},\"query-input\":{\"@type\":\"PropertyValueSpecification\",\"valueRequired\":true,\"valueName\":\"search_term_string\"}}],\"inLanguage\":\"ca\"},{\"@type\":\"Organization\",\"@id\":\"https:\/\/www.campingrodas.com\/ca\/#organization\",\"name\":\"Camping Rodas\",\"url\":\"https:\/\/www.campingrodas.com\/ca\/\",\"logo\":{\"@type\":\"ImageObject\",\"inLanguage\":\"ca\",\"@id\":\"https:\/\/www.campingrodas.com\/ca\/#\/schema\/logo\/image\/\",\"url\":\"https:\/\/www.campingrodas.com\/wp-content\/uploads\/2022\/04\/camping-rodas_logo_positiu.png\",\"contentUrl\":\"https:\/\/www.campingrodas.com\/wp-content\/uploads\/2022\/04\/camping-rodas_logo_positiu.png\",\"width\":229,\"height\":53,\"caption\":\"Camping Rodas\"},\"image\":{\"@id\":\"https:\/\/www.campingrodas.com\/ca\/#\/schema\/logo\/image\/\"},\"sameAs\":[\"https:\/\/www.facebook.com\/campingrodas\",\"https:\/\/x.com\/campingrodas\",\"https:\/\/www.instagram.com\/campingrodas\/\"]}]}<\/script>\n<!-- \/ Yoast SEO plugin. -->","yoast_head_json":{"title":"Piscines - Camping Rodas | Roses |\u00a0Costa brava","robots":{"index":"index","follow":"follow","max-snippet":"max-snippet:-1","max-image-preview":"max-image-preview:large","max-video-preview":"max-video-preview:-1"},"canonical":"https:\/\/www.campingrodas.com\/ca\/piscines\/","og_locale":"ca_ES","og_type":"article","og_title":"Piscines - Camping Rodas | Roses |\u00a0Costa brava","og_description":"[vc_row row_height_percent=&#8221;0&#8243; override_padding=&#8221;yes&#8221; h_padding=&#8221;2&#8243; top_padding=&#8221;3&#8243; bottom_padding=&#8221;2&#8243; overlay_alpha=&#8221;50&#8243; gutter_size=&#8221;3&#8243; column_width_percent=&#8221;100&#8243; shift_y=&#8221;0&#8243; z_index=&#8221;0&#8243; uncode_shortcode_id=&#8221;114230&#8243;][vc_column width=&#8221;1\/2&#8243;][vc_single_image media=&#8221;87554&#8243; media_width_percent=&#8221;100&#8243; advanced=&#8221;yes&#8221; media_overlay_opacity=&#8221;30&#8243; media_padding=&#8221;2&#8243; uncode_shortcode_id=&#8221;148012&#8243;][\/vc_column][vc_column width=&#8221;1\/2&#8243;][vc_custom_heading [&hellip;]","og_url":"https:\/\/www.campingrodas.com\/ca\/piscines\/","og_site_name":"Camping Rodas | Roses |\u00a0Costa brava","article_publisher":"https:\/\/www.facebook.com\/campingrodas","article_modified_time":"2024-02-26T15:26:18+00:00","og_image":[{"width":1024,"height":408,"url":"https:\/\/www.campingrodas.com\/wp-content\/uploads\/2024\/02\/istockphoto-513224552-1024x1024-1.jpg","type":"image\/jpeg"}],"twitter_card":"summary_large_image","twitter_site":"@campingrodas","twitter_misc":{"Temps estimat de lectura":"6 minuts"},"schema":{"@context":"https:\/\/schema.org","@graph":[{"@type":"WebPage","@id":"https:\/\/www.campingrodas.com\/ca\/piscines\/","url":"https:\/\/www.campingrodas.com\/ca\/piscines\/","name":"Piscines - Camping Rodas | Roses |\u00a0Costa brava","isPartOf":{"@id":"https:\/\/www.campingrodas.com\/ca\/#website"},"primaryImageOfPage":{"@id":"https:\/\/www.campingrodas.com\/ca\/piscines\/#primaryimage"},"image":{"@id":"https:\/\/www.campingrodas.com\/ca\/piscines\/#primaryimage"},"thumbnailUrl":"https:\/\/www.campingrodas.com\/wp-content\/uploads\/2024\/02\/istockphoto-513224552-1024x1024-1.jpg","datePublished":"2024-02-26T12:30:10+00:00","dateModified":"2024-02-26T15:26:18+00:00","breadcrumb":{"@id":"https:\/\/www.campingrodas.com\/ca\/piscines\/#breadcrumb"},"inLanguage":"ca","potentialAction":[{"@type":"ReadAction","target":["https:\/\/www.campingrodas.com\/ca\/piscines\/"]}]},{"@type":"ImageObject","inLanguage":"ca","@id":"https:\/\/www.campingrodas.com\/ca\/piscines\/#primaryimage","url":"https:\/\/www.campingrodas.com\/wp-content\/uploads\/2024\/02\/istockphoto-513224552-1024x1024-1.jpg","contentUrl":"https:\/\/www.campingrodas.com\/wp-content\/uploads\/2024\/02\/istockphoto-513224552-1024x1024-1.jpg","width":1024,"height":408,"caption":"Beautiful water surface in swimming pool with sun reflection"},{"@type":"BreadcrumbList","@id":"https:\/\/www.campingrodas.com\/ca\/piscines\/#breadcrumb","itemListElement":[{"@type":"ListItem","position":1,"name":"Inici","item":"https:\/\/www.campingrodas.com\/ca\/"},{"@type":"ListItem","position":2,"name":"Piscines"}]},{"@type":"WebSite","@id":"https:\/\/www.campingrodas.com\/ca\/#website","url":"https:\/\/www.campingrodas.com\/ca\/","name":"Camping Rodas | Roses |\u00a0Costa brava","description":"Camping familiar ubicado en el la entrada del pueblo de Roses, muy cerca de la playa de Santa Margarita","publisher":{"@id":"https:\/\/www.campingrodas.com\/ca\/#organization"},"potentialAction":[{"@type":"SearchAction","target":{"@type":"EntryPoint","urlTemplate":"https:\/\/www.campingrodas.com\/ca\/?s={search_term_string}"},"query-input":{"@type":"PropertyValueSpecification","valueRequired":true,"valueName":"search_term_string"}}],"inLanguage":"ca"},{"@type":"Organization","@id":"https:\/\/www.campingrodas.com\/ca\/#organization","name":"Camping Rodas","url":"https:\/\/www.campingrodas.com\/ca\/","logo":{"@type":"ImageObject","inLanguage":"ca","@id":"https:\/\/www.campingrodas.com\/ca\/#\/schema\/logo\/image\/","url":"https:\/\/www.campingrodas.com\/wp-content\/uploads\/2022\/04\/camping-rodas_logo_positiu.png","contentUrl":"https:\/\/www.campingrodas.com\/wp-content\/uploads\/2022\/04\/camping-rodas_logo_positiu.png","width":229,"height":53,"caption":"Camping Rodas"},"image":{"@id":"https:\/\/www.campingrodas.com\/ca\/#\/schema\/logo\/image\/"},"sameAs":["https:\/\/www.facebook.com\/campingrodas","https:\/\/x.com\/campingrodas","https:\/\/www.instagram.com\/campingrodas\/"]}]}},"_links":{"self":[{"href":"https:\/\/www.campingrodas.com\/ca\/wp-json\/wp\/v2\/pages\/87823","targetHints":{"allow":["GET"]}}],"collection":[{"href":"https:\/\/www.campingrodas.com\/ca\/wp-json\/wp\/v2\/pages"}],"about":[{"href":"https:\/\/www.campingrodas.com\/ca\/wp-json\/wp\/v2\/types\/page"}],"author":[{"embeddable":true,"href":"https:\/\/www.campingrodas.com\/ca\/wp-json\/wp\/v2\/users\/2"}],"replies":[{"embeddable":true,"href":"https:\/\/www.campingrodas.com\/ca\/wp-json\/wp\/v2\/comments?post=87823"}],"version-history":[{"count":7,"href":"https:\/\/www.campingrodas.com\/ca\/wp-json\/wp\/v2\/pages\/87823\/revisions"}],"predecessor-version":[{"id":87890,"href":"https:\/\/www.campingrodas.com\/ca\/wp-json\/wp\/v2\/pages\/87823\/revisions\/87890"}],"wp:featuredmedia":[{"embeddable":true,"href":"https:\/\/www.campingrodas.com\/ca\/wp-json\/wp\/v2\/media\/87973"}],"wp:attachment":[{"href":"https:\/\/www.campingrodas.com\/ca\/wp-json\/wp\/v2\/media?parent=87823"}],"curies":[{"name":"wp","href":"https:\/\/api.w.org\/{rel}","templated":true}]}}