{"id":85356,"date":"2022-04-21T12:25:01","date_gmt":"2022-04-21T10:25:01","guid":{"rendered":"https:\/\/rodas.efimatica.com\/politica-de-privadesa\/"},"modified":"2022-07-13T10:52:52","modified_gmt":"2022-07-13T08:52:52","slug":"politica-de-privadesa","status":"publish","type":"page","link":"https:\/\/www.campingrodas.com\/ca\/politica-de-privadesa\/","title":{"rendered":"Pol\u00edtica de privadesa"},"content":{"rendered":"<div class=\"wpb-content-wrapper\"><p>[vc_row row_height_percent=&#8221;0&#8243; override_padding=&#8221;yes&#8221; h_padding=&#8221;2&#8243; top_padding=&#8221;3&#8243; bottom_padding=&#8221;3&#8243; overlay_alpha=&#8221;50&#8243; gutter_size=&#8221;3&#8243; column_width_percent=&#8221;100&#8243; shift_y=&#8221;0&#8243; z_index=&#8221;0&#8243; uncode_shortcode_id=&#8221;114470&#8243; shape_dividers=&#8221;&#8221;][vc_column width=&#8221;1\/1&#8243;][vc_column_text uncode_shortcode_id=&#8221;952123&#8243;]Nuestro objetivo, es ser lo m\u00e1s transparentes posible con nuestros usuarios y clientes, sobre los datos personales que recopilamos. Su privacidad es importante para nosotros.<\/p>\n<p>Mediante la lectura de la presente Pol\u00edtica de Privacidad, el usuario queda informado sobre la forma en que RODASMAR SA\u00a0 recaba, trata y protege los datos de car\u00e1cter personal que le son facilitados a trav\u00e9s del sitio web \u2013 https:\/\/www.campingrodas.com (en adelante, el sitio web) y aquellos otros datos que pueda facilitar en un futuro a RODASMAR SA\u00a0 por otros medios.<\/p>\n<p>El Usuario debe leer con atenci\u00f3n esta Pol\u00edtica de Privacidad, que ha sido redactada de forma clara y sencilla, para facilitar su comprensi\u00f3n, y determinar libre y voluntariamente si desea facilitar sus datos personales a RODASMAR SA .<\/p>\n<p>Al rellenar cualquier formulario de la p\u00e1gina web corporativa y hacer clic en la casilla \u201cHe le\u00eddo la pol\u00edtica de privacidad\u201d o similar, el usuario manifiesta expresamente que ha le\u00eddo la presente pol\u00edtica de privacidad donde se indican los tratamientos de datos que se realizan y las finalidades, entre otras informaciones, d\u00e1ndose as\u00ed cumplimiento al deber de informar que impone la normativa de Protecci\u00f3n de Datos.<\/p>\n<p>En aquellos casos en que en la p\u00e1gina web corporativa se solicite el consentimiento para una finalidad concreta, al clicar la casilla \u201cAcepto\u201d o similar, el usuario da el consentimiento inequ\u00edvoco y expl\u00edcito para el tratamiento en cuesti\u00f3n.<\/p>\n<h2 class=\"h5\">\u00bfQui\u00e9n es el responsable del tratamiento de sus datos?<\/h2>\n<ul>\n<li>Identidad: RODASMAR SA -NIF: A17214024<\/li>\n<li>Direcci\u00f3n postal: c\/ Pujada del Castell, 55, 17600 Figueres (GIRONA)<\/li>\n<li>Tel\u00e9fono: 972257617<\/li>\n<li>Correo electr\u00f3nico: info@campingrodas.com<\/li>\n<\/ul>\n<p>&nbsp;<\/p>\n<h2 class=\"h4\">Tratamiento de DATOS recabados mediante la WEB<\/h2>\n<h2 class=\"h5\">\u00bfCon qu\u00e9 finalidad tratamos sus datos personales?<\/h2>\n<p>En RODASMAR SA\u00a0 tratamos la informaci\u00f3n que nos facilitan las personas interesadas con el fin de atender su solicitud y enviarle comunicaciones comerciales, as\u00ed como nuestros boletines. No se van a tomar decisiones automatizadas en base a los datos proporcionados.<\/p>\n<h2 class=\"h5\">\u00bfPor cu\u00e1nto tiempo conservaremos sus datos?<\/h2>\n<p>Los datos se conservar\u00e1n mientras el interesado no solicite su supresi\u00f3n.<\/p>\n<h2 class=\"h5\">\u00bfCu\u00e1l es la legitimaci\u00f3n para el tratamiento de sus datos?<\/h2>\n<p>Le indicamos la base legal para el tratamiento de sus datos:<\/p>\n<ul>\n<li>Consentimiento del interesado: Atender su solicitud y enviarle comunicaciones comerciales, as\u00ed como nuestros boletines.<\/li>\n<\/ul>\n<h2 class=\"h5\">\u00bfA qu\u00e9 destinatarios se comunicar\u00e1n sus datos?<\/h2>\n<p>No se ceder\u00e1n datos a terceros, salvo obligaci\u00f3n legal.<\/p>\n<h2 class=\"h5\">\u00bfTransferencias de datos a terceros pa\u00edses?<\/h2>\n<p>No est\u00e1n previstas transferencias de datos a terceros pa\u00edses.<\/p>\n<h2 class=\"h5\">\u00bfC\u00f3mo hemos obtenido sus datos?<\/h2>\n<p>Los datos personales que tratamos en RODASMAR SA\u00a0 proceden del propio interesado.<\/p>\n<p>No se tratan categor\u00edas especiales de datos personales (son aquellos datos que revelen el origen \u00e9tnico o racial, las opiniones pol\u00edticas, las convicciones religiosas o filos\u00f3ficas, o la afiliaci\u00f3n sindical, datos gen\u00e9ticos, datos biom\u00e9tricos dirigidos a identificar de manera un\u00edvoca a una persona f\u00edsica, datos relativos a la salud o datos relativos a la vida sexual o la orientaci\u00f3n sexual de una persona f\u00edsica).<\/p>\n<p>&nbsp;<\/p>\n<h2 class=\"h4\">Tratamiento de DATOS para SELECCI\u00d3N del PERSONAL<\/h2>\n<h2 class=\"h5\">\u00bfCon qu\u00e9 finalidad tratamos sus datos personales?<\/h2>\n<p>En RODASMAR SA\u00a0 tratamos la informaci\u00f3n que nos facilitan las personas interesadas con el fin de realizar los procesos de selecci\u00f3n de personal. No se van a tomar decisiones automatizadas en base a los datos proporcionados.<\/p>\n<h2 class=\"h5\">\u00bfPor cu\u00e1nto tiempo conservaremos sus datos?<\/h2>\n<p>Se conservar\u00e1n durante dos a\u00f1os, a excepci\u00f3n de que el interesado retire su consentimiento antes del plazo m\u00e1ximo de conservaci\u00f3n.<\/p>\n<h2 class=\"h5\">\u00bfCu\u00e1l es la legitimaci\u00f3n para el tratamiento de sus datos?<\/h2>\n<p>Le indicamos la base legal para el tratamiento de sus datos:<\/p>\n<ul>\n<li>Consentimiento del interesado: Participar en los procesos de selecci\u00f3n de personal.<\/li>\n<\/ul>\n<h2 class=\"h5\">\u00bfA qu\u00e9 destinatarios se comunicar\u00e1n sus datos?<\/h2>\n<p>No se ceder\u00e1n datos a terceros, salvo obligaci\u00f3n legal.<\/p>\n<h2 class=\"h5\">\u00bfTransferencias de datos a terceros pa\u00edses?<\/h2>\n<p>No est\u00e1n previstas transferencias de datos a terceros pa\u00edses.<\/p>\n<h2 class=\"h5\">\u00bfC\u00f3mo hemos obtenido sus datos?<\/h2>\n<p>Los datos personales que tratamos en RODASMAR SA\u00a0 proceden del propio interesado. Las categor\u00edas de datos que se tratan son:<\/p>\n<ul>\n<li>Datos identificativos<\/li>\n<li>Direcciones postales y electr\u00f3nicas<\/li>\n<li>Datos acad\u00e9micos y profesionales<\/li>\n<\/ul>\n<p>&nbsp;<\/p>\n<h2 class=\"h4\">Tratamiento de DATOS de CLIENTES<\/h2>\n<h2 class=\"h5\">\u00bfCon qu\u00e9 finalidad tratamos sus datos personales?<\/h2>\n<p>En RODASMAR SA\u00a0 tratamos la informaci\u00f3n que nos facilitan las personas interesadas con el fin de prestar los servicios solicitados, realizar la gesti\u00f3n administrativa, contable y fiscal de los servicios solicitados, as\u00ed como enviar comunicaciones comerciales sobre nuestros productos y servicios. No se van a tomar decisiones automatizadas en base a los datos proporcionados.<\/p>\n<h2 class=\"h5\">\u00bfPor cu\u00e1nto tiempo conservaremos sus datos?<\/h2>\n<p>Los datos se conservar\u00e1n mientras el interesado no solicite su supresi\u00f3n, y en su caso, durante los a\u00f1os necesarios para cumplir con las obligaciones legales.<\/p>\n<h2 class=\"h5\">\u00bfCu\u00e1l es la legitimaci\u00f3n para el tratamiento de sus datos?<\/h2>\n<p>Le indicamos la base legal para el tratamiento de sus datos:<\/p>\n<ul>\n<li>Ejecuci\u00f3n de un contrato: Prestar los servicios solicitados<\/li>\n<li>Obligaci\u00f3n legal: Realizar la gesti\u00f3n administrativa, contable y fiscal de los servicios solicitados<\/li>\n<li>Inter\u00e9s leg\u00edtimo del Responsable: Enviar comunicaciones comerciales sobre nuestros productos y servicios<\/li>\n<\/ul>\n<h2 class=\"h5\">\u00bfA qu\u00e9 destinatarios se comunicar\u00e1n sus datos?<\/h2>\n<p>Los datos se comunicar\u00e1n a los siguientes destinatarios:<\/p>\n<ul>\n<li>Agencia Tributaria, con la finalidad de cumplir con las obligaciones legales.<\/li>\n<li>Entidades financieras, con la finalidad de girar los recibos correspondientes.<\/li>\n<\/ul>\n<h2 class=\"h5\">\u00bfTransferencias de datos a terceros pa\u00edses?<\/h2>\n<p>No est\u00e1n previstas transferencias de datos a terceros pa\u00edses.<\/p>\n<h2 class=\"h5\">\u00bfC\u00f3mo hemos obtenido sus datos?<\/h2>\n<p>Los datos personales que tratamos en RODASMAR SA\u00a0 proceden de: El propio interesado.<br \/>\nLas categor\u00edas de datos que se tratan son:<\/p>\n<ul>\n<li>Datos identificativos<\/li>\n<li>Direcciones postales y electr\u00f3nicas<\/li>\n<li>Informaci\u00f3n comercial<\/li>\n<\/ul>\n<p>&nbsp;<\/p>\n<h2 class=\"h4\">Tratamiento de datos de VIDEOVIGILANCIA<\/h2>\n<h2 class=\"h5\">Informaci\u00f3n b\u00e1sica sobre Protecci\u00f3n de datos<\/h2>\n<p>Responsable: RODASMAR SA ; Finalidad: Garantizar la seguridad de personas, bienes e instalaciones; Legitimaci\u00f3n: Misi\u00f3n en Inter\u00e9s p\u00fablico; Destinatarios: Est\u00e1n previstas cesiones de datos a: En su caso, las fuerzas y cuerpos de seguridad del Estado, as\u00ed como Juzgados y Tribunales; Derechos: Tiene derecho a acceder, rectificar y suprimir los datos, as\u00ed como otros derechos, indicados en la informaci\u00f3n adicional, que puede ejercer dirigi\u00e9ndose a la direcci\u00f3n del responsable del tratamiento; Procedencia: El propio interesado.<\/p>\n<h2 class=\"h5\">Informaci\u00f3n completa sobre Protecci\u00f3n de Datos<\/h2>\n<h2 class=\"h5\">\u00bfCon qu\u00e9 finalidad tratamos sus datos personales?<\/h2>\n<p>En RODASMAR SA\u00a0 tratamos la informaci\u00f3n que nos facilitan las personas interesadas con el fin de Garantizar la seguridad de personas, bienes e instalaciones.<\/p>\n<p>No se van a tomar decisiones automatizadas en base a los datos proporcionados.<\/p>\n<h2 class=\"h5\">\u00bfPor cu\u00e1nto tiempo conservaremos sus datos?<\/h2>\n<p>Los datos se conservar\u00e1n un m\u00e1ximo de 30 d\u00edas, salvo comunicaci\u00f3n a Fuerzas y Cuerpos de Seguridad, y\/o Juzgados y Tribunales.<\/p>\n<h2 class=\"h5\">\u00bfCu\u00e1l es la legitimaci\u00f3n para el tratamiento de sus datos?<\/h2>\n<p>Le indicamos la base legal para el tratamiento de sus datos:<\/p>\n<ul>\n<li>Misi\u00f3n en Inter\u00e9s p\u00fablico: Garantizar la seguridad de personas, bienes e instalaciones.<\/li>\n<\/ul>\n<h2 class=\"h5\">\u00bfA qu\u00e9 destinatarios se comunicar\u00e1n sus datos?<\/h2>\n<p>Los datos se comunicar\u00e1n a los siguientes destinatarios:<\/p>\n<ul>\n<li>En su caso, las fuerzas y cuerpos de seguridad del Estado, as\u00ed como Juzgados y Tribunales, con la finalidad de aportar las im\u00e1genes si se ha cometido un delito.<\/li>\n<\/ul>\n<h2 class=\"h5\">Transferencias de datos a terceros pa\u00edses<\/h2>\n<p>No est\u00e1n previstas transferencias de datos a terceros pa\u00edses.<\/p>\n<h2 class=\"h5\">\u00bfC\u00f3mo hemos obtenido sus datos?<\/h2>\n<p>Los datos personales que tratamos en RODASMAR SA\u00a0 proceden de: El propio interesado.<\/p>\n<h2 class=\"h5\">\u00bfCu\u00e1les son sus derechos cuando nos facilita sus datos?<\/h2>\n<p>Cualquier persona tiene derecho a obtener confirmaci\u00f3n sobre si en RODASMAR SA\u00a0 estamos tratando, datos personales que les conciernan o no.<\/p>\n<p>Las personas interesadas tienen derecho a acceder a sus datos personales, as\u00ed como a solicitar la rectificaci\u00f3n de los datos inexactos o, en su caso, solicitar su supresi\u00f3n cuando, entre otros motivos, los datos ya no sean necesarios para los fines que fueron recogidos.<\/p>\n<p>En determinadas circunstancias, los interesados podr\u00e1n solicitar la limitaci\u00f3n del tratamiento de sus datos, en cuyo caso \u00fanicamente los conservaremos para el ejercicio o la defensa de reclamaciones.<\/p>\n<p>En determinadas circunstancias y por motivos relacionados con su situaci\u00f3n particular, los interesados podr\u00e1n oponerse al tratamiento de sus datos. En este caso, RODASMAR SA\u00a0 dejar\u00e1 de tratar los datos, salvo por motivos leg\u00edtimos imperiosos, o el ejercicio o la defensa de posibles reclamaciones.<\/p>\n<p>Tambi\u00e9n tendr\u00e1 derecho a solicitar la portabilidad de sus datos personales. Esto significa que tendr\u00e1 derecho a recibir los datos personales que nos haya facilitado en un formato estructurado, de uso com\u00fan y legible por una m\u00e1quina, para poder transmitirlo a otra entidad directamente, siempre que t\u00e9cnicamente sea posible.<\/p>\n<p>Si ha otorgado su consentimiento para alguna finalidad concreta, tiene derecho a retirar el consentimiento otorgado en cualquier momento, sin que ello afecte a la licitud del tratamiento basado en el consentimiento previo a su retirada.<\/p>\n<p>Podr\u00e1 ejercer sus derechos dirigi\u00e9ndose al responsable presencialmente, por correo postal acompa\u00f1ando fotocopia de su DNI o documento oficial identificativo, o bien por correo electr\u00f3nico a la direcci\u00f3n electr\u00f3nica del Responsable, acompa\u00f1ando la instancia\/solicitud una fotocopia de su DNI o documento oficial identificativo. Los formularios para el ejercicio\/solicitud de derechos, puede encontrarlos en la web de la Agencia Espa\u00f1ola de Protecci\u00f3n de Datos:<\/p>\n<p><a href=\"https:\/\/www.aepd.es\/reglamento\/derechos\/index.html#section1\">https:\/\/www.aepd.es\/reglamento\/derechos\/index.html#section1<\/a><\/p>\n<p>En caso de que sienta vulnerados sus derechos en lo concerniente a la protecci\u00f3n de sus datos personales, especialmente cuando no haya obtenido satisfacci\u00f3n en el ejercicio de sus derechos, puede presentar una reclamaci\u00f3n ante la Autoridad de Control en materia de Protecci\u00f3n de Datos competente accediendo a la sede electr\u00f3nica de la Agencia Espa\u00f1ola de Protecci\u00f3n de datos (C\/ Jorge Juan, 6, 28001-Madrid):<\/p>\n<p><a href=\"https:\/\/sedeagpd.gob.es\/sede-electronica-web\/vistas\/infoSede\/queSede.jsf\">https:\/\/sedeagpd.gob.es\/sede-electronica-web\/vistas\/infoSede\/queSede.jsf<\/a>[\/vc_column_text][\/vc_column][\/vc_row][vc_row][vc_column width=&#8221;1\/1&#8243;][uncode_block id=&#8221;84595&#8243;][\/vc_column][\/vc_row]<\/p>\n<\/div>","protected":false},"excerpt":{"rendered":"<p>[vc_row row_height_percent=&#8221;0&#8243; override_padding=&#8221;yes&#8221; h_padding=&#8221;2&#8243; top_padding=&#8221;3&#8243; bottom_padding=&#8221;3&#8243; overlay_alpha=&#8221;50&#8243; gutter_size=&#8221;3&#8243; column_width_percent=&#8221;100&#8243; shift_y=&#8221;0&#8243; z_index=&#8221;0&#8243; uncode_shortcode_id=&#8221;114470&#8243; shape_dividers=&#8221;&#8221;][vc_column width=&#8221;1\/1&#8243;][vc_column_text uncode_shortcode_id=&#8221;952123&#8243;]Nuestro objetivo, es ser lo m\u00e1s [&hellip;]<\/p>\n","protected":false},"author":2,"featured_media":84564,"parent":0,"menu_order":123,"comment_status":"closed","ping_status":"closed","template":"","meta":{"footnotes":""},"class_list":["post-85356","page","type-page","status-publish","has-post-thumbnail","hentry"],"yoast_head":"<!-- This site is optimized with the Yoast SEO plugin v25.2 - https:\/\/yoast.com\/wordpress\/plugins\/seo\/ -->\n<title>Pol\u00edtica de privadesa - Camping Rodas | Roses |\u00a0Costa brava<\/title>\n<meta name=\"robots\" content=\"index, follow, max-snippet:-1, max-image-preview:large, max-video-preview:-1\" \/>\n<link rel=\"canonical\" href=\"https:\/\/www.campingrodas.com\/ca\/politica-de-privadesa\/\" \/>\n<meta property=\"og:locale\" content=\"ca_ES\" \/>\n<meta property=\"og:type\" content=\"article\" \/>\n<meta property=\"og:title\" content=\"Pol\u00edtica de privadesa - Camping Rodas | Roses |\u00a0Costa brava\" \/>\n<meta property=\"og:description\" content=\"[vc_row row_height_percent=&#8221;0&#8243; override_padding=&#8221;yes&#8221; h_padding=&#8221;2&#8243; top_padding=&#8221;3&#8243; bottom_padding=&#8221;3&#8243; overlay_alpha=&#8221;50&#8243; gutter_size=&#8221;3&#8243; column_width_percent=&#8221;100&#8243; shift_y=&#8221;0&#8243; z_index=&#8221;0&#8243; uncode_shortcode_id=&#8221;114470&#8243; shape_dividers=&#8221;&#8221;][vc_column width=&#8221;1\/1&#8243;][vc_column_text uncode_shortcode_id=&#8221;952123&#8243;]Nuestro objetivo, es ser lo m\u00e1s [&hellip;]\" \/>\n<meta property=\"og:url\" content=\"https:\/\/www.campingrodas.com\/ca\/politica-de-privadesa\/\" \/>\n<meta property=\"og:site_name\" content=\"Camping Rodas | Roses |\u00a0Costa brava\" \/>\n<meta property=\"article:publisher\" content=\"https:\/\/www.facebook.com\/campingrodas\" \/>\n<meta property=\"article:modified_time\" content=\"2022-07-13T08:52:52+00:00\" \/>\n<meta property=\"og:image\" content=\"https:\/\/www.campingrodas.com\/wp-content\/uploads\/2022\/05\/slider-borsa_treball.jpg\" \/>\n\t<meta property=\"og:image:width\" content=\"2000\" \/>\n\t<meta property=\"og:image:height\" content=\"750\" \/>\n\t<meta property=\"og:image:type\" content=\"image\/jpeg\" \/>\n<meta name=\"twitter:card\" content=\"summary_large_image\" \/>\n<meta name=\"twitter:site\" content=\"@campingrodas\" \/>\n<meta name=\"twitter:label1\" content=\"Temps estimat de lectura\" \/>\n\t<meta name=\"twitter:data1\" content=\"7 minuts\" \/>\n<script type=\"application\/ld+json\" class=\"yoast-schema-graph\">{\"@context\":\"https:\/\/schema.org\",\"@graph\":[{\"@type\":\"WebPage\",\"@id\":\"https:\/\/www.campingrodas.com\/ca\/politica-de-privadesa\/\",\"url\":\"https:\/\/www.campingrodas.com\/ca\/politica-de-privadesa\/\",\"name\":\"Pol\u00edtica de privadesa - Camping Rodas | Roses |\u00a0Costa brava\",\"isPartOf\":{\"@id\":\"https:\/\/www.campingrodas.com\/ca\/#website\"},\"primaryImageOfPage\":{\"@id\":\"https:\/\/www.campingrodas.com\/ca\/politica-de-privadesa\/#primaryimage\"},\"image\":{\"@id\":\"https:\/\/www.campingrodas.com\/ca\/politica-de-privadesa\/#primaryimage\"},\"thumbnailUrl\":\"https:\/\/www.campingrodas.com\/wp-content\/uploads\/2022\/05\/slider-borsa_treball.jpg\",\"datePublished\":\"2022-04-21T10:25:01+00:00\",\"dateModified\":\"2022-07-13T08:52:52+00:00\",\"breadcrumb\":{\"@id\":\"https:\/\/www.campingrodas.com\/ca\/politica-de-privadesa\/#breadcrumb\"},\"inLanguage\":\"ca\",\"potentialAction\":[{\"@type\":\"ReadAction\",\"target\":[\"https:\/\/www.campingrodas.com\/ca\/politica-de-privadesa\/\"]}]},{\"@type\":\"ImageObject\",\"inLanguage\":\"ca\",\"@id\":\"https:\/\/www.campingrodas.com\/ca\/politica-de-privadesa\/#primaryimage\",\"url\":\"https:\/\/www.campingrodas.com\/wp-content\/uploads\/2022\/05\/slider-borsa_treball.jpg\",\"contentUrl\":\"https:\/\/www.campingrodas.com\/wp-content\/uploads\/2022\/05\/slider-borsa_treball.jpg\",\"width\":2000,\"height\":750,\"caption\":\"slider-borsa_treball\"},{\"@type\":\"BreadcrumbList\",\"@id\":\"https:\/\/www.campingrodas.com\/ca\/politica-de-privadesa\/#breadcrumb\",\"itemListElement\":[{\"@type\":\"ListItem\",\"position\":1,\"name\":\"Inici\",\"item\":\"https:\/\/www.campingrodas.com\/ca\/\"},{\"@type\":\"ListItem\",\"position\":2,\"name\":\"Pol\u00edtica de privadesa\"}]},{\"@type\":\"WebSite\",\"@id\":\"https:\/\/www.campingrodas.com\/ca\/#website\",\"url\":\"https:\/\/www.campingrodas.com\/ca\/\",\"name\":\"Camping Rodas | Roses |\u00a0Costa brava\",\"description\":\"Camping familiar ubicado en el la entrada del pueblo de Roses, muy cerca de la playa de Santa Margarita\",\"publisher\":{\"@id\":\"https:\/\/www.campingrodas.com\/ca\/#organization\"},\"potentialAction\":[{\"@type\":\"SearchAction\",\"target\":{\"@type\":\"EntryPoint\",\"urlTemplate\":\"https:\/\/www.campingrodas.com\/ca\/?s={search_term_string}\"},\"query-input\":{\"@type\":\"PropertyValueSpecification\",\"valueRequired\":true,\"valueName\":\"search_term_string\"}}],\"inLanguage\":\"ca\"},{\"@type\":\"Organization\",\"@id\":\"https:\/\/www.campingrodas.com\/ca\/#organization\",\"name\":\"Camping Rodas\",\"url\":\"https:\/\/www.campingrodas.com\/ca\/\",\"logo\":{\"@type\":\"ImageObject\",\"inLanguage\":\"ca\",\"@id\":\"https:\/\/www.campingrodas.com\/ca\/#\/schema\/logo\/image\/\",\"url\":\"https:\/\/www.campingrodas.com\/wp-content\/uploads\/2022\/04\/camping-rodas_logo_positiu.png\",\"contentUrl\":\"https:\/\/www.campingrodas.com\/wp-content\/uploads\/2022\/04\/camping-rodas_logo_positiu.png\",\"width\":229,\"height\":53,\"caption\":\"Camping Rodas\"},\"image\":{\"@id\":\"https:\/\/www.campingrodas.com\/ca\/#\/schema\/logo\/image\/\"},\"sameAs\":[\"https:\/\/www.facebook.com\/campingrodas\",\"https:\/\/x.com\/campingrodas\",\"https:\/\/www.instagram.com\/campingrodas\/\"]}]}<\/script>\n<!-- \/ Yoast SEO plugin. -->","yoast_head_json":{"title":"Pol\u00edtica de privadesa - Camping Rodas | Roses |\u00a0Costa brava","robots":{"index":"index","follow":"follow","max-snippet":"max-snippet:-1","max-image-preview":"max-image-preview:large","max-video-preview":"max-video-preview:-1"},"canonical":"https:\/\/www.campingrodas.com\/ca\/politica-de-privadesa\/","og_locale":"ca_ES","og_type":"article","og_title":"Pol\u00edtica de privadesa - Camping Rodas | Roses |\u00a0Costa brava","og_description":"[vc_row row_height_percent=&#8221;0&#8243; override_padding=&#8221;yes&#8221; h_padding=&#8221;2&#8243; top_padding=&#8221;3&#8243; bottom_padding=&#8221;3&#8243; overlay_alpha=&#8221;50&#8243; gutter_size=&#8221;3&#8243; column_width_percent=&#8221;100&#8243; shift_y=&#8221;0&#8243; z_index=&#8221;0&#8243; uncode_shortcode_id=&#8221;114470&#8243; shape_dividers=&#8221;&#8221;][vc_column width=&#8221;1\/1&#8243;][vc_column_text uncode_shortcode_id=&#8221;952123&#8243;]Nuestro objetivo, es ser lo m\u00e1s [&hellip;]","og_url":"https:\/\/www.campingrodas.com\/ca\/politica-de-privadesa\/","og_site_name":"Camping Rodas | Roses |\u00a0Costa brava","article_publisher":"https:\/\/www.facebook.com\/campingrodas","article_modified_time":"2022-07-13T08:52:52+00:00","og_image":[{"width":2000,"height":750,"url":"https:\/\/www.campingrodas.com\/wp-content\/uploads\/2022\/05\/slider-borsa_treball.jpg","type":"image\/jpeg"}],"twitter_card":"summary_large_image","twitter_site":"@campingrodas","twitter_misc":{"Temps estimat de lectura":"7 minuts"},"schema":{"@context":"https:\/\/schema.org","@graph":[{"@type":"WebPage","@id":"https:\/\/www.campingrodas.com\/ca\/politica-de-privadesa\/","url":"https:\/\/www.campingrodas.com\/ca\/politica-de-privadesa\/","name":"Pol\u00edtica de privadesa - Camping Rodas | Roses |\u00a0Costa brava","isPartOf":{"@id":"https:\/\/www.campingrodas.com\/ca\/#website"},"primaryImageOfPage":{"@id":"https:\/\/www.campingrodas.com\/ca\/politica-de-privadesa\/#primaryimage"},"image":{"@id":"https:\/\/www.campingrodas.com\/ca\/politica-de-privadesa\/#primaryimage"},"thumbnailUrl":"https:\/\/www.campingrodas.com\/wp-content\/uploads\/2022\/05\/slider-borsa_treball.jpg","datePublished":"2022-04-21T10:25:01+00:00","dateModified":"2022-07-13T08:52:52+00:00","breadcrumb":{"@id":"https:\/\/www.campingrodas.com\/ca\/politica-de-privadesa\/#breadcrumb"},"inLanguage":"ca","potentialAction":[{"@type":"ReadAction","target":["https:\/\/www.campingrodas.com\/ca\/politica-de-privadesa\/"]}]},{"@type":"ImageObject","inLanguage":"ca","@id":"https:\/\/www.campingrodas.com\/ca\/politica-de-privadesa\/#primaryimage","url":"https:\/\/www.campingrodas.com\/wp-content\/uploads\/2022\/05\/slider-borsa_treball.jpg","contentUrl":"https:\/\/www.campingrodas.com\/wp-content\/uploads\/2022\/05\/slider-borsa_treball.jpg","width":2000,"height":750,"caption":"slider-borsa_treball"},{"@type":"BreadcrumbList","@id":"https:\/\/www.campingrodas.com\/ca\/politica-de-privadesa\/#breadcrumb","itemListElement":[{"@type":"ListItem","position":1,"name":"Inici","item":"https:\/\/www.campingrodas.com\/ca\/"},{"@type":"ListItem","position":2,"name":"Pol\u00edtica de privadesa"}]},{"@type":"WebSite","@id":"https:\/\/www.campingrodas.com\/ca\/#website","url":"https:\/\/www.campingrodas.com\/ca\/","name":"Camping Rodas | Roses |\u00a0Costa brava","description":"Camping familiar ubicado en el la entrada del pueblo de Roses, muy cerca de la playa de Santa Margarita","publisher":{"@id":"https:\/\/www.campingrodas.com\/ca\/#organization"},"potentialAction":[{"@type":"SearchAction","target":{"@type":"EntryPoint","urlTemplate":"https:\/\/www.campingrodas.com\/ca\/?s={search_term_string}"},"query-input":{"@type":"PropertyValueSpecification","valueRequired":true,"valueName":"search_term_string"}}],"inLanguage":"ca"},{"@type":"Organization","@id":"https:\/\/www.campingrodas.com\/ca\/#organization","name":"Camping Rodas","url":"https:\/\/www.campingrodas.com\/ca\/","logo":{"@type":"ImageObject","inLanguage":"ca","@id":"https:\/\/www.campingrodas.com\/ca\/#\/schema\/logo\/image\/","url":"https:\/\/www.campingrodas.com\/wp-content\/uploads\/2022\/04\/camping-rodas_logo_positiu.png","contentUrl":"https:\/\/www.campingrodas.com\/wp-content\/uploads\/2022\/04\/camping-rodas_logo_positiu.png","width":229,"height":53,"caption":"Camping Rodas"},"image":{"@id":"https:\/\/www.campingrodas.com\/ca\/#\/schema\/logo\/image\/"},"sameAs":["https:\/\/www.facebook.com\/campingrodas","https:\/\/x.com\/campingrodas","https:\/\/www.instagram.com\/campingrodas\/"]}]}},"_links":{"self":[{"href":"https:\/\/www.campingrodas.com\/ca\/wp-json\/wp\/v2\/pages\/85356","targetHints":{"allow":["GET"]}}],"collection":[{"href":"https:\/\/www.campingrodas.com\/ca\/wp-json\/wp\/v2\/pages"}],"about":[{"href":"https:\/\/www.campingrodas.com\/ca\/wp-json\/wp\/v2\/types\/page"}],"author":[{"embeddable":true,"href":"https:\/\/www.campingrodas.com\/ca\/wp-json\/wp\/v2\/users\/2"}],"replies":[{"embeddable":true,"href":"https:\/\/www.campingrodas.com\/ca\/wp-json\/wp\/v2\/comments?post=85356"}],"version-history":[{"count":0,"href":"https:\/\/www.campingrodas.com\/ca\/wp-json\/wp\/v2\/pages\/85356\/revisions"}],"wp:featuredmedia":[{"embeddable":true,"href":"https:\/\/www.campingrodas.com\/ca\/wp-json\/wp\/v2\/media\/84564"}],"wp:attachment":[{"href":"https:\/\/www.campingrodas.com\/ca\/wp-json\/wp\/v2\/media?parent=85356"}],"curies":[{"name":"wp","href":"https:\/\/api.w.org\/{rel}","templated":true}]}}