{"id":85348,"date":"2022-05-13T11:13:19","date_gmt":"2022-05-13T09:13:19","guid":{"rendered":"https:\/\/rodas.efimatica.com\/credits\/"},"modified":"2022-07-13T10:47:38","modified_gmt":"2022-07-13T08:47:38","slug":"credits","status":"publish","type":"page","link":"https:\/\/www.campingrodas.com\/ca\/credits\/","title":{"rendered":"Cr\u00e8dits"},"content":{"rendered":"<div class=\"wpb-content-wrapper\"><p>[vc_row row_height_percent=&#8221;0&#8243; override_padding=&#8221;yes&#8221; h_padding=&#8221;2&#8243; top_padding=&#8221;3&#8243; bottom_padding=&#8221;3&#8243; overlay_alpha=&#8221;50&#8243; gutter_size=&#8221;3&#8243; column_width_percent=&#8221;100&#8243; shift_y=&#8221;0&#8243; z_index=&#8221;0&#8243; uncode_shortcode_id=&#8221;203108&#8243; shape_dividers=&#8221;&#8221;][vc_column width=&#8221;1\/1&#8243;][vc_column_text uncode_shortcode_id=&#8221;369582&#8243;]<strong>Gesti\u00f3 del projecte:<\/strong> <a href=\"http:\/\/www.elgiroscopi.com\/\" target=\"_blank\" rel=\"noopener\">ElGiroscopi<\/a><\/p>\n<p><strong>Disseny:<\/strong>\u00a0<a href=\"http:\/\/www.nitisdesigns.com\/\" target=\"_blank\" rel=\"noopener\">Nitis Designs<\/a><\/p>\n<p><strong>Programaci\u00f3:<\/strong>\u00a0<a href=\"http:\/\/www.efimatica.com\/\" target=\"_blank\" rel=\"noopener\">Efim\u00e0tica<\/a><\/p>\n<p><strong>Icones:<\/strong> Edward Boatman, Erin Standley, Nadir Balcikli, Mundo, Derek Jones, Transfer Studio, Creative Stall, Giovanni Tagliente, merijn, Anton Gajdosik, Sofi Ovchinnikova, Arthur Shlain, Alex Tai.<\/p>\n<p><strong>Fotografia:<\/strong>\u00a0Refer\u00e8ncia a l\u2019autor incrustada a la mateixa fotografia. Si no la veu a alguna fotografia \u00e9s perqu\u00e8 ja la hem referenciada a la mateixa fotografia que apareix repetida a algun altre p\u00e0gina del web. Altres autors:\u00a0Robert Young, Pea Chesh, Torrey Wiley, Enric Millet, Yannick Carer, Startup Stock, Ajuntament Vilanova i la Geltr\u00fa.[\/vc_column_text][\/vc_column][\/vc_row][vc_row][vc_column width=&#8221;1\/1&#8243;][uncode_block id=&#8221;84595&#8243;][\/vc_column][\/vc_row]<\/p>\n<\/div>","protected":false},"excerpt":{"rendered":"<p>[vc_row row_height_percent=&#8221;0&#8243; override_padding=&#8221;yes&#8221; h_padding=&#8221;2&#8243; top_padding=&#8221;3&#8243; bottom_padding=&#8221;3&#8243; overlay_alpha=&#8221;50&#8243; gutter_size=&#8221;3&#8243; column_width_percent=&#8221;100&#8243; shift_y=&#8221;0&#8243; z_index=&#8221;0&#8243; uncode_shortcode_id=&#8221;203108&#8243; shape_dividers=&#8221;&#8221;][vc_column width=&#8221;1\/1&#8243;][vc_column_text uncode_shortcode_id=&#8221;369582&#8243;]Gesti\u00f3 del projecte: ElGiroscopi Disseny:\u00a0Nitis Designs [&hellip;]<\/p>\n","protected":false},"author":2,"featured_media":84564,"parent":0,"menu_order":25,"comment_status":"closed","ping_status":"closed","template":"","meta":{"footnotes":""},"class_list":["post-85348","page","type-page","status-publish","has-post-thumbnail","hentry"],"yoast_head":"<!-- This site is optimized with the Yoast SEO plugin v25.2 - https:\/\/yoast.com\/wordpress\/plugins\/seo\/ -->\n<title>Cr\u00e8dits - Camping Rodas | Roses |\u00a0Costa brava<\/title>\n<meta name=\"robots\" content=\"index, follow, max-snippet:-1, max-image-preview:large, max-video-preview:-1\" \/>\n<link rel=\"canonical\" href=\"https:\/\/www.campingrodas.com\/ca\/credits\/\" \/>\n<meta property=\"og:locale\" content=\"ca_ES\" \/>\n<meta property=\"og:type\" content=\"article\" \/>\n<meta property=\"og:title\" content=\"Cr\u00e8dits - Camping Rodas | Roses |\u00a0Costa brava\" \/>\n<meta property=\"og:description\" content=\"[vc_row row_height_percent=&#8221;0&#8243; override_padding=&#8221;yes&#8221; h_padding=&#8221;2&#8243; top_padding=&#8221;3&#8243; bottom_padding=&#8221;3&#8243; overlay_alpha=&#8221;50&#8243; gutter_size=&#8221;3&#8243; column_width_percent=&#8221;100&#8243; shift_y=&#8221;0&#8243; z_index=&#8221;0&#8243; uncode_shortcode_id=&#8221;203108&#8243; shape_dividers=&#8221;&#8221;][vc_column width=&#8221;1\/1&#8243;][vc_column_text uncode_shortcode_id=&#8221;369582&#8243;]Gesti\u00f3 del projecte: ElGiroscopi Disseny:\u00a0Nitis Designs [&hellip;]\" \/>\n<meta property=\"og:url\" content=\"https:\/\/www.campingrodas.com\/ca\/credits\/\" \/>\n<meta property=\"og:site_name\" content=\"Camping Rodas | Roses |\u00a0Costa brava\" \/>\n<meta property=\"article:publisher\" content=\"https:\/\/www.facebook.com\/campingrodas\" \/>\n<meta property=\"article:modified_time\" content=\"2022-07-13T08:47:38+00:00\" \/>\n<meta property=\"og:image\" content=\"https:\/\/www.campingrodas.com\/wp-content\/uploads\/2022\/05\/slider-borsa_treball.jpg\" \/>\n\t<meta property=\"og:image:width\" content=\"2000\" \/>\n\t<meta property=\"og:image:height\" content=\"750\" \/>\n\t<meta property=\"og:image:type\" content=\"image\/jpeg\" \/>\n<meta name=\"twitter:card\" content=\"summary_large_image\" \/>\n<meta name=\"twitter:site\" content=\"@campingrodas\" \/>\n<meta name=\"twitter:label1\" content=\"Temps estimat de lectura\" \/>\n\t<meta name=\"twitter:data1\" content=\"1 minut\" \/>\n<script type=\"application\/ld+json\" class=\"yoast-schema-graph\">{\"@context\":\"https:\/\/schema.org\",\"@graph\":[{\"@type\":\"WebPage\",\"@id\":\"https:\/\/www.campingrodas.com\/ca\/credits\/\",\"url\":\"https:\/\/www.campingrodas.com\/ca\/credits\/\",\"name\":\"Cr\u00e8dits - Camping Rodas | Roses |\u00a0Costa brava\",\"isPartOf\":{\"@id\":\"https:\/\/www.campingrodas.com\/ca\/#website\"},\"primaryImageOfPage\":{\"@id\":\"https:\/\/www.campingrodas.com\/ca\/credits\/#primaryimage\"},\"image\":{\"@id\":\"https:\/\/www.campingrodas.com\/ca\/credits\/#primaryimage\"},\"thumbnailUrl\":\"https:\/\/www.campingrodas.com\/wp-content\/uploads\/2022\/05\/slider-borsa_treball.jpg\",\"datePublished\":\"2022-05-13T09:13:19+00:00\",\"dateModified\":\"2022-07-13T08:47:38+00:00\",\"breadcrumb\":{\"@id\":\"https:\/\/www.campingrodas.com\/ca\/credits\/#breadcrumb\"},\"inLanguage\":\"ca\",\"potentialAction\":[{\"@type\":\"ReadAction\",\"target\":[\"https:\/\/www.campingrodas.com\/ca\/credits\/\"]}]},{\"@type\":\"ImageObject\",\"inLanguage\":\"ca\",\"@id\":\"https:\/\/www.campingrodas.com\/ca\/credits\/#primaryimage\",\"url\":\"https:\/\/www.campingrodas.com\/wp-content\/uploads\/2022\/05\/slider-borsa_treball.jpg\",\"contentUrl\":\"https:\/\/www.campingrodas.com\/wp-content\/uploads\/2022\/05\/slider-borsa_treball.jpg\",\"width\":2000,\"height\":750,\"caption\":\"slider-borsa_treball\"},{\"@type\":\"BreadcrumbList\",\"@id\":\"https:\/\/www.campingrodas.com\/ca\/credits\/#breadcrumb\",\"itemListElement\":[{\"@type\":\"ListItem\",\"position\":1,\"name\":\"Inici\",\"item\":\"https:\/\/www.campingrodas.com\/ca\/\"},{\"@type\":\"ListItem\",\"position\":2,\"name\":\"Cr\u00e8dits\"}]},{\"@type\":\"WebSite\",\"@id\":\"https:\/\/www.campingrodas.com\/ca\/#website\",\"url\":\"https:\/\/www.campingrodas.com\/ca\/\",\"name\":\"Camping Rodas | Roses |\u00a0Costa brava\",\"description\":\"Camping familiar ubicado en el la entrada del pueblo de Roses, muy cerca de la playa de Santa Margarita\",\"publisher\":{\"@id\":\"https:\/\/www.campingrodas.com\/ca\/#organization\"},\"potentialAction\":[{\"@type\":\"SearchAction\",\"target\":{\"@type\":\"EntryPoint\",\"urlTemplate\":\"https:\/\/www.campingrodas.com\/ca\/?s={search_term_string}\"},\"query-input\":{\"@type\":\"PropertyValueSpecification\",\"valueRequired\":true,\"valueName\":\"search_term_string\"}}],\"inLanguage\":\"ca\"},{\"@type\":\"Organization\",\"@id\":\"https:\/\/www.campingrodas.com\/ca\/#organization\",\"name\":\"Camping Rodas\",\"url\":\"https:\/\/www.campingrodas.com\/ca\/\",\"logo\":{\"@type\":\"ImageObject\",\"inLanguage\":\"ca\",\"@id\":\"https:\/\/www.campingrodas.com\/ca\/#\/schema\/logo\/image\/\",\"url\":\"https:\/\/www.campingrodas.com\/wp-content\/uploads\/2022\/04\/camping-rodas_logo_positiu.png\",\"contentUrl\":\"https:\/\/www.campingrodas.com\/wp-content\/uploads\/2022\/04\/camping-rodas_logo_positiu.png\",\"width\":229,\"height\":53,\"caption\":\"Camping Rodas\"},\"image\":{\"@id\":\"https:\/\/www.campingrodas.com\/ca\/#\/schema\/logo\/image\/\"},\"sameAs\":[\"https:\/\/www.facebook.com\/campingrodas\",\"https:\/\/x.com\/campingrodas\",\"https:\/\/www.instagram.com\/campingrodas\/\"]}]}<\/script>\n<!-- \/ Yoast SEO plugin. -->","yoast_head_json":{"title":"Cr\u00e8dits - Camping Rodas | Roses |\u00a0Costa brava","robots":{"index":"index","follow":"follow","max-snippet":"max-snippet:-1","max-image-preview":"max-image-preview:large","max-video-preview":"max-video-preview:-1"},"canonical":"https:\/\/www.campingrodas.com\/ca\/credits\/","og_locale":"ca_ES","og_type":"article","og_title":"Cr\u00e8dits - Camping Rodas | Roses |\u00a0Costa brava","og_description":"[vc_row row_height_percent=&#8221;0&#8243; override_padding=&#8221;yes&#8221; h_padding=&#8221;2&#8243; top_padding=&#8221;3&#8243; bottom_padding=&#8221;3&#8243; overlay_alpha=&#8221;50&#8243; gutter_size=&#8221;3&#8243; column_width_percent=&#8221;100&#8243; shift_y=&#8221;0&#8243; z_index=&#8221;0&#8243; uncode_shortcode_id=&#8221;203108&#8243; shape_dividers=&#8221;&#8221;][vc_column width=&#8221;1\/1&#8243;][vc_column_text uncode_shortcode_id=&#8221;369582&#8243;]Gesti\u00f3 del projecte: ElGiroscopi Disseny:\u00a0Nitis Designs [&hellip;]","og_url":"https:\/\/www.campingrodas.com\/ca\/credits\/","og_site_name":"Camping Rodas | Roses |\u00a0Costa brava","article_publisher":"https:\/\/www.facebook.com\/campingrodas","article_modified_time":"2022-07-13T08:47:38+00:00","og_image":[{"width":2000,"height":750,"url":"https:\/\/www.campingrodas.com\/wp-content\/uploads\/2022\/05\/slider-borsa_treball.jpg","type":"image\/jpeg"}],"twitter_card":"summary_large_image","twitter_site":"@campingrodas","twitter_misc":{"Temps estimat de lectura":"1 minut"},"schema":{"@context":"https:\/\/schema.org","@graph":[{"@type":"WebPage","@id":"https:\/\/www.campingrodas.com\/ca\/credits\/","url":"https:\/\/www.campingrodas.com\/ca\/credits\/","name":"Cr\u00e8dits - Camping Rodas | Roses |\u00a0Costa brava","isPartOf":{"@id":"https:\/\/www.campingrodas.com\/ca\/#website"},"primaryImageOfPage":{"@id":"https:\/\/www.campingrodas.com\/ca\/credits\/#primaryimage"},"image":{"@id":"https:\/\/www.campingrodas.com\/ca\/credits\/#primaryimage"},"thumbnailUrl":"https:\/\/www.campingrodas.com\/wp-content\/uploads\/2022\/05\/slider-borsa_treball.jpg","datePublished":"2022-05-13T09:13:19+00:00","dateModified":"2022-07-13T08:47:38+00:00","breadcrumb":{"@id":"https:\/\/www.campingrodas.com\/ca\/credits\/#breadcrumb"},"inLanguage":"ca","potentialAction":[{"@type":"ReadAction","target":["https:\/\/www.campingrodas.com\/ca\/credits\/"]}]},{"@type":"ImageObject","inLanguage":"ca","@id":"https:\/\/www.campingrodas.com\/ca\/credits\/#primaryimage","url":"https:\/\/www.campingrodas.com\/wp-content\/uploads\/2022\/05\/slider-borsa_treball.jpg","contentUrl":"https:\/\/www.campingrodas.com\/wp-content\/uploads\/2022\/05\/slider-borsa_treball.jpg","width":2000,"height":750,"caption":"slider-borsa_treball"},{"@type":"BreadcrumbList","@id":"https:\/\/www.campingrodas.com\/ca\/credits\/#breadcrumb","itemListElement":[{"@type":"ListItem","position":1,"name":"Inici","item":"https:\/\/www.campingrodas.com\/ca\/"},{"@type":"ListItem","position":2,"name":"Cr\u00e8dits"}]},{"@type":"WebSite","@id":"https:\/\/www.campingrodas.com\/ca\/#website","url":"https:\/\/www.campingrodas.com\/ca\/","name":"Camping Rodas | Roses |\u00a0Costa brava","description":"Camping familiar ubicado en el la entrada del pueblo de Roses, muy cerca de la playa de Santa Margarita","publisher":{"@id":"https:\/\/www.campingrodas.com\/ca\/#organization"},"potentialAction":[{"@type":"SearchAction","target":{"@type":"EntryPoint","urlTemplate":"https:\/\/www.campingrodas.com\/ca\/?s={search_term_string}"},"query-input":{"@type":"PropertyValueSpecification","valueRequired":true,"valueName":"search_term_string"}}],"inLanguage":"ca"},{"@type":"Organization","@id":"https:\/\/www.campingrodas.com\/ca\/#organization","name":"Camping Rodas","url":"https:\/\/www.campingrodas.com\/ca\/","logo":{"@type":"ImageObject","inLanguage":"ca","@id":"https:\/\/www.campingrodas.com\/ca\/#\/schema\/logo\/image\/","url":"https:\/\/www.campingrodas.com\/wp-content\/uploads\/2022\/04\/camping-rodas_logo_positiu.png","contentUrl":"https:\/\/www.campingrodas.com\/wp-content\/uploads\/2022\/04\/camping-rodas_logo_positiu.png","width":229,"height":53,"caption":"Camping Rodas"},"image":{"@id":"https:\/\/www.campingrodas.com\/ca\/#\/schema\/logo\/image\/"},"sameAs":["https:\/\/www.facebook.com\/campingrodas","https:\/\/x.com\/campingrodas","https:\/\/www.instagram.com\/campingrodas\/"]}]}},"_links":{"self":[{"href":"https:\/\/www.campingrodas.com\/ca\/wp-json\/wp\/v2\/pages\/85348","targetHints":{"allow":["GET"]}}],"collection":[{"href":"https:\/\/www.campingrodas.com\/ca\/wp-json\/wp\/v2\/pages"}],"about":[{"href":"https:\/\/www.campingrodas.com\/ca\/wp-json\/wp\/v2\/types\/page"}],"author":[{"embeddable":true,"href":"https:\/\/www.campingrodas.com\/ca\/wp-json\/wp\/v2\/users\/2"}],"replies":[{"embeddable":true,"href":"https:\/\/www.campingrodas.com\/ca\/wp-json\/wp\/v2\/comments?post=85348"}],"version-history":[{"count":0,"href":"https:\/\/www.campingrodas.com\/ca\/wp-json\/wp\/v2\/pages\/85348\/revisions"}],"wp:featuredmedia":[{"embeddable":true,"href":"https:\/\/www.campingrodas.com\/ca\/wp-json\/wp\/v2\/media\/84564"}],"wp:attachment":[{"href":"https:\/\/www.campingrodas.com\/ca\/wp-json\/wp\/v2\/media?parent=85348"}],"curies":[{"name":"wp","href":"https:\/\/api.w.org\/{rel}","templated":true}]}}