{"id":85219,"date":"2022-05-09T14:46:49","date_gmt":"2022-05-09T12:46:49","guid":{"rendered":"https:\/\/rodas.efimatica.com\/reglament\/"},"modified":"2022-05-09T14:46:49","modified_gmt":"2022-05-09T12:46:49","slug":"reglament","status":"publish","type":"page","link":"https:\/\/www.campingrodas.com\/ca\/reglament\/","title":{"rendered":"Reglament"},"content":{"rendered":"<div class=\"wpb-content-wrapper\"><p>[vc_row row_height_percent=&#8221;0&#8243; override_padding=&#8221;yes&#8221; h_padding=&#8221;2&#8243; top_padding=&#8221;3&#8243; bottom_padding=&#8221;3&#8243; overlay_alpha=&#8221;50&#8243; gutter_size=&#8221;3&#8243; column_width_percent=&#8221;100&#8243; shift_y=&#8221;0&#8243; z_index=&#8221;0&#8243; uncode_shortcode_id=&#8221;211939&#8243; shape_dividers=&#8221;&#8221;][vc_column width=&#8221;1\/1&#8243;][vc_custom_heading text_size=&#8221;h3&#8243; uncode_shortcode_id=&#8221;174697&#8243;]REGLAMENT INTERN DEL C\u00c0MPING RODAS[\/vc_custom_heading][vc_column_text uncode_shortcode_id=&#8221;152058&#8243;]<strong>Entrada<\/strong>: Tots els clients estan obligats a dipositar un document oficial (no fotoc\u00f2pia) que acrediti suficientment la seva identitat i a signar el registre d\u2019entrada. A petici\u00f3 dels empleats, el client s\u2019haur\u00e0 d\u2019identificar com a hoste registrat.<\/p>\n<p><strong>Visites<\/strong>: Les persones alienes al c\u00e0mping que tinguin la intenci\u00f3 de visitar familiars o amics hauran de deixar el seu vehicle aparcat fora del c\u00e0mping i notificar la seva pres\u00e8ncia a la recepci\u00f3. Les visites tenen un cost que s\u2019ha d\u2019abonar en el moment de registrar-se a la recepci\u00f3.<\/p>\n<p><strong>Instal\u00b7laci\u00f3<\/strong>: Les tendes, caravanes o qualsevol altre material hauran de ser instal\u00b7lats d\u2019acord amb les regles de la Direcci\u00f3. Queda totalment prohibit canviar la parcel\u00b7la assignada per la Direcci\u00f3 del c\u00e0mping en el moment de l\u2019arribada sense comunicar-ho pr\u00e8viament a la recepci\u00f3. No es podr\u00e0 excedir l\u2019espai delimitat per la seva parcel\u00b7la ni envair l\u2019espai de les parcel\u00b7les confrontants.<\/p>\n<p><strong>Hora de sortida<\/strong>: El dia de sortida les parcel\u00b7les s\u2019hauran de deixar lliures abans de les 12 h. del migdia, i per als Mobilhomes o Lodges la sortida \u00e9s a la 10 h. En el cas de voler sortir m\u00e9s tard s\u2019haur\u00e0 d\u2019abonar una jornada sencera m\u00e9s. En el cas de voler allargar la seva estada ho haur\u00e0 de comunicar a la recepci\u00f3 amb suficient antelaci\u00f3. En aquest cas podria ser que hagin de canviar de parcel\u00b7la.<\/p>\n<p><strong>Pagament de l\u2019estada<\/strong>: Les factures de l\u2019estada s\u2019han d\u2019abonar a recepci\u00f3 el dia del\u00a0 check-in. El pagament podr\u00e0 realitzar-se mitjan\u00e7ant targeta de cr\u00e8dit i\/o efectiu. No s\u2019accepten xecs bancaris ni xecs de vacances. En el cas d\u2019haver-se produ\u00eft algun tipus de desperfecte a les instal\u00b7lacions del c\u00e0mping causa del mal \u00fas del client, aquest haur\u00e0 d\u2019abonar l\u2019import de la reparaci\u00f3 o substituci\u00f3 a la sortida.<\/p>\n<p><strong>Vehicles<\/strong>: Per evitar l\u2019entrada de vehicles aliens i controlar la seguretat de l\u2019allotjament tots els vehicles hauran de col\u00b7locar l\u2019adhesiu de control en un lloc visible, al vidre davanter del parabrisa. Els vehicles han d\u2019aparcar a dins de l\u2019espai de la seva parcel\u00b7la. La velocitat dels vehicles no podr\u00e0 superar mai els 10 km\/h. Queda prohibida la circulaci\u00f3 interior i l\u2019entrada i sortida de vehicles del c\u00e0mping de 24 h. a 8 h. Durant aquest per\u00edode de temps l\u2019acc\u00e9s de cotxes al c\u00e0mping romandr\u00e0 tancat. Es prohibeix l\u2019\u00fas de patinets a motor i\/o el\u00e8ctrics a menors de 16 anys i l\u2019\u00fas de mini motos en tots els casos. Queda prohibida l\u2019entrada al c\u00e0mping de cap vehicle de motor o de lloguer que no estigui declarat en la fitxa d\u2019entrada.<\/p>\n<p><strong>Hores de silenci<\/strong>: Entre les 22 h. i les 8 h. \u00e9s obligatori procurar com m\u00e9s silenci millor. Tamb\u00e9 s\u2019hauran de respectar les hores de descans d\u2019entre 14 h. i 16 h. Per tal de no molestar els ve\u00efns, els aparells com ara les televisions o les r\u00e0dios hauran de tenir un volum baix. Els sistemes d\u2019aire condicionat que no estiguin degudament insonoritzats tamb\u00e9 hauran de ser apagats durant les hores de silenci.<\/p>\n<p><strong>Fonts d\u2019aigua<\/strong>: Les fonts de c\u00e0mping subministren aigua potable i nom\u00e9s s\u00f3n per a l\u2019\u00fas exclusiu de recollida d\u2019aigua. Per motius d\u2019higiene no es poden utilitzar les fonts per a cap tipus d\u2019higiene personal, ni per netejar roba ni plats. Per a aquest tipus de serveis es disposa d\u2019una zona habilitada amb piques a la zona posterior dels blocs sanitaris. Tampoc podran usar-se les fonts d\u2019aigua per buidar cap tipus de subst\u00e0ncia (W.C. qu\u00edmics, restes de menjar, etc.). Per a tots aquests elements ja es disposen de contenidors en zones habilitades expressament per a aquesta finalitat.<\/p>\n<p><strong>Aig\u00fces residuals:<\/strong> Els sanitaris disposen d\u2019abocadors especials per als lavabos qu\u00edmics. Queda totalment prohibit abocar el seu contingut en qualsevol altre lloc.<\/p>\n<p><strong>Barbacoes<\/strong>: S\u2019autoritza l\u2019\u00fas de barbacoes dins de la mateixa parcel\u00b7la sempre que aquesta sigui el\u00e8ctrica o de gas. Mai es podran fer servir les barbacoes de fusta o de carb\u00f3. Est\u00e0 totalment prohibit fer foc directament a terra. En els dies de fort vent tamb\u00e9 queda expressament prohibit encendre qualsevol tipus de barbacoa. A m\u00e9s a m\u00e9s, la recepci\u00f3 es reserva el dret a prohibir l\u2019\u00fas de barbacoes sempre que ho consideri convenient per motius de seguretat.<\/p>\n<p><strong>Subministrament el\u00e8ctric<\/strong>: Queda prohibit connectar un endoll que no sigui apropiat a les caixes el\u00e8ctriques. La Direcci\u00f3 del c\u00e0mping es reserva el dret de prohibir el subministrament el\u00e8ctric als clients que no tinguin una instal\u00b7laci\u00f3 el\u00e8ctrica en perfectes condicions. Cada parcel\u00b7la disposa d\u2019una \u00fanica connexi\u00f3 d\u2019electricitat. Per raons de seguretat les caixes el\u00e8ctriques hauran de romandre sempre tancades, i nom\u00e9s el personal autoritzat podr\u00e0 manipular-les. Els cables el\u00e8ctrics han de tenir presa de terra i han d\u2019estar degudament a\u00efllats.<\/p>\n<p><strong>Escombraries<\/strong>: Les escombraries s\u2019hauran de dipositar en les galledes degudament tancades en bosses de pl\u00e0stic. Mai es podr\u00e0 llen\u00e7ar brossa directament a la galleda ni en el s\u00f2l de la parcel\u00b7la. A la zona dels edificis sanitaris disposen de contenidors de recollida selectiva d\u2019escombraries.<\/p>\n<p><strong>Assegurances:<\/strong> La Direcci\u00f3 declina tota responsabilitat eventual en el cas de robatori, accident o danys a persones i objectes materials provocats per tercers aliens a l\u2019establiment, ni de danys causats per tempestes, pedregades, incendis o altres causes de for\u00e7a major. La Direcci\u00f3 tampoc es far\u00e0 responsable dels danys que puguin patir els vehicles per topar amb vorades, arbres, branques o qualsevol altre element del c\u00e0mping. La recepci\u00f3 disposa de lloguer de \u201ccaixes de seguretat\u201d per a l\u2019\u00fas dels clients.<\/p>\n<p><strong>Gossos:<\/strong> No s\u2019accepten gossos ni en els Mobilhomes ni en els Lodge. En el cas de les parcel\u00b7les s\u00ed que s\u2019autoritza l\u2019estada de gossos sempre que disposin de la documentaci\u00f3 pertinent, no causin mol\u00e8sties als ve\u00efns i no siguin de cap ra\u00e7a considerada perillosa per la legislaci\u00f3 espanyola vigent. Dins el c\u00e0mping els responsables hauran de portar sempre els seus gossos lligats, tant en els espais comuns com en les parcel\u00b7les. S\u2019ha de respectar la neteja i higiene del c\u00e0mping. Per a aix\u00f2 hauran de treure els animals fora del c\u00e0mping perqu\u00e8 facin les seves necessitats i recollir els excrements adequadament.<\/p>\n<p><strong>Piscina:<\/strong> La piscina \u00e9s oberta di\u00e0riament de 9 h. a 20 h. Els menors de 12 anys no poden utilitzar la piscina si no van acompanyats d\u2019un adult responsable. La piscina no disposa de socorrista. Qualsevol incident o anomalia que pugui passar s\u2019haur\u00e0 de comunicar immediatament a recepci\u00f3. Queda totalment prohibit l\u2019\u00fas de gots de vidre, i tampoc es permeten els matalassos inflables ni banyar-se amb samarreta. Estan prohibits els animals en tot el recinte de la piscina i sol\u00e0rium, aix\u00ed com deixar les bicicletes i jugar a la pilota al sol\u00e0rium. Per motius d\u2019higiene \u00e9s necessari dutxar-se abans de banyar-se a la piscina. La Direcci\u00f3 del c\u00e0mping es reserva el dret d\u2019admissi\u00f3 i expulsi\u00f3 en cas d\u2019incompliment del reglament.<\/p>\n<p><strong>Desocupaci\u00f3 de caravanes:<\/strong> No es podran deixar tendes o caravanes desocupades al c\u00e0mping durant m\u00e9s de 24 hores sense posar el fet en coneixement de la recepci\u00f3, que podr\u00e0 acceptar l\u2019abs\u00e8ncia en les condicions que s\u2019indiquin o obligar el client a sortir del terreny amb totes les seves pertinences.<\/p>\n<p>En tot moment es respectar\u00e0 i mantindr\u00e0 l\u2019ordre al c\u00e0mping, aix\u00ed com el compliment d\u2019aquest reglament. Romandre en el terreny d\u2019acampada suposa la conformitat i l\u2019acceptaci\u00f3 expressa d\u2019aquestes condicions.<\/p>\n<p>La Direcci\u00f3 del c\u00e0mping es reserva el dret de realitzar qualsevol modificaci\u00f3 en el present Reglament.[\/vc_column_text][\/vc_column][\/vc_row][vc_row][vc_column width=&#8221;1\/1&#8243;][uncode_block id=&#8221;83903&#8243;][\/vc_column][\/vc_row]<\/p>\n<\/div>","protected":false},"excerpt":{"rendered":"<p>[vc_row row_height_percent=&#8221;0&#8243; override_padding=&#8221;yes&#8221; h_padding=&#8221;2&#8243; top_padding=&#8221;3&#8243; bottom_padding=&#8221;3&#8243; overlay_alpha=&#8221;50&#8243; gutter_size=&#8221;3&#8243; column_width_percent=&#8221;100&#8243; shift_y=&#8221;0&#8243; z_index=&#8221;0&#8243; uncode_shortcode_id=&#8221;211939&#8243; shape_dividers=&#8221;&#8221;][vc_column width=&#8221;1\/1&#8243;][vc_custom_heading text_size=&#8221;h3&#8243; uncode_shortcode_id=&#8221;174697&#8243;]REGLAMENT INTERN DEL C\u00c0MPING RODAS[\/vc_custom_heading][vc_column_text [&hellip;]<\/p>\n","protected":false},"author":2,"featured_media":83830,"parent":0,"menu_order":92,"comment_status":"closed","ping_status":"closed","template":"","meta":{"footnotes":""},"class_list":["post-85219","page","type-page","status-publish","has-post-thumbnail","hentry"],"yoast_head":"<!-- This site is optimized with the Yoast SEO plugin v25.2 - https:\/\/yoast.com\/wordpress\/plugins\/seo\/ -->\n<title>Reglament - Camping Rodas | Roses |\u00a0Costa brava<\/title>\n<meta name=\"robots\" content=\"index, follow, max-snippet:-1, max-image-preview:large, max-video-preview:-1\" \/>\n<link rel=\"canonical\" href=\"https:\/\/www.campingrodas.com\/ca\/reglament\/\" \/>\n<meta property=\"og:locale\" content=\"ca_ES\" \/>\n<meta property=\"og:type\" content=\"article\" \/>\n<meta property=\"og:title\" content=\"Reglament - Camping Rodas | Roses |\u00a0Costa brava\" \/>\n<meta property=\"og:description\" content=\"[vc_row row_height_percent=&#8221;0&#8243; override_padding=&#8221;yes&#8221; h_padding=&#8221;2&#8243; top_padding=&#8221;3&#8243; bottom_padding=&#8221;3&#8243; overlay_alpha=&#8221;50&#8243; gutter_size=&#8221;3&#8243; column_width_percent=&#8221;100&#8243; shift_y=&#8221;0&#8243; z_index=&#8221;0&#8243; uncode_shortcode_id=&#8221;211939&#8243; shape_dividers=&#8221;&#8221;][vc_column width=&#8221;1\/1&#8243;][vc_custom_heading text_size=&#8221;h3&#8243; uncode_shortcode_id=&#8221;174697&#8243;]REGLAMENT INTERN DEL C\u00c0MPING RODAS[\/vc_custom_heading][vc_column_text [&hellip;]\" \/>\n<meta property=\"og:url\" content=\"https:\/\/www.campingrodas.com\/ca\/reglament\/\" \/>\n<meta property=\"og:site_name\" content=\"Camping Rodas | Roses |\u00a0Costa brava\" \/>\n<meta property=\"article:publisher\" content=\"https:\/\/www.facebook.com\/campingrodas\" \/>\n<meta property=\"og:image\" content=\"https:\/\/www.campingrodas.com\/wp-content\/uploads\/2022\/05\/camping-rodas_header_benvinguts.jpg\" \/>\n\t<meta property=\"og:image:width\" content=\"2000\" \/>\n\t<meta property=\"og:image:height\" content=\"750\" \/>\n\t<meta property=\"og:image:type\" content=\"image\/jpeg\" \/>\n<meta name=\"twitter:card\" content=\"summary_large_image\" \/>\n<meta name=\"twitter:site\" content=\"@campingrodas\" \/>\n<meta name=\"twitter:label1\" content=\"Temps estimat de lectura\" \/>\n\t<meta name=\"twitter:data1\" content=\"6 minuts\" \/>\n<script type=\"application\/ld+json\" class=\"yoast-schema-graph\">{\"@context\":\"https:\/\/schema.org\",\"@graph\":[{\"@type\":\"WebPage\",\"@id\":\"https:\/\/www.campingrodas.com\/ca\/reglament\/\",\"url\":\"https:\/\/www.campingrodas.com\/ca\/reglament\/\",\"name\":\"Reglament - Camping Rodas | Roses |\u00a0Costa brava\",\"isPartOf\":{\"@id\":\"https:\/\/www.campingrodas.com\/ca\/#website\"},\"primaryImageOfPage\":{\"@id\":\"https:\/\/www.campingrodas.com\/ca\/reglament\/#primaryimage\"},\"image\":{\"@id\":\"https:\/\/www.campingrodas.com\/ca\/reglament\/#primaryimage\"},\"thumbnailUrl\":\"https:\/\/www.campingrodas.com\/wp-content\/uploads\/2022\/05\/camping-rodas_header_benvinguts.jpg\",\"datePublished\":\"2022-05-09T12:46:49+00:00\",\"breadcrumb\":{\"@id\":\"https:\/\/www.campingrodas.com\/ca\/reglament\/#breadcrumb\"},\"inLanguage\":\"ca\",\"potentialAction\":[{\"@type\":\"ReadAction\",\"target\":[\"https:\/\/www.campingrodas.com\/ca\/reglament\/\"]}]},{\"@type\":\"ImageObject\",\"inLanguage\":\"ca\",\"@id\":\"https:\/\/www.campingrodas.com\/ca\/reglament\/#primaryimage\",\"url\":\"https:\/\/www.campingrodas.com\/wp-content\/uploads\/2022\/05\/camping-rodas_header_benvinguts.jpg\",\"contentUrl\":\"https:\/\/www.campingrodas.com\/wp-content\/uploads\/2022\/05\/camping-rodas_header_benvinguts.jpg\",\"width\":2000,\"height\":750,\"caption\":\"slider-benvinguts\"},{\"@type\":\"BreadcrumbList\",\"@id\":\"https:\/\/www.campingrodas.com\/ca\/reglament\/#breadcrumb\",\"itemListElement\":[{\"@type\":\"ListItem\",\"position\":1,\"name\":\"Inici\",\"item\":\"https:\/\/www.campingrodas.com\/ca\/\"},{\"@type\":\"ListItem\",\"position\":2,\"name\":\"Reglament\"}]},{\"@type\":\"WebSite\",\"@id\":\"https:\/\/www.campingrodas.com\/ca\/#website\",\"url\":\"https:\/\/www.campingrodas.com\/ca\/\",\"name\":\"Camping Rodas | Roses |\u00a0Costa brava\",\"description\":\"Camping familiar ubicado en el la entrada del pueblo de Roses, muy cerca de la playa de Santa Margarita\",\"publisher\":{\"@id\":\"https:\/\/www.campingrodas.com\/ca\/#organization\"},\"potentialAction\":[{\"@type\":\"SearchAction\",\"target\":{\"@type\":\"EntryPoint\",\"urlTemplate\":\"https:\/\/www.campingrodas.com\/ca\/?s={search_term_string}\"},\"query-input\":{\"@type\":\"PropertyValueSpecification\",\"valueRequired\":true,\"valueName\":\"search_term_string\"}}],\"inLanguage\":\"ca\"},{\"@type\":\"Organization\",\"@id\":\"https:\/\/www.campingrodas.com\/ca\/#organization\",\"name\":\"Camping Rodas\",\"url\":\"https:\/\/www.campingrodas.com\/ca\/\",\"logo\":{\"@type\":\"ImageObject\",\"inLanguage\":\"ca\",\"@id\":\"https:\/\/www.campingrodas.com\/ca\/#\/schema\/logo\/image\/\",\"url\":\"https:\/\/www.campingrodas.com\/wp-content\/uploads\/2022\/04\/camping-rodas_logo_positiu.png\",\"contentUrl\":\"https:\/\/www.campingrodas.com\/wp-content\/uploads\/2022\/04\/camping-rodas_logo_positiu.png\",\"width\":229,\"height\":53,\"caption\":\"Camping Rodas\"},\"image\":{\"@id\":\"https:\/\/www.campingrodas.com\/ca\/#\/schema\/logo\/image\/\"},\"sameAs\":[\"https:\/\/www.facebook.com\/campingrodas\",\"https:\/\/x.com\/campingrodas\",\"https:\/\/www.instagram.com\/campingrodas\/\"]}]}<\/script>\n<!-- \/ Yoast SEO plugin. -->","yoast_head_json":{"title":"Reglament - Camping Rodas | Roses |\u00a0Costa brava","robots":{"index":"index","follow":"follow","max-snippet":"max-snippet:-1","max-image-preview":"max-image-preview:large","max-video-preview":"max-video-preview:-1"},"canonical":"https:\/\/www.campingrodas.com\/ca\/reglament\/","og_locale":"ca_ES","og_type":"article","og_title":"Reglament - Camping Rodas | Roses |\u00a0Costa brava","og_description":"[vc_row row_height_percent=&#8221;0&#8243; override_padding=&#8221;yes&#8221; h_padding=&#8221;2&#8243; top_padding=&#8221;3&#8243; bottom_padding=&#8221;3&#8243; overlay_alpha=&#8221;50&#8243; gutter_size=&#8221;3&#8243; column_width_percent=&#8221;100&#8243; shift_y=&#8221;0&#8243; z_index=&#8221;0&#8243; uncode_shortcode_id=&#8221;211939&#8243; shape_dividers=&#8221;&#8221;][vc_column width=&#8221;1\/1&#8243;][vc_custom_heading text_size=&#8221;h3&#8243; uncode_shortcode_id=&#8221;174697&#8243;]REGLAMENT INTERN DEL C\u00c0MPING RODAS[\/vc_custom_heading][vc_column_text [&hellip;]","og_url":"https:\/\/www.campingrodas.com\/ca\/reglament\/","og_site_name":"Camping Rodas | Roses |\u00a0Costa brava","article_publisher":"https:\/\/www.facebook.com\/campingrodas","og_image":[{"width":2000,"height":750,"url":"https:\/\/www.campingrodas.com\/wp-content\/uploads\/2022\/05\/camping-rodas_header_benvinguts.jpg","type":"image\/jpeg"}],"twitter_card":"summary_large_image","twitter_site":"@campingrodas","twitter_misc":{"Temps estimat de lectura":"6 minuts"},"schema":{"@context":"https:\/\/schema.org","@graph":[{"@type":"WebPage","@id":"https:\/\/www.campingrodas.com\/ca\/reglament\/","url":"https:\/\/www.campingrodas.com\/ca\/reglament\/","name":"Reglament - Camping Rodas | Roses |\u00a0Costa brava","isPartOf":{"@id":"https:\/\/www.campingrodas.com\/ca\/#website"},"primaryImageOfPage":{"@id":"https:\/\/www.campingrodas.com\/ca\/reglament\/#primaryimage"},"image":{"@id":"https:\/\/www.campingrodas.com\/ca\/reglament\/#primaryimage"},"thumbnailUrl":"https:\/\/www.campingrodas.com\/wp-content\/uploads\/2022\/05\/camping-rodas_header_benvinguts.jpg","datePublished":"2022-05-09T12:46:49+00:00","breadcrumb":{"@id":"https:\/\/www.campingrodas.com\/ca\/reglament\/#breadcrumb"},"inLanguage":"ca","potentialAction":[{"@type":"ReadAction","target":["https:\/\/www.campingrodas.com\/ca\/reglament\/"]}]},{"@type":"ImageObject","inLanguage":"ca","@id":"https:\/\/www.campingrodas.com\/ca\/reglament\/#primaryimage","url":"https:\/\/www.campingrodas.com\/wp-content\/uploads\/2022\/05\/camping-rodas_header_benvinguts.jpg","contentUrl":"https:\/\/www.campingrodas.com\/wp-content\/uploads\/2022\/05\/camping-rodas_header_benvinguts.jpg","width":2000,"height":750,"caption":"slider-benvinguts"},{"@type":"BreadcrumbList","@id":"https:\/\/www.campingrodas.com\/ca\/reglament\/#breadcrumb","itemListElement":[{"@type":"ListItem","position":1,"name":"Inici","item":"https:\/\/www.campingrodas.com\/ca\/"},{"@type":"ListItem","position":2,"name":"Reglament"}]},{"@type":"WebSite","@id":"https:\/\/www.campingrodas.com\/ca\/#website","url":"https:\/\/www.campingrodas.com\/ca\/","name":"Camping Rodas | Roses |\u00a0Costa brava","description":"Camping familiar ubicado en el la entrada del pueblo de Roses, muy cerca de la playa de Santa Margarita","publisher":{"@id":"https:\/\/www.campingrodas.com\/ca\/#organization"},"potentialAction":[{"@type":"SearchAction","target":{"@type":"EntryPoint","urlTemplate":"https:\/\/www.campingrodas.com\/ca\/?s={search_term_string}"},"query-input":{"@type":"PropertyValueSpecification","valueRequired":true,"valueName":"search_term_string"}}],"inLanguage":"ca"},{"@type":"Organization","@id":"https:\/\/www.campingrodas.com\/ca\/#organization","name":"Camping Rodas","url":"https:\/\/www.campingrodas.com\/ca\/","logo":{"@type":"ImageObject","inLanguage":"ca","@id":"https:\/\/www.campingrodas.com\/ca\/#\/schema\/logo\/image\/","url":"https:\/\/www.campingrodas.com\/wp-content\/uploads\/2022\/04\/camping-rodas_logo_positiu.png","contentUrl":"https:\/\/www.campingrodas.com\/wp-content\/uploads\/2022\/04\/camping-rodas_logo_positiu.png","width":229,"height":53,"caption":"Camping Rodas"},"image":{"@id":"https:\/\/www.campingrodas.com\/ca\/#\/schema\/logo\/image\/"},"sameAs":["https:\/\/www.facebook.com\/campingrodas","https:\/\/x.com\/campingrodas","https:\/\/www.instagram.com\/campingrodas\/"]}]}},"_links":{"self":[{"href":"https:\/\/www.campingrodas.com\/ca\/wp-json\/wp\/v2\/pages\/85219","targetHints":{"allow":["GET"]}}],"collection":[{"href":"https:\/\/www.campingrodas.com\/ca\/wp-json\/wp\/v2\/pages"}],"about":[{"href":"https:\/\/www.campingrodas.com\/ca\/wp-json\/wp\/v2\/types\/page"}],"author":[{"embeddable":true,"href":"https:\/\/www.campingrodas.com\/ca\/wp-json\/wp\/v2\/users\/2"}],"replies":[{"embeddable":true,"href":"https:\/\/www.campingrodas.com\/ca\/wp-json\/wp\/v2\/comments?post=85219"}],"version-history":[{"count":0,"href":"https:\/\/www.campingrodas.com\/ca\/wp-json\/wp\/v2\/pages\/85219\/revisions"}],"wp:featuredmedia":[{"embeddable":true,"href":"https:\/\/www.campingrodas.com\/ca\/wp-json\/wp\/v2\/media\/83830"}],"wp:attachment":[{"href":"https:\/\/www.campingrodas.com\/ca\/wp-json\/wp\/v2\/media?parent=85219"}],"curies":[{"name":"wp","href":"https:\/\/api.w.org\/{rel}","templated":true}]}}