{"id":85210,"date":"2022-05-09T10:40:20","date_gmt":"2022-05-09T08:40:20","guid":{"rendered":"https:\/\/rodas.efimatica.com\/benvinguts\/"},"modified":"2022-08-11T12:37:11","modified_gmt":"2022-08-11T10:37:11","slug":"benvinguts","status":"publish","type":"page","link":"https:\/\/www.campingrodas.com\/ca\/benvinguts\/","title":{"rendered":"Benvinguts"},"content":{"rendered":"<div class=\"wpb-content-wrapper\"><p>[vc_row row_height_percent=&#8221;0&#8243; override_padding=&#8221;yes&#8221; h_padding=&#8221;2&#8243; top_padding=&#8221;3&#8243; bottom_padding=&#8221;2&#8243; overlay_alpha=&#8221;50&#8243; gutter_size=&#8221;3&#8243; column_width_percent=&#8221;100&#8243; shift_y=&#8221;0&#8243; z_index=&#8221;0&#8243; uncode_shortcode_id=&#8221;165558&#8243;][vc_column width=&#8221;1\/2&#8243;][vc_single_image media=&#8221;83838&#8243; media_width_percent=&#8221;100&#8243; advanced=&#8221;yes&#8221; media_overlay_opacity=&#8221;30&#8243; media_padding=&#8221;2&#8243; uncode_shortcode_id=&#8221;183656&#8243;][\/vc_column][vc_column width=&#8221;1\/2&#8243;][vc_custom_heading text_size=&#8221;h5&#8243; uncode_shortcode_id=&#8221;157245&#8243; subheading=&#8221;El <b>C\u00e0mping Rodas<\/b> \u00e9s un <b>c\u00e0mping<\/b> ubicat a l\u2019entrada de la vila de <b>Roses<\/b> (Alt Empord\u00e0, Girona), molt a prop de la platja. \u00c9s un lloc ideal per gaudir de les vacances amb la fam\u00edlia o els amics allotjant-vos en una de les nostres parcel\u00b7les envoltades d\u2019arbres, en una de les nostres tendes Lodge o en una confortable mobilhome. Ubicat en un entorn tranquil aquest indret de la Costa Brava \u00e9s perfecte per a relaxar-se i gaudir de tota l\u2019oferta paisatg\u00edstica, cultural, gastron\u00f2mica i l\u00fadica d\u2019aquesta zona tan privilegiada i \u00fanica: la incomparable <b>badia de Roses<\/b>.&#8221;]C\u00c0MPING RODAS[\/vc_custom_heading][\/vc_column][\/vc_row][vc_row row_height_percent=&#8221;0&#8243; back_color=&#8221;color-gris&#8221; overlay_alpha=&#8221;50&#8243; gutter_size=&#8221;3&#8243; column_width_percent=&#8221;100&#8243; shift_y=&#8221;0&#8243; z_index=&#8221;0&#8243; uncode_shortcode_id=&#8221;305930&#8243; back_color_type=&#8221;uncode-palette&#8221;][vc_column width=&#8221;1\/2&#8243;][vc_custom_heading text_size=&#8221;h5&#8243; uncode_shortcode_id=&#8221;137687&#8243; subheading=&#8221;Allotjar-te al C\u00e0mping Rodas suposa fer una immersi\u00f3 per a descobrir tots els encants de la <b>Costa Brava<\/b>. L\u2019allotjament es troba localitzat a l\u2019entrada del poble de <b>Roses<\/b>, envoltat d\u2019una llarga llista de llocs d\u2019inter\u00e8s, aix\u00ed com natura, gastronomia, pobles hist\u00f2rics i museus. A m\u00e9s, es troba a tan sols 500 metres de la platja de Santa Margarida, una de les m\u00e9s conegudes de l\u2019Alt Empord\u00e0!<\/p>\n<p>No dubteu en demanar m\u00e9s informaci\u00f3 a l\u2019equip de professionals que treballa al c\u00e0mping i us assessorarem perqu\u00e8 pugueu espr\u00e9mer la magn\u00edfica Costa Brava i la Badia de Roses, reconeguda oficialment com una de les m\u00e9s belles del m\u00f3n.&#8221; text_color_type=&#8221;uncode-palette&#8221; text_color_solid=&#8221;#ff0000&#8243;]DESCOBRINT LA COSTA BRAVA[\/vc_custom_heading][\/vc_column][vc_column width=&#8221;1\/2&#8243;][vc_single_image media=&#8221;83851&#8243; media_width_percent=&#8221;100&#8243; advanced=&#8221;yes&#8221; media_overlay_opacity=&#8221;30&#8243; media_padding=&#8221;2&#8243; uncode_shortcode_id=&#8221;165537&#8243;][\/vc_column][\/vc_row][vc_row row_height_percent=&#8221;0&#8243; overlay_alpha=&#8221;50&#8243; gutter_size=&#8221;3&#8243; column_width_percent=&#8221;100&#8243; shift_y=&#8221;0&#8243; z_index=&#8221;0&#8243; uncode_shortcode_id=&#8221;787297&#8243;][vc_column width=&#8221;1\/2&#8243;][vc_single_image media=&#8221;83858&#8243; media_width_percent=&#8221;100&#8243; advanced=&#8221;yes&#8221; media_overlay_opacity=&#8221;30&#8243; media_padding=&#8221;2&#8243; uncode_shortcode_id=&#8221;200440&#8243;][\/vc_column][vc_column width=&#8221;1\/2&#8243;][vc_custom_heading text_size=&#8221;h5&#8243; uncode_shortcode_id=&#8221;534320&#8243; subheading=&#8221;Al C\u00e0mping Rodas volem oferir als nostres visitants una estada ideal en tots els aspectes. \u00c9s per aix\u00f2 que, a m\u00e9s de tots els serveis habituals del c\u00e0mping, oferim la possibilitat de gaudir de l\u2019entorn, un <b>paratge natural agradable i verd<\/b>.<\/p>\n<p>En aquesta l\u00ednia, cal destacar que totes les nostres parcel\u00b7les estan delimitades amb una s\u00e8rie d\u2019elements de vegetaci\u00f3. El fet d\u2019<b>envoltar l\u2019espai amb arbres<\/b> fa que atorguem l\u2019ombra necess\u00e0ria als hostes per a suportar millor els dies m\u00e9s calorosos d\u2019estiu.&#8221; text_color_type=&#8221;uncode-palette&#8221; text_color_solid=&#8221;#ff0000&#8243;]ENTORN TRANQUIL I NATURAL[\/vc_custom_heading][\/vc_column][\/vc_row][vc_row row_height_percent=&#8221;0&#8243; overlay_alpha=&#8221;50&#8243; gutter_size=&#8221;3&#8243; column_width_percent=&#8221;100&#8243; shift_y=&#8221;0&#8243; z_index=&#8221;0&#8243; uncode_shortcode_id=&#8221;166984&#8243;][vc_column width=&#8221;1\/2&#8243;][vc_custom_heading text_size=&#8221;h5&#8243; uncode_shortcode_id=&#8221;207240&#8243; subheading=&#8221;Tots els serveis necessaris per a la vostra estada els trobareu al C\u00e0mping Rodas i als seus voltants. A part de tots aquells serveis per a la <b>comoditat de l\u2019allotjament i la higiene<\/b>, al c\u00e0mping tamb\u00e9 podeu disposar d\u2019una s\u00e8rie de serveis que ajudaran a fer que gaudiu al m\u00e0xim del vostre pas pel c\u00e0mping: un bar-restaurant, una terrassa, un parell de piscines, la zona infantil, una botiga i tamb\u00e9 la possibilitat de llogar bicicletes per fer una divertida ruta amb fam\u00edlia. A poca dist\u00e0ncia del c\u00e0mping tamb\u00e9 hi podreu trobar supermercats, platges i tota mena de comer\u00e7os i serveis.&#8221;]TOT ALL\u00d2 QUE CAL PER TENIR UNA BONA ESTADA[\/vc_custom_heading][\/vc_column][vc_column width=&#8221;1\/2&#8243;][vc_single_image media=&#8221;83864&#8243; media_width_percent=&#8221;100&#8243; advanced=&#8221;yes&#8221; media_overlay_opacity=&#8221;30&#8243; media_padding=&#8221;2&#8243; uncode_shortcode_id=&#8221;182886&#8243;][\/vc_column][\/vc_row][vc_row][vc_column width=&#8221;1\/1&#8243;][uncode_block id=&#8221;83903&#8243;][\/vc_column][\/vc_row]<\/p>\n<\/div>","protected":false},"excerpt":{"rendered":"<p>[vc_row row_height_percent=&#8221;0&#8243; override_padding=&#8221;yes&#8221; h_padding=&#8221;2&#8243; top_padding=&#8221;3&#8243; bottom_padding=&#8221;2&#8243; overlay_alpha=&#8221;50&#8243; gutter_size=&#8221;3&#8243; column_width_percent=&#8221;100&#8243; shift_y=&#8221;0&#8243; z_index=&#8221;0&#8243; uncode_shortcode_id=&#8221;165558&#8243;][vc_column width=&#8221;1\/2&#8243;][vc_single_image media=&#8221;83838&#8243; media_width_percent=&#8221;100&#8243; advanced=&#8221;yes&#8221; media_overlay_opacity=&#8221;30&#8243; media_padding=&#8221;2&#8243; uncode_shortcode_id=&#8221;183656&#8243;][\/vc_column][vc_column width=&#8221;1\/2&#8243;][vc_custom_heading [&hellip;]<\/p>\n","protected":false},"author":2,"featured_media":83830,"parent":0,"menu_order":110,"comment_status":"closed","ping_status":"closed","template":"","meta":{"footnotes":""},"class_list":["post-85210","page","type-page","status-publish","has-post-thumbnail","hentry"],"yoast_head":"<!-- This site is optimized with the Yoast SEO plugin v25.2 - https:\/\/yoast.com\/wordpress\/plugins\/seo\/ -->\n<title>Benvinguts - Camping Rodas | Roses |\u00a0Costa brava<\/title>\n<meta name=\"robots\" content=\"index, follow, max-snippet:-1, max-image-preview:large, max-video-preview:-1\" \/>\n<link rel=\"canonical\" href=\"https:\/\/www.campingrodas.com\/ca\/benvinguts\/\" \/>\n<meta property=\"og:locale\" content=\"ca_ES\" \/>\n<meta property=\"og:type\" content=\"article\" \/>\n<meta property=\"og:title\" content=\"Benvinguts - Camping Rodas | Roses |\u00a0Costa brava\" \/>\n<meta property=\"og:description\" content=\"[vc_row row_height_percent=&#8221;0&#8243; override_padding=&#8221;yes&#8221; h_padding=&#8221;2&#8243; top_padding=&#8221;3&#8243; bottom_padding=&#8221;2&#8243; overlay_alpha=&#8221;50&#8243; gutter_size=&#8221;3&#8243; column_width_percent=&#8221;100&#8243; shift_y=&#8221;0&#8243; z_index=&#8221;0&#8243; uncode_shortcode_id=&#8221;165558&#8243;][vc_column width=&#8221;1\/2&#8243;][vc_single_image media=&#8221;83838&#8243; media_width_percent=&#8221;100&#8243; advanced=&#8221;yes&#8221; media_overlay_opacity=&#8221;30&#8243; media_padding=&#8221;2&#8243; uncode_shortcode_id=&#8221;183656&#8243;][\/vc_column][vc_column width=&#8221;1\/2&#8243;][vc_custom_heading [&hellip;]\" \/>\n<meta property=\"og:url\" content=\"https:\/\/www.campingrodas.com\/ca\/benvinguts\/\" \/>\n<meta property=\"og:site_name\" content=\"Camping Rodas | Roses |\u00a0Costa brava\" \/>\n<meta property=\"article:publisher\" content=\"https:\/\/www.facebook.com\/campingrodas\" \/>\n<meta property=\"article:modified_time\" content=\"2022-08-11T10:37:11+00:00\" \/>\n<meta property=\"og:image\" content=\"https:\/\/www.campingrodas.com\/wp-content\/uploads\/2022\/05\/camping-rodas_header_benvinguts.jpg\" \/>\n\t<meta property=\"og:image:width\" content=\"2000\" \/>\n\t<meta property=\"og:image:height\" content=\"750\" \/>\n\t<meta property=\"og:image:type\" content=\"image\/jpeg\" \/>\n<meta name=\"twitter:card\" content=\"summary_large_image\" \/>\n<meta name=\"twitter:site\" content=\"@campingrodas\" \/>\n<meta name=\"twitter:label1\" content=\"Temps estimat de lectura\" \/>\n\t<meta name=\"twitter:data1\" content=\"4 minuts\" \/>\n<script type=\"application\/ld+json\" class=\"yoast-schema-graph\">{\"@context\":\"https:\/\/schema.org\",\"@graph\":[{\"@type\":\"WebPage\",\"@id\":\"https:\/\/www.campingrodas.com\/ca\/benvinguts\/\",\"url\":\"https:\/\/www.campingrodas.com\/ca\/benvinguts\/\",\"name\":\"Benvinguts - Camping Rodas | Roses |\u00a0Costa brava\",\"isPartOf\":{\"@id\":\"https:\/\/www.campingrodas.com\/ca\/#website\"},\"primaryImageOfPage\":{\"@id\":\"https:\/\/www.campingrodas.com\/ca\/benvinguts\/#primaryimage\"},\"image\":{\"@id\":\"https:\/\/www.campingrodas.com\/ca\/benvinguts\/#primaryimage\"},\"thumbnailUrl\":\"https:\/\/www.campingrodas.com\/wp-content\/uploads\/2022\/05\/camping-rodas_header_benvinguts.jpg\",\"datePublished\":\"2022-05-09T08:40:20+00:00\",\"dateModified\":\"2022-08-11T10:37:11+00:00\",\"breadcrumb\":{\"@id\":\"https:\/\/www.campingrodas.com\/ca\/benvinguts\/#breadcrumb\"},\"inLanguage\":\"ca\",\"potentialAction\":[{\"@type\":\"ReadAction\",\"target\":[\"https:\/\/www.campingrodas.com\/ca\/benvinguts\/\"]}]},{\"@type\":\"ImageObject\",\"inLanguage\":\"ca\",\"@id\":\"https:\/\/www.campingrodas.com\/ca\/benvinguts\/#primaryimage\",\"url\":\"https:\/\/www.campingrodas.com\/wp-content\/uploads\/2022\/05\/camping-rodas_header_benvinguts.jpg\",\"contentUrl\":\"https:\/\/www.campingrodas.com\/wp-content\/uploads\/2022\/05\/camping-rodas_header_benvinguts.jpg\",\"width\":2000,\"height\":750,\"caption\":\"slider-benvinguts\"},{\"@type\":\"BreadcrumbList\",\"@id\":\"https:\/\/www.campingrodas.com\/ca\/benvinguts\/#breadcrumb\",\"itemListElement\":[{\"@type\":\"ListItem\",\"position\":1,\"name\":\"Inici\",\"item\":\"https:\/\/www.campingrodas.com\/ca\/\"},{\"@type\":\"ListItem\",\"position\":2,\"name\":\"Benvinguts\"}]},{\"@type\":\"WebSite\",\"@id\":\"https:\/\/www.campingrodas.com\/ca\/#website\",\"url\":\"https:\/\/www.campingrodas.com\/ca\/\",\"name\":\"Camping Rodas | Roses |\u00a0Costa brava\",\"description\":\"Camping familiar ubicado en el la entrada del pueblo de Roses, muy cerca de la playa de Santa Margarita\",\"publisher\":{\"@id\":\"https:\/\/www.campingrodas.com\/ca\/#organization\"},\"potentialAction\":[{\"@type\":\"SearchAction\",\"target\":{\"@type\":\"EntryPoint\",\"urlTemplate\":\"https:\/\/www.campingrodas.com\/ca\/?s={search_term_string}\"},\"query-input\":{\"@type\":\"PropertyValueSpecification\",\"valueRequired\":true,\"valueName\":\"search_term_string\"}}],\"inLanguage\":\"ca\"},{\"@type\":\"Organization\",\"@id\":\"https:\/\/www.campingrodas.com\/ca\/#organization\",\"name\":\"Camping Rodas\",\"url\":\"https:\/\/www.campingrodas.com\/ca\/\",\"logo\":{\"@type\":\"ImageObject\",\"inLanguage\":\"ca\",\"@id\":\"https:\/\/www.campingrodas.com\/ca\/#\/schema\/logo\/image\/\",\"url\":\"https:\/\/www.campingrodas.com\/wp-content\/uploads\/2022\/04\/camping-rodas_logo_positiu.png\",\"contentUrl\":\"https:\/\/www.campingrodas.com\/wp-content\/uploads\/2022\/04\/camping-rodas_logo_positiu.png\",\"width\":229,\"height\":53,\"caption\":\"Camping Rodas\"},\"image\":{\"@id\":\"https:\/\/www.campingrodas.com\/ca\/#\/schema\/logo\/image\/\"},\"sameAs\":[\"https:\/\/www.facebook.com\/campingrodas\",\"https:\/\/x.com\/campingrodas\",\"https:\/\/www.instagram.com\/campingrodas\/\"]}]}<\/script>\n<!-- \/ Yoast SEO plugin. -->","yoast_head_json":{"title":"Benvinguts - Camping Rodas | Roses |\u00a0Costa brava","robots":{"index":"index","follow":"follow","max-snippet":"max-snippet:-1","max-image-preview":"max-image-preview:large","max-video-preview":"max-video-preview:-1"},"canonical":"https:\/\/www.campingrodas.com\/ca\/benvinguts\/","og_locale":"ca_ES","og_type":"article","og_title":"Benvinguts - Camping Rodas | Roses |\u00a0Costa brava","og_description":"[vc_row row_height_percent=&#8221;0&#8243; override_padding=&#8221;yes&#8221; h_padding=&#8221;2&#8243; top_padding=&#8221;3&#8243; bottom_padding=&#8221;2&#8243; overlay_alpha=&#8221;50&#8243; gutter_size=&#8221;3&#8243; column_width_percent=&#8221;100&#8243; shift_y=&#8221;0&#8243; z_index=&#8221;0&#8243; uncode_shortcode_id=&#8221;165558&#8243;][vc_column width=&#8221;1\/2&#8243;][vc_single_image media=&#8221;83838&#8243; media_width_percent=&#8221;100&#8243; advanced=&#8221;yes&#8221; media_overlay_opacity=&#8221;30&#8243; media_padding=&#8221;2&#8243; uncode_shortcode_id=&#8221;183656&#8243;][\/vc_column][vc_column width=&#8221;1\/2&#8243;][vc_custom_heading [&hellip;]","og_url":"https:\/\/www.campingrodas.com\/ca\/benvinguts\/","og_site_name":"Camping Rodas | Roses |\u00a0Costa brava","article_publisher":"https:\/\/www.facebook.com\/campingrodas","article_modified_time":"2022-08-11T10:37:11+00:00","og_image":[{"width":2000,"height":750,"url":"https:\/\/www.campingrodas.com\/wp-content\/uploads\/2022\/05\/camping-rodas_header_benvinguts.jpg","type":"image\/jpeg"}],"twitter_card":"summary_large_image","twitter_site":"@campingrodas","twitter_misc":{"Temps estimat de lectura":"4 minuts"},"schema":{"@context":"https:\/\/schema.org","@graph":[{"@type":"WebPage","@id":"https:\/\/www.campingrodas.com\/ca\/benvinguts\/","url":"https:\/\/www.campingrodas.com\/ca\/benvinguts\/","name":"Benvinguts - Camping Rodas | Roses |\u00a0Costa brava","isPartOf":{"@id":"https:\/\/www.campingrodas.com\/ca\/#website"},"primaryImageOfPage":{"@id":"https:\/\/www.campingrodas.com\/ca\/benvinguts\/#primaryimage"},"image":{"@id":"https:\/\/www.campingrodas.com\/ca\/benvinguts\/#primaryimage"},"thumbnailUrl":"https:\/\/www.campingrodas.com\/wp-content\/uploads\/2022\/05\/camping-rodas_header_benvinguts.jpg","datePublished":"2022-05-09T08:40:20+00:00","dateModified":"2022-08-11T10:37:11+00:00","breadcrumb":{"@id":"https:\/\/www.campingrodas.com\/ca\/benvinguts\/#breadcrumb"},"inLanguage":"ca","potentialAction":[{"@type":"ReadAction","target":["https:\/\/www.campingrodas.com\/ca\/benvinguts\/"]}]},{"@type":"ImageObject","inLanguage":"ca","@id":"https:\/\/www.campingrodas.com\/ca\/benvinguts\/#primaryimage","url":"https:\/\/www.campingrodas.com\/wp-content\/uploads\/2022\/05\/camping-rodas_header_benvinguts.jpg","contentUrl":"https:\/\/www.campingrodas.com\/wp-content\/uploads\/2022\/05\/camping-rodas_header_benvinguts.jpg","width":2000,"height":750,"caption":"slider-benvinguts"},{"@type":"BreadcrumbList","@id":"https:\/\/www.campingrodas.com\/ca\/benvinguts\/#breadcrumb","itemListElement":[{"@type":"ListItem","position":1,"name":"Inici","item":"https:\/\/www.campingrodas.com\/ca\/"},{"@type":"ListItem","position":2,"name":"Benvinguts"}]},{"@type":"WebSite","@id":"https:\/\/www.campingrodas.com\/ca\/#website","url":"https:\/\/www.campingrodas.com\/ca\/","name":"Camping Rodas | Roses |\u00a0Costa brava","description":"Camping familiar ubicado en el la entrada del pueblo de Roses, muy cerca de la playa de Santa Margarita","publisher":{"@id":"https:\/\/www.campingrodas.com\/ca\/#organization"},"potentialAction":[{"@type":"SearchAction","target":{"@type":"EntryPoint","urlTemplate":"https:\/\/www.campingrodas.com\/ca\/?s={search_term_string}"},"query-input":{"@type":"PropertyValueSpecification","valueRequired":true,"valueName":"search_term_string"}}],"inLanguage":"ca"},{"@type":"Organization","@id":"https:\/\/www.campingrodas.com\/ca\/#organization","name":"Camping Rodas","url":"https:\/\/www.campingrodas.com\/ca\/","logo":{"@type":"ImageObject","inLanguage":"ca","@id":"https:\/\/www.campingrodas.com\/ca\/#\/schema\/logo\/image\/","url":"https:\/\/www.campingrodas.com\/wp-content\/uploads\/2022\/04\/camping-rodas_logo_positiu.png","contentUrl":"https:\/\/www.campingrodas.com\/wp-content\/uploads\/2022\/04\/camping-rodas_logo_positiu.png","width":229,"height":53,"caption":"Camping Rodas"},"image":{"@id":"https:\/\/www.campingrodas.com\/ca\/#\/schema\/logo\/image\/"},"sameAs":["https:\/\/www.facebook.com\/campingrodas","https:\/\/x.com\/campingrodas","https:\/\/www.instagram.com\/campingrodas\/"]}]}},"_links":{"self":[{"href":"https:\/\/www.campingrodas.com\/ca\/wp-json\/wp\/v2\/pages\/85210","targetHints":{"allow":["GET"]}}],"collection":[{"href":"https:\/\/www.campingrodas.com\/ca\/wp-json\/wp\/v2\/pages"}],"about":[{"href":"https:\/\/www.campingrodas.com\/ca\/wp-json\/wp\/v2\/types\/page"}],"author":[{"embeddable":true,"href":"https:\/\/www.campingrodas.com\/ca\/wp-json\/wp\/v2\/users\/2"}],"replies":[{"embeddable":true,"href":"https:\/\/www.campingrodas.com\/ca\/wp-json\/wp\/v2\/comments?post=85210"}],"version-history":[{"count":1,"href":"https:\/\/www.campingrodas.com\/ca\/wp-json\/wp\/v2\/pages\/85210\/revisions"}],"predecessor-version":[{"id":87611,"href":"https:\/\/www.campingrodas.com\/ca\/wp-json\/wp\/v2\/pages\/85210\/revisions\/87611"}],"wp:featuredmedia":[{"embeddable":true,"href":"https:\/\/www.campingrodas.com\/ca\/wp-json\/wp\/v2\/media\/83830"}],"wp:attachment":[{"href":"https:\/\/www.campingrodas.com\/ca\/wp-json\/wp\/v2\/media?parent=85210"}],"curies":[{"name":"wp","href":"https:\/\/api.w.org\/{rel}","templated":true}]}}